{"id":2033,"date":"2020-05-19T19:23:08","date_gmt":"2020-05-19T19:23:08","guid":{"rendered":"https:\/\/studenthandbook.fuller.edu\/el-manual-del-estudiante\/ayuda-financiera\/politica-de-ayuda-financiera-y-progreso-academico-satisfactorio\/"},"modified":"2020-05-19T19:23:08","modified_gmt":"2020-05-19T19:23:08","slug":"politica-de-ayuda-financiera-y-progreso-academico-satisfactorio","status":"publish","type":"page","link":"https:\/\/studenthandbook.fuller.edu\/es\/el-manual-del-estudiante\/ayuda-financiera\/politica-de-ayuda-financiera-y-progreso-academico-satisfactorio\/","title":{"rendered":"Pol\u00edtica de Ayuda Financiera y Progreso Acad\u00e9mico Satisfactorio"},"content":{"rendered":"<p>Para ser elegible para una ayuda financiera institucional y federal, usted debe cumplir con la pol\u00edtica de progreso acad\u00e9mico satisfactorio (FASAP). La pol\u00edtica de ayuda financiera de Fuller est\u00e1 dise\u00f1ada para cumplir con las regulaciones federales y por lo tanto es m\u00e1s estricta que la pol\u00edtica de progreso acad\u00e9mico satisfactorio del seminario. En la mayor\u00eda de los casos, si mantiene un GPA acumulativo de 2,50 o m\u00e1s y completa sus cursos, no deber\u00eda tener problemas con la pol\u00edtica de FASAP. Servicios Financieros Estudiantiles (Student Financial Services) mide su progreso acad\u00e9mico cada trimestre de dos maneras:<\/p>\n<h3>GPA acumulativo<\/h3>\n<p>Usted debe mantener un promedio acumulativo de calificaciones de 2,50 o mejor luego de haber tomado 16 unidades en Fuller.<\/p>\n<h3>Tasa de Finalizaci\u00f3n<\/h3>\n<p>Usted debe completar el curso que ha tomado con \u00e9xito. La f\u00f3rmula utilizada para calcular la tasa de finalizaci\u00f3n es: unidades obtenidas + total de unidades intentadas = porcentaje de unidades exitosamente obtenidas.<\/p>\n<p>Las calificaciones que indican una finalizaci\u00f3n exitosa son A, A-, B+, B, B-, C+, C, C, P, SA, y CR. Estas calificaciones se cuentan como unidades intentadas y unidades obtenidas.<\/p>\n<p>Las calificaciones que no representan una finalizaci\u00f3n satisfactoria son Incompletos (I), Holds (H, H1, H2, Hola), Extensiones (IE, IX), calificaiones insuficientes (F, NS, NC), y retiros (W). Estas notas cuentan como unidades intentadas pero no ganadas.<\/p>\n<p>Los dados de baja (DD, DP, Dr), en proceso (IP), e informe retrasado (RD) no cuentan como unidades intentadas u obtenidas.<\/p>\n<p>Las unidades de transferencia cuentan como unidades intentadas y obtenidas.<\/p>\n<p>Las regulaciones federales requieren que todos los cursos de Fuller sean incluidos en el c\u00e1lculo, incluso si es de un programa de grado diferente, o de hace muchos a\u00f1os.<\/p>\n<p>El porcentaje de clases que debe completar satisfactoriamente var\u00eda seg\u00fan su programa de grado y el n\u00famero total de unidades en las que se ha matriculado.<\/p>\n<p>Si usted est\u00e1 inscrito en un programa de maestr\u00eda en cualquier escuela, el Psy D., Psy PH D., o el SIS Th.M, debe completar satisfactoriamente el 75% de su trabajo de curso si ha intentado 24 o m\u00e1s unidades. Si ha tomado menos de 24 unidades, debe completar satisfactoriamente el 60% de su trabajo de curso.<\/p>\n<p>Si usted est\u00e1 matriculado en un programa de doctorado en la Escuela de Teolog\u00eda o Estudios Interculturales, o en los programas D. Min. o Korean D. Min, usted debe completar satisfactoriamente el 75% de todo el trabajo de curso tomado.<\/p>\n<p>Las mediciones de FASAP se realizan durante la primera semana de cada trimestre. Si usted actualmente recibe ayuda financiera y no cumple alg\u00fan requisito, usted recibir\u00e1 una carta de notificaci\u00f3n de Servicios Financieros del Estudiante (SFS).<\/p>\n<p>Consecuencias. Primero se le pondr\u00e1 en Advertencia de Ayuda Financiera si falla en el GPA acumulativo o en las mediciones de tasa de finalizaci\u00f3n. Usted seguir\u00e1 siendo elegible para toda la ayuda financiera institucional y federal aun si es puesto en Advertencia de Ayuda Financiera. Si durante el per\u00edodo de evaluaci\u00f3n del trimestre siguiente usted todav\u00eda permanece por debajo de los requisitos de progreso acad\u00e9mico satisfactorio, ser\u00e1 movido de Advertencia de Ayuda Financiera a Per\u00edodo de Prueba de Ayuda Financiera. En el Per\u00edodo de Prueba de Ayuda Financiera su elegibilidad para obtener ayuda financiera institucional y federal ser\u00e1 totalmente suspendida. Usted no ser\u00e1 elegible hasta que apruebe satisfactoriamente ambas mediciones durante la evaluaci\u00f3n del pr\u00f3ximo trimestre o hasta que presente una petici\u00f3n autorizada y un plan acad\u00e9mico. Incluso si su petici\u00f3n recibe aprobaci\u00f3n, usted puede no ser elegible para recibir fondos de trimestres pasados. La elegibilidad se mide durante la primera semana del trimestre.<\/p>\n<h3>Pol\u00edtica de Peticiones de FASAP<\/h3>\n<p>Las regulaciones federales limitan los tipos de circunstancias en las cuales una exenci\u00f3n FASAP se puede conceder debido a<\/p>\n<ul>\n<li>muerte en la familia<\/li>\n<li>enfermedad o emergencia m\u00e9dica<\/li>\n<li>otros factores de rendimiento fuera de su control.<\/li>\n<\/ul>\n<p>Para solicitarlo, debe presentar la siguiente documentaci\u00f3n:<\/p>\n<ol>\n<li>Una carta explicando las circunstancias excepcionales que afectaron su capacidad para cumplir con los requisitos de progreso acad\u00e9mico satisfactorios.<\/li>\n<li>Una resoluci\u00f3n o plan de acci\u00f3n que explique c\u00f3mo asegurar\u00e1 su \u00e9xito acad\u00e9mico futuro.<\/li>\n<li>Un plan acad\u00e9mico que ha sido creado y aprobado con su asesor acad\u00e9mico.<\/li>\n<li>Documentaci\u00f3n de enfermedad o condici\u00f3n m\u00e9dica. Usted debe proporcionar una carta de su m\u00e9dico confirmando que su condici\u00f3n no obstaculizar\u00e1 su capacidad de desempe\u00f1arse acad\u00e9micamente. La carta debe incluir las fechas en que su condici\u00f3n ha sucedido. Tales fechas deben coincidir con el per\u00edodo en el que no cumpli\u00f3 los requisitos de FASAP.<\/li>\n<\/ol>\n<p>El Equipo de Revisi\u00f3n de Pol\u00edticas revisar\u00e1 la petici\u00f3n o, si el equipo no puede reunirse, el director de Servicios Financieros Estudiantiles tomar\u00e1 una decisi\u00f3n y se le notificar\u00e1 dentro de los 30 d\u00edas de la presentaci\u00f3n. Las decisiones del Equipo de Revisi\u00f3n de Pol\u00edticas o del director son definitivas.<\/p>\n","protected":false},"excerpt":{"rendered":"<p>Para ser elegible para una ayuda financiera institucional y federal, usted debe cumplir con la pol\u00edtica de progreso acad\u00e9mico satisfactorio (FASAP). La pol\u00edtica de ayuda financiera de Fuller est\u00e1 dise\u00f1ada para cumplir con las regulaciones federales y por lo tanto es m\u00e1s estricta que la pol\u00edtica de progreso acad\u00e9mico satisfactorio del seminario. En la mayor\u00eda&hellip;<\/p>\n","protected":false},"author":1,"featured_media":0,"parent":2021,"menu_order":10,"comment_status":"closed","ping_status":"closed","template":"","meta":{"footnotes":""},"class_list":["post-2033","page","type-page","status-publish","hentry"],"yoast_head":"<!-- This site is optimized with the Yoast SEO plugin v27.2 - https:\/\/yoast.com\/product\/yoast-seo-wordpress\/ -->\n<title>Pol\u00edtica de Ayuda Financiera y Progreso Acad\u00e9mico Satisfactorio - Fuller Student Handbook<\/title>\n<meta name=\"robots\" content=\"index, follow, max-snippet:-1, max-image-preview:large, max-video-preview:-1\" \/>\n<link rel=\"canonical\" href=\"https:\/\/studenthandbook.fuller.edu\/es\/el-manual-del-estudiante\/ayuda-financiera\/politica-de-ayuda-financiera-y-progreso-academico-satisfactorio\/\" \/>\n<meta property=\"og:locale\" content=\"es_ES\" \/>\n<meta property=\"og:type\" content=\"article\" \/>\n<meta property=\"og:title\" content=\"Pol\u00edtica de Ayuda Financiera y Progreso Acad\u00e9mico Satisfactorio - Fuller Student Handbook\" \/>\n<meta property=\"og:description\" content=\"Para ser elegible para una ayuda financiera institucional y federal, usted debe cumplir con la pol\u00edtica de progreso acad\u00e9mico satisfactorio (FASAP). La pol\u00edtica de ayuda financiera de Fuller est\u00e1 dise\u00f1ada para cumplir con las regulaciones federales y por lo tanto es m\u00e1s estricta que la pol\u00edtica de progreso acad\u00e9mico satisfactorio del seminario. En la mayor\u00eda&hellip;\" \/>\n<meta property=\"og:url\" content=\"https:\/\/studenthandbook.fuller.edu\/es\/el-manual-del-estudiante\/ayuda-financiera\/politica-de-ayuda-financiera-y-progreso-academico-satisfactorio\/\" \/>\n<meta property=\"og:site_name\" content=\"Fuller Student Handbook\" \/>\n<meta property=\"og:image\" content=\"https:\/\/studenthandbook.fuller.edu\/wp-content\/uploads\/2025\/04\/Fuller-Logo-Purple.jpg\" \/>\n\t<meta property=\"og:image:width\" content=\"1200\" \/>\n\t<meta property=\"og:image:height\" content=\"675\" \/>\n\t<meta property=\"og:image:type\" content=\"image\/jpeg\" \/>\n<meta name=\"twitter:card\" content=\"summary_large_image\" \/>\n<meta name=\"twitter:label1\" content=\"Tiempo de lectura\" \/>\n\t<meta name=\"twitter:data1\" content=\"4 minutos\" \/>\n<script type=\"application\/ld+json\" class=\"yoast-schema-graph\">{\"@context\":\"https:\/\/schema.org\",\"@graph\":[{\"@type\":\"WebPage\",\"@id\":\"https:\/\/studenthandbook.fuller.edu\/es\/el-manual-del-estudiante\/ayuda-financiera\/politica-de-ayuda-financiera-y-progreso-academico-satisfactorio\/\",\"url\":\"https:\/\/studenthandbook.fuller.edu\/es\/el-manual-del-estudiante\/ayuda-financiera\/politica-de-ayuda-financiera-y-progreso-academico-satisfactorio\/\",\"name\":\"Pol\u00edtica de Ayuda Financiera y Progreso Acad\u00e9mico Satisfactorio - Fuller Student Handbook\",\"isPartOf\":{\"@id\":\"https:\/\/studenthandbook.fuller.edu\/es\/#website\"},\"datePublished\":\"2020-05-19T19:23:08+00:00\",\"breadcrumb\":{\"@id\":\"https:\/\/studenthandbook.fuller.edu\/es\/el-manual-del-estudiante\/ayuda-financiera\/politica-de-ayuda-financiera-y-progreso-academico-satisfactorio\/#breadcrumb\"},\"inLanguage\":\"es\",\"potentialAction\":[{\"@type\":\"ReadAction\",\"target\":[\"https:\/\/studenthandbook.fuller.edu\/es\/el-manual-del-estudiante\/ayuda-financiera\/politica-de-ayuda-financiera-y-progreso-academico-satisfactorio\/\"]}]},{\"@type\":\"BreadcrumbList\",\"@id\":\"https:\/\/studenthandbook.fuller.edu\/es\/el-manual-del-estudiante\/ayuda-financiera\/politica-de-ayuda-financiera-y-progreso-academico-satisfactorio\/#breadcrumb\",\"itemListElement\":[{\"@type\":\"ListItem\",\"position\":1,\"name\":\"Home\",\"item\":\"https:\/\/studenthandbook.fuller.edu\/es\/el-manual-del-estudiante\/\"},{\"@type\":\"ListItem\",\"position\":2,\"name\":\"El Manual del Estudiante\",\"item\":\"https:\/\/studenthandbook.fuller.edu\/es\/el-manual-del-estudiante\/\"},{\"@type\":\"ListItem\",\"position\":3,\"name\":\"Ayuda Financiera\",\"item\":\"https:\/\/studenthandbook.fuller.edu\/es\/el-manual-del-estudiante\/ayuda-financiera\/\"},{\"@type\":\"ListItem\",\"position\":4,\"name\":\"Pol\u00edtica de Ayuda Financiera y Progreso Acad\u00e9mico Satisfactorio\"}]},{\"@type\":\"WebSite\",\"@id\":\"https:\/\/studenthandbook.fuller.edu\/es\/#website\",\"url\":\"https:\/\/studenthandbook.fuller.edu\/es\/\",\"name\":\"Fuller Student Handbook\",\"description\":\"\",\"publisher\":{\"@id\":\"https:\/\/studenthandbook.fuller.edu\/es\/#organization\"},\"potentialAction\":[{\"@type\":\"SearchAction\",\"target\":{\"@type\":\"EntryPoint\",\"urlTemplate\":\"https:\/\/studenthandbook.fuller.edu\/es\/?s={search_term_string}\"},\"query-input\":{\"@type\":\"PropertyValueSpecification\",\"valueRequired\":true,\"valueName\":\"search_term_string\"}}],\"inLanguage\":\"es\"},{\"@type\":\"Organization\",\"@id\":\"https:\/\/studenthandbook.fuller.edu\/es\/#organization\",\"name\":\"Fuller Student Handbook\",\"url\":\"https:\/\/studenthandbook.fuller.edu\/es\/\",\"logo\":{\"@type\":\"ImageObject\",\"inLanguage\":\"es\",\"@id\":\"https:\/\/studenthandbook.fuller.edu\/es\/#\/schema\/logo\/image\/\",\"url\":\"https:\/\/studenthandbook.fuller.edu\/wp-content\/uploads\/2025\/04\/Fuller-Logo-Purple-square.jpg\",\"contentUrl\":\"https:\/\/studenthandbook.fuller.edu\/wp-content\/uploads\/2025\/04\/Fuller-Logo-Purple-square.jpg\",\"width\":696,\"height\":696,\"caption\":\"Fuller Student Handbook\"},\"image\":{\"@id\":\"https:\/\/studenthandbook.fuller.edu\/es\/#\/schema\/logo\/image\/\"}}]}<\/script>\n<!-- \/ Yoast SEO plugin. -->","yoast_head_json":{"title":"Pol\u00edtica de Ayuda Financiera y Progreso Acad\u00e9mico Satisfactorio - Fuller Student Handbook","robots":{"index":"index","follow":"follow","max-snippet":"max-snippet:-1","max-image-preview":"max-image-preview:large","max-video-preview":"max-video-preview:-1"},"canonical":"https:\/\/studenthandbook.fuller.edu\/es\/el-manual-del-estudiante\/ayuda-financiera\/politica-de-ayuda-financiera-y-progreso-academico-satisfactorio\/","og_locale":"es_ES","og_type":"article","og_title":"Pol\u00edtica de Ayuda Financiera y Progreso Acad\u00e9mico Satisfactorio - Fuller Student Handbook","og_description":"Para ser elegible para una ayuda financiera institucional y federal, usted debe cumplir con la pol\u00edtica de progreso acad\u00e9mico satisfactorio (FASAP). La pol\u00edtica de ayuda financiera de Fuller est\u00e1 dise\u00f1ada para cumplir con las regulaciones federales y por lo tanto es m\u00e1s estricta que la pol\u00edtica de progreso acad\u00e9mico satisfactorio del seminario. En la mayor\u00eda&hellip;","og_url":"https:\/\/studenthandbook.fuller.edu\/es\/el-manual-del-estudiante\/ayuda-financiera\/politica-de-ayuda-financiera-y-progreso-academico-satisfactorio\/","og_site_name":"Fuller Student Handbook","og_image":[{"width":1200,"height":675,"url":"https:\/\/studenthandbook.fuller.edu\/wp-content\/uploads\/2025\/04\/Fuller-Logo-Purple.jpg","type":"image\/jpeg"}],"twitter_card":"summary_large_image","twitter_misc":{"Tiempo de lectura":"4 minutos"},"schema":{"@context":"https:\/\/schema.org","@graph":[{"@type":"WebPage","@id":"https:\/\/studenthandbook.fuller.edu\/es\/el-manual-del-estudiante\/ayuda-financiera\/politica-de-ayuda-financiera-y-progreso-academico-satisfactorio\/","url":"https:\/\/studenthandbook.fuller.edu\/es\/el-manual-del-estudiante\/ayuda-financiera\/politica-de-ayuda-financiera-y-progreso-academico-satisfactorio\/","name":"Pol\u00edtica de Ayuda Financiera y Progreso Acad\u00e9mico Satisfactorio - Fuller Student Handbook","isPartOf":{"@id":"https:\/\/studenthandbook.fuller.edu\/es\/#website"},"datePublished":"2020-05-19T19:23:08+00:00","breadcrumb":{"@id":"https:\/\/studenthandbook.fuller.edu\/es\/el-manual-del-estudiante\/ayuda-financiera\/politica-de-ayuda-financiera-y-progreso-academico-satisfactorio\/#breadcrumb"},"inLanguage":"es","potentialAction":[{"@type":"ReadAction","target":["https:\/\/studenthandbook.fuller.edu\/es\/el-manual-del-estudiante\/ayuda-financiera\/politica-de-ayuda-financiera-y-progreso-academico-satisfactorio\/"]}]},{"@type":"BreadcrumbList","@id":"https:\/\/studenthandbook.fuller.edu\/es\/el-manual-del-estudiante\/ayuda-financiera\/politica-de-ayuda-financiera-y-progreso-academico-satisfactorio\/#breadcrumb","itemListElement":[{"@type":"ListItem","position":1,"name":"Home","item":"https:\/\/studenthandbook.fuller.edu\/es\/el-manual-del-estudiante\/"},{"@type":"ListItem","position":2,"name":"El Manual del Estudiante","item":"https:\/\/studenthandbook.fuller.edu\/es\/el-manual-del-estudiante\/"},{"@type":"ListItem","position":3,"name":"Ayuda Financiera","item":"https:\/\/studenthandbook.fuller.edu\/es\/el-manual-del-estudiante\/ayuda-financiera\/"},{"@type":"ListItem","position":4,"name":"Pol\u00edtica de Ayuda Financiera y Progreso Acad\u00e9mico Satisfactorio"}]},{"@type":"WebSite","@id":"https:\/\/studenthandbook.fuller.edu\/es\/#website","url":"https:\/\/studenthandbook.fuller.edu\/es\/","name":"Fuller Student Handbook","description":"","publisher":{"@id":"https:\/\/studenthandbook.fuller.edu\/es\/#organization"},"potentialAction":[{"@type":"SearchAction","target":{"@type":"EntryPoint","urlTemplate":"https:\/\/studenthandbook.fuller.edu\/es\/?s={search_term_string}"},"query-input":{"@type":"PropertyValueSpecification","valueRequired":true,"valueName":"search_term_string"}}],"inLanguage":"es"},{"@type":"Organization","@id":"https:\/\/studenthandbook.fuller.edu\/es\/#organization","name":"Fuller Student Handbook","url":"https:\/\/studenthandbook.fuller.edu\/es\/","logo":{"@type":"ImageObject","inLanguage":"es","@id":"https:\/\/studenthandbook.fuller.edu\/es\/#\/schema\/logo\/image\/","url":"https:\/\/studenthandbook.fuller.edu\/wp-content\/uploads\/2025\/04\/Fuller-Logo-Purple-square.jpg","contentUrl":"https:\/\/studenthandbook.fuller.edu\/wp-content\/uploads\/2025\/04\/Fuller-Logo-Purple-square.jpg","width":696,"height":696,"caption":"Fuller Student Handbook"},"image":{"@id":"https:\/\/studenthandbook.fuller.edu\/es\/#\/schema\/logo\/image\/"}}]}},"jetpack_sharing_enabled":true,"_links":{"self":[{"href":"https:\/\/studenthandbook.fuller.edu\/es\/wp-json\/wp\/v2\/pages\/2033","targetHints":{"allow":["GET"]}}],"collection":[{"href":"https:\/\/studenthandbook.fuller.edu\/es\/wp-json\/wp\/v2\/pages"}],"about":[{"href":"https:\/\/studenthandbook.fuller.edu\/es\/wp-json\/wp\/v2\/types\/page"}],"author":[{"embeddable":true,"href":"https:\/\/studenthandbook.fuller.edu\/es\/wp-json\/wp\/v2\/users\/1"}],"replies":[{"embeddable":true,"href":"https:\/\/studenthandbook.fuller.edu\/es\/wp-json\/wp\/v2\/comments?post=2033"}],"version-history":[{"count":0,"href":"https:\/\/studenthandbook.fuller.edu\/es\/wp-json\/wp\/v2\/pages\/2033\/revisions"}],"up":[{"embeddable":true,"href":"https:\/\/studenthandbook.fuller.edu\/es\/wp-json\/wp\/v2\/pages\/2021"}],"wp:attachment":[{"href":"https:\/\/studenthandbook.fuller.edu\/es\/wp-json\/wp\/v2\/media?parent=2033"}],"curies":[{"name":"wp","href":"https:\/\/api.w.org\/{rel}","templated":true}]}}