{"id":1898,"date":"2019-03-12T17:01:00","date_gmt":"2019-03-12T17:01:00","guid":{"rendered":"https:\/\/studenthandbook.fuller.edu\/dejar-el-seminario\/"},"modified":"2019-03-12T17:01:00","modified_gmt":"2019-03-12T17:01:00","slug":"dejar-el-seminario","status":"publish","type":"page","link":"https:\/\/studenthandbook.fuller.edu\/es\/el-manual-del-estudiante\/politicas-academicas\/dejar-el-seminario\/","title":{"rendered":"Dejar el Seminario"},"content":{"rendered":"<p><span data-sheets-value=\"{&quot;1&quot;:2,&quot;2&quot;:&quot;Si usted decide suspender su trabajo en el seminario por cualquier raz\u00f3n, debe notificar a su asesor acad\u00e9mico y asegurarse de que sus cuentas est\u00e1n despejadas. Se aplican procedimientos especiales adicionales a los estudiantes de doctorado de la Facultad de psicolog\u00eda. (consulte el manual del estudiante de psicolog\u00eda cl\u00ednica.)&quot;}\" data-sheets-userformat=\"{&quot;2&quot;:15233,&quot;3&quot;:{&quot;1&quot;:0},&quot;10&quot;:0,&quot;11&quot;:4,&quot;12&quot;:0,&quot;14&quot;:[null,2,3289907],&quot;15&quot;:&quot;Helvetica Neue&quot;,&quot;16&quot;:11}\">Si usted decide suspender su trabajo en el seminario por cualquier raz\u00f3n, debe notificar a su asesor acad\u00e9mico y asegurarse de que sus cuentas est\u00e1n despejadas. Se aplican procedimientos especiales adicionales a los estudiantes de doctorado de la Facultad de psicolog\u00eda. (consulte el manual del estudiante de psicolog\u00eda cl\u00ednica.)<\/span><\/p>\n<p><span data-sheets-value=\"{&quot;1&quot;:2,&quot;2&quot;:&quot;Una vez que est\u00e9 seguro\/a de que no habr\u00e1 consecuencias negativas inesperadas, ret\u00edrese sus clases a trav\u00e9s del proceso de registro en l\u00ednea o env\u00ede su petici\u00f3n para retirarse las clases despu\u00e9s de la fecha l\u00edmite.&quot;}\" data-sheets-userformat=\"{&quot;2&quot;:15235,&quot;3&quot;:{&quot;1&quot;:0},&quot;4&quot;:[null,2,16776960],&quot;10&quot;:0,&quot;11&quot;:4,&quot;12&quot;:0,&quot;14&quot;:[null,2,3289907],&quot;15&quot;:&quot;Helvetica Neue&quot;,&quot;16&quot;:11}\">Una vez que est\u00e9 seguro\/a de que no habr\u00e1 consecuencias negativas inesperadas, ret\u00edrese sus clases a trav\u00e9s del proceso de registro en l\u00ednea o env\u00ede su petici\u00f3n para retirarse las clases despu\u00e9s de la fecha l\u00edmite.<\/span><\/p>\n<p><span data-sheets-value=\"{&quot;1&quot;:2,&quot;2&quot;:&quot;Ausencia Extendida (no matriculaci\u00f3n). Si usted no se matricula (y permanece inscrito) por un per\u00edodo de un a\u00f1o (cuatro trimestres) o m\u00e1s, usted debe solicitar una reinscripci\u00f3n antes de poder matricularse de nuevo. Los detalles est\u00e1n disponibles en la oficina de admisiones. Si usted es reincorporado, debe cumplir con los requisitos de grado vigentes en el momento en que usted reanuda la matr\u00edcula, incluso si difieren de los requisitos vigentes de cuando usted comenz\u00f3. Los cursos que usted tom\u00f3 antes, puede ser que ya no cumplan los mismos requisitos, o puede que tenga que tomar cursos adicionales para cumplir con los nuevos requisitos.&quot;}\" data-sheets-userformat=\"{&quot;2&quot;:15233,&quot;3&quot;:{&quot;1&quot;:0},&quot;10&quot;:0,&quot;11&quot;:4,&quot;12&quot;:0,&quot;14&quot;:[null,2,3289907],&quot;15&quot;:&quot;Helvetica Neue&quot;,&quot;16&quot;:11}\"><strong>Ausencia Extendida (no matriculaci\u00f3n)<\/strong>.Si usted no se matricula (y permanece inscrito) por un per\u00edodo de un a\u00f1o (cuatro trimestres) o m\u00e1s, usted debe solicitar una reinscripci\u00f3n antes de poder matricularse de nuevo. Los detalles est\u00e1n disponibles en la oficina de admisiones. Si usted es reincorporado, debe cumplir con los requisitos de grado vigentes en el momento en que usted reanuda la matr\u00edcula, incluso si difieren de los requisitos vigentes de cuando usted comenz\u00f3. Los cursos que usted tom\u00f3 antes, puede ser que ya no cumplan los mismos requisitos, o puede que tenga que tomar cursos adicionales para cumplir con los nuevos requisitos.<\/span><\/p>\n","protected":false},"excerpt":{"rendered":"<p>Si usted decide suspender su trabajo en el seminario por cualquier raz\u00f3n, debe notificar a su asesor acad\u00e9mico y asegurarse de que sus cuentas est\u00e1n despejadas. Se aplican procedimientos especiales adicionales a los estudiantes de doctorado de la Facultad de psicolog\u00eda. (consulte el manual del estudiante de psicolog\u00eda cl\u00ednica.) Una vez que est\u00e9 seguro\/a de&hellip;<\/p>\n","protected":false},"author":1,"featured_media":0,"parent":2017,"menu_order":8,"comment_status":"closed","ping_status":"closed","template":"","meta":{"footnotes":""},"class_list":["post-1898","page","type-page","status-publish","hentry"],"yoast_head":"<!-- This site is optimized with the Yoast SEO plugin v27.2 - https:\/\/yoast.com\/product\/yoast-seo-wordpress\/ -->\n<title>Dejar el Seminario - Fuller Student Handbook<\/title>\n<meta name=\"robots\" content=\"index, follow, max-snippet:-1, max-image-preview:large, max-video-preview:-1\" \/>\n<link rel=\"canonical\" href=\"https:\/\/studenthandbook.fuller.edu\/es\/el-manual-del-estudiante\/politicas-academicas\/dejar-el-seminario\/\" \/>\n<meta property=\"og:locale\" content=\"es_ES\" \/>\n<meta property=\"og:type\" content=\"article\" \/>\n<meta property=\"og:title\" content=\"Dejar el Seminario - Fuller Student Handbook\" \/>\n<meta property=\"og:description\" content=\"Si usted decide suspender su trabajo en el seminario por cualquier raz\u00f3n, debe notificar a su asesor acad\u00e9mico y asegurarse de que sus cuentas est\u00e1n despejadas. Se aplican procedimientos especiales adicionales a los estudiantes de doctorado de la Facultad de psicolog\u00eda. (consulte el manual del estudiante de psicolog\u00eda cl\u00ednica.) Una vez que est\u00e9 seguro\/a de&hellip;\" \/>\n<meta property=\"og:url\" content=\"https:\/\/studenthandbook.fuller.edu\/es\/el-manual-del-estudiante\/politicas-academicas\/dejar-el-seminario\/\" \/>\n<meta property=\"og:site_name\" content=\"Fuller Student Handbook\" \/>\n<meta property=\"og:image\" content=\"https:\/\/studenthandbook.fuller.edu\/wp-content\/uploads\/2025\/04\/Fuller-Logo-Purple.jpg\" \/>\n\t<meta property=\"og:image:width\" content=\"1200\" \/>\n\t<meta property=\"og:image:height\" content=\"675\" \/>\n\t<meta property=\"og:image:type\" content=\"image\/jpeg\" \/>\n<meta name=\"twitter:card\" content=\"summary_large_image\" \/>\n<meta name=\"twitter:label1\" content=\"Tiempo de lectura\" \/>\n\t<meta name=\"twitter:data1\" content=\"1 minuto\" \/>\n<script type=\"application\/ld+json\" class=\"yoast-schema-graph\">{\"@context\":\"https:\/\/schema.org\",\"@graph\":[{\"@type\":\"WebPage\",\"@id\":\"https:\/\/studenthandbook.fuller.edu\/es\/el-manual-del-estudiante\/politicas-academicas\/dejar-el-seminario\/\",\"url\":\"https:\/\/studenthandbook.fuller.edu\/es\/el-manual-del-estudiante\/politicas-academicas\/dejar-el-seminario\/\",\"name\":\"Dejar el Seminario - Fuller Student Handbook\",\"isPartOf\":{\"@id\":\"https:\/\/studenthandbook.fuller.edu\/es\/#website\"},\"datePublished\":\"2019-03-12T17:01:00+00:00\",\"breadcrumb\":{\"@id\":\"https:\/\/studenthandbook.fuller.edu\/es\/el-manual-del-estudiante\/politicas-academicas\/dejar-el-seminario\/#breadcrumb\"},\"inLanguage\":\"es\",\"potentialAction\":[{\"@type\":\"ReadAction\",\"target\":[\"https:\/\/studenthandbook.fuller.edu\/es\/el-manual-del-estudiante\/politicas-academicas\/dejar-el-seminario\/\"]}]},{\"@type\":\"BreadcrumbList\",\"@id\":\"https:\/\/studenthandbook.fuller.edu\/es\/el-manual-del-estudiante\/politicas-academicas\/dejar-el-seminario\/#breadcrumb\",\"itemListElement\":[{\"@type\":\"ListItem\",\"position\":1,\"name\":\"Home\",\"item\":\"https:\/\/studenthandbook.fuller.edu\/es\/el-manual-del-estudiante\/\"},{\"@type\":\"ListItem\",\"position\":2,\"name\":\"El Manual del Estudiante\",\"item\":\"https:\/\/studenthandbook.fuller.edu\/es\/el-manual-del-estudiante\/\"},{\"@type\":\"ListItem\",\"position\":3,\"name\":\"Pol\u00edticas Acad\u00e9micas\",\"item\":\"https:\/\/studenthandbook.fuller.edu\/es\/el-manual-del-estudiante\/politicas-academicas\/\"},{\"@type\":\"ListItem\",\"position\":4,\"name\":\"Dejar el Seminario\"}]},{\"@type\":\"WebSite\",\"@id\":\"https:\/\/studenthandbook.fuller.edu\/es\/#website\",\"url\":\"https:\/\/studenthandbook.fuller.edu\/es\/\",\"name\":\"Fuller Student Handbook\",\"description\":\"\",\"publisher\":{\"@id\":\"https:\/\/studenthandbook.fuller.edu\/es\/#organization\"},\"potentialAction\":[{\"@type\":\"SearchAction\",\"target\":{\"@type\":\"EntryPoint\",\"urlTemplate\":\"https:\/\/studenthandbook.fuller.edu\/es\/?s={search_term_string}\"},\"query-input\":{\"@type\":\"PropertyValueSpecification\",\"valueRequired\":true,\"valueName\":\"search_term_string\"}}],\"inLanguage\":\"es\"},{\"@type\":\"Organization\",\"@id\":\"https:\/\/studenthandbook.fuller.edu\/es\/#organization\",\"name\":\"Fuller Student Handbook\",\"url\":\"https:\/\/studenthandbook.fuller.edu\/es\/\",\"logo\":{\"@type\":\"ImageObject\",\"inLanguage\":\"es\",\"@id\":\"https:\/\/studenthandbook.fuller.edu\/es\/#\/schema\/logo\/image\/\",\"url\":\"https:\/\/studenthandbook.fuller.edu\/wp-content\/uploads\/2025\/04\/Fuller-Logo-Purple-square.jpg\",\"contentUrl\":\"https:\/\/studenthandbook.fuller.edu\/wp-content\/uploads\/2025\/04\/Fuller-Logo-Purple-square.jpg\",\"width\":696,\"height\":696,\"caption\":\"Fuller Student Handbook\"},\"image\":{\"@id\":\"https:\/\/studenthandbook.fuller.edu\/es\/#\/schema\/logo\/image\/\"}}]}<\/script>\n<!-- \/ Yoast SEO plugin. -->","yoast_head_json":{"title":"Dejar el Seminario - Fuller Student Handbook","robots":{"index":"index","follow":"follow","max-snippet":"max-snippet:-1","max-image-preview":"max-image-preview:large","max-video-preview":"max-video-preview:-1"},"canonical":"https:\/\/studenthandbook.fuller.edu\/es\/el-manual-del-estudiante\/politicas-academicas\/dejar-el-seminario\/","og_locale":"es_ES","og_type":"article","og_title":"Dejar el Seminario - Fuller Student Handbook","og_description":"Si usted decide suspender su trabajo en el seminario por cualquier raz\u00f3n, debe notificar a su asesor acad\u00e9mico y asegurarse de que sus cuentas est\u00e1n despejadas. Se aplican procedimientos especiales adicionales a los estudiantes de doctorado de la Facultad de psicolog\u00eda. (consulte el manual del estudiante de psicolog\u00eda cl\u00ednica.) Una vez que est\u00e9 seguro\/a de&hellip;","og_url":"https:\/\/studenthandbook.fuller.edu\/es\/el-manual-del-estudiante\/politicas-academicas\/dejar-el-seminario\/","og_site_name":"Fuller Student Handbook","og_image":[{"width":1200,"height":675,"url":"https:\/\/studenthandbook.fuller.edu\/wp-content\/uploads\/2025\/04\/Fuller-Logo-Purple.jpg","type":"image\/jpeg"}],"twitter_card":"summary_large_image","twitter_misc":{"Tiempo de lectura":"1 minuto"},"schema":{"@context":"https:\/\/schema.org","@graph":[{"@type":"WebPage","@id":"https:\/\/studenthandbook.fuller.edu\/es\/el-manual-del-estudiante\/politicas-academicas\/dejar-el-seminario\/","url":"https:\/\/studenthandbook.fuller.edu\/es\/el-manual-del-estudiante\/politicas-academicas\/dejar-el-seminario\/","name":"Dejar el Seminario - Fuller Student Handbook","isPartOf":{"@id":"https:\/\/studenthandbook.fuller.edu\/es\/#website"},"datePublished":"2019-03-12T17:01:00+00:00","breadcrumb":{"@id":"https:\/\/studenthandbook.fuller.edu\/es\/el-manual-del-estudiante\/politicas-academicas\/dejar-el-seminario\/#breadcrumb"},"inLanguage":"es","potentialAction":[{"@type":"ReadAction","target":["https:\/\/studenthandbook.fuller.edu\/es\/el-manual-del-estudiante\/politicas-academicas\/dejar-el-seminario\/"]}]},{"@type":"BreadcrumbList","@id":"https:\/\/studenthandbook.fuller.edu\/es\/el-manual-del-estudiante\/politicas-academicas\/dejar-el-seminario\/#breadcrumb","itemListElement":[{"@type":"ListItem","position":1,"name":"Home","item":"https:\/\/studenthandbook.fuller.edu\/es\/el-manual-del-estudiante\/"},{"@type":"ListItem","position":2,"name":"El Manual del Estudiante","item":"https:\/\/studenthandbook.fuller.edu\/es\/el-manual-del-estudiante\/"},{"@type":"ListItem","position":3,"name":"Pol\u00edticas Acad\u00e9micas","item":"https:\/\/studenthandbook.fuller.edu\/es\/el-manual-del-estudiante\/politicas-academicas\/"},{"@type":"ListItem","position":4,"name":"Dejar el Seminario"}]},{"@type":"WebSite","@id":"https:\/\/studenthandbook.fuller.edu\/es\/#website","url":"https:\/\/studenthandbook.fuller.edu\/es\/","name":"Fuller Student Handbook","description":"","publisher":{"@id":"https:\/\/studenthandbook.fuller.edu\/es\/#organization"},"potentialAction":[{"@type":"SearchAction","target":{"@type":"EntryPoint","urlTemplate":"https:\/\/studenthandbook.fuller.edu\/es\/?s={search_term_string}"},"query-input":{"@type":"PropertyValueSpecification","valueRequired":true,"valueName":"search_term_string"}}],"inLanguage":"es"},{"@type":"Organization","@id":"https:\/\/studenthandbook.fuller.edu\/es\/#organization","name":"Fuller Student Handbook","url":"https:\/\/studenthandbook.fuller.edu\/es\/","logo":{"@type":"ImageObject","inLanguage":"es","@id":"https:\/\/studenthandbook.fuller.edu\/es\/#\/schema\/logo\/image\/","url":"https:\/\/studenthandbook.fuller.edu\/wp-content\/uploads\/2025\/04\/Fuller-Logo-Purple-square.jpg","contentUrl":"https:\/\/studenthandbook.fuller.edu\/wp-content\/uploads\/2025\/04\/Fuller-Logo-Purple-square.jpg","width":696,"height":696,"caption":"Fuller Student Handbook"},"image":{"@id":"https:\/\/studenthandbook.fuller.edu\/es\/#\/schema\/logo\/image\/"}}]}},"jetpack_sharing_enabled":true,"_links":{"self":[{"href":"https:\/\/studenthandbook.fuller.edu\/es\/wp-json\/wp\/v2\/pages\/1898","targetHints":{"allow":["GET"]}}],"collection":[{"href":"https:\/\/studenthandbook.fuller.edu\/es\/wp-json\/wp\/v2\/pages"}],"about":[{"href":"https:\/\/studenthandbook.fuller.edu\/es\/wp-json\/wp\/v2\/types\/page"}],"author":[{"embeddable":true,"href":"https:\/\/studenthandbook.fuller.edu\/es\/wp-json\/wp\/v2\/users\/1"}],"replies":[{"embeddable":true,"href":"https:\/\/studenthandbook.fuller.edu\/es\/wp-json\/wp\/v2\/comments?post=1898"}],"version-history":[{"count":0,"href":"https:\/\/studenthandbook.fuller.edu\/es\/wp-json\/wp\/v2\/pages\/1898\/revisions"}],"up":[{"embeddable":true,"href":"https:\/\/studenthandbook.fuller.edu\/es\/wp-json\/wp\/v2\/pages\/2017"}],"wp:attachment":[{"href":"https:\/\/studenthandbook.fuller.edu\/es\/wp-json\/wp\/v2\/media?parent=1898"}],"curies":[{"name":"wp","href":"https:\/\/api.w.org\/{rel}","templated":true}]}}