{"id":1877,"date":"2019-03-04T19:34:23","date_gmt":"2019-03-04T19:34:23","guid":{"rendered":"https:\/\/studenthandbook.fuller.edu\/spanish-registration\/preparacion-para-registrarse\/"},"modified":"2019-03-04T19:34:23","modified_gmt":"2019-03-04T19:34:23","slug":"preparacion-para-registrarse","status":"publish","type":"page","link":"https:\/\/studenthandbook.fuller.edu\/es\/el-manual-del-estudiante\/spanish-registration\/preparacion-para-registrarse\/","title":{"rendered":"Preparaci\u00f3n para registrarse"},"content":{"rendered":"<p><span data-sheets-value=\"{&quot;1&quot;:2,&quot;2&quot;:&quot;Para obtener informaci\u00f3n sobre c\u00f3mo prepararse para el proceso de registro, vaya al sitio web de la Oficina de Registro en http:\/\/www.fuller.edu\/offices\/registrar\/getting-ready-for-registration\/.&quot;}\" data-sheets-userformat=\"{&quot;2&quot;:277249,&quot;3&quot;:{&quot;1&quot;:0},&quot;11&quot;:4,&quot;12&quot;:0,&quot;14&quot;:[null,2,9785202],&quot;15&quot;:&quot;Arial&quot;,&quot;16&quot;:11,&quot;21&quot;:1}\">Para obtener informaci\u00f3n sobre c\u00f3mo prepararse para el proceso de registro, vaya al sitio web de la Oficina de Registro en http:\/\/www.fuller.edu\/offices\/registrar\/getting-ready-for-registration\/.<\/span><\/p>\n","protected":false},"excerpt":{"rendered":"<p>Para obtener informaci\u00f3n sobre c\u00f3mo prepararse para el proceso de registro, vaya al sitio web de la Oficina de Registro en http:\/\/www.fuller.edu\/offices\/registrar\/getting-ready-for-registration\/.<\/p>\n","protected":false},"author":1,"featured_media":0,"parent":1767,"menu_order":2,"comment_status":"closed","ping_status":"closed","template":"","meta":{"footnotes":""},"class_list":["post-1877","page","type-page","status-publish","hentry"],"yoast_head":"<!-- This site is optimized with the Yoast SEO plugin v27.2 - https:\/\/yoast.com\/product\/yoast-seo-wordpress\/ -->\n<title>Preparaci\u00f3n para registrarse - Fuller Student Handbook<\/title>\n<meta name=\"robots\" content=\"index, follow, max-snippet:-1, max-image-preview:large, max-video-preview:-1\" \/>\n<link rel=\"canonical\" href=\"https:\/\/studenthandbook.fuller.edu\/es\/el-manual-del-estudiante\/spanish-registration\/preparacion-para-registrarse\/\" \/>\n<meta property=\"og:locale\" content=\"es_ES\" \/>\n<meta property=\"og:type\" content=\"article\" \/>\n<meta property=\"og:title\" content=\"Preparaci\u00f3n para registrarse - Fuller Student Handbook\" \/>\n<meta property=\"og:description\" content=\"Para obtener informaci\u00f3n sobre c\u00f3mo prepararse para el proceso de registro, vaya al sitio web de la Oficina de Registro en http:\/\/www.fuller.edu\/offices\/registrar\/getting-ready-for-registration\/.\" \/>\n<meta property=\"og:url\" content=\"https:\/\/studenthandbook.fuller.edu\/es\/el-manual-del-estudiante\/spanish-registration\/preparacion-para-registrarse\/\" \/>\n<meta property=\"og:site_name\" content=\"Fuller Student Handbook\" \/>\n<meta property=\"og:image\" content=\"https:\/\/studenthandbook.fuller.edu\/wp-content\/uploads\/2025\/04\/Fuller-Logo-Purple.jpg\" \/>\n\t<meta property=\"og:image:width\" content=\"1200\" \/>\n\t<meta property=\"og:image:height\" content=\"675\" \/>\n\t<meta property=\"og:image:type\" content=\"image\/jpeg\" \/>\n<meta name=\"twitter:card\" content=\"summary_large_image\" \/>\n<script type=\"application\/ld+json\" class=\"yoast-schema-graph\">{\"@context\":\"https:\/\/schema.org\",\"@graph\":[{\"@type\":\"WebPage\",\"@id\":\"https:\/\/studenthandbook.fuller.edu\/es\/el-manual-del-estudiante\/spanish-registration\/preparacion-para-registrarse\/\",\"url\":\"https:\/\/studenthandbook.fuller.edu\/es\/el-manual-del-estudiante\/spanish-registration\/preparacion-para-registrarse\/\",\"name\":\"Preparaci\u00f3n para registrarse - Fuller Student Handbook\",\"isPartOf\":{\"@id\":\"https:\/\/studenthandbook.fuller.edu\/es\/#website\"},\"datePublished\":\"2019-03-04T19:34:23+00:00\",\"breadcrumb\":{\"@id\":\"https:\/\/studenthandbook.fuller.edu\/es\/el-manual-del-estudiante\/spanish-registration\/preparacion-para-registrarse\/#breadcrumb\"},\"inLanguage\":\"es\",\"potentialAction\":[{\"@type\":\"ReadAction\",\"target\":[\"https:\/\/studenthandbook.fuller.edu\/es\/el-manual-del-estudiante\/spanish-registration\/preparacion-para-registrarse\/\"]}]},{\"@type\":\"BreadcrumbList\",\"@id\":\"https:\/\/studenthandbook.fuller.edu\/es\/el-manual-del-estudiante\/spanish-registration\/preparacion-para-registrarse\/#breadcrumb\",\"itemListElement\":[{\"@type\":\"ListItem\",\"position\":1,\"name\":\"Home\",\"item\":\"https:\/\/studenthandbook.fuller.edu\/es\/el-manual-del-estudiante\/\"},{\"@type\":\"ListItem\",\"position\":2,\"name\":\"El Manual del Estudiante\",\"item\":\"https:\/\/studenthandbook.fuller.edu\/es\/el-manual-del-estudiante\/\"},{\"@type\":\"ListItem\",\"position\":3,\"name\":\"Spanish Registration\",\"item\":\"https:\/\/studenthandbook.fuller.edu\/es\/el-manual-del-estudiante\/spanish-registration\/\"},{\"@type\":\"ListItem\",\"position\":4,\"name\":\"Preparaci\u00f3n para registrarse\"}]},{\"@type\":\"WebSite\",\"@id\":\"https:\/\/studenthandbook.fuller.edu\/es\/#website\",\"url\":\"https:\/\/studenthandbook.fuller.edu\/es\/\",\"name\":\"Fuller Student Handbook\",\"description\":\"\",\"publisher\":{\"@id\":\"https:\/\/studenthandbook.fuller.edu\/es\/#organization\"},\"potentialAction\":[{\"@type\":\"SearchAction\",\"target\":{\"@type\":\"EntryPoint\",\"urlTemplate\":\"https:\/\/studenthandbook.fuller.edu\/es\/?s={search_term_string}\"},\"query-input\":{\"@type\":\"PropertyValueSpecification\",\"valueRequired\":true,\"valueName\":\"search_term_string\"}}],\"inLanguage\":\"es\"},{\"@type\":\"Organization\",\"@id\":\"https:\/\/studenthandbook.fuller.edu\/es\/#organization\",\"name\":\"Fuller Student Handbook\",\"url\":\"https:\/\/studenthandbook.fuller.edu\/es\/\",\"logo\":{\"@type\":\"ImageObject\",\"inLanguage\":\"es\",\"@id\":\"https:\/\/studenthandbook.fuller.edu\/es\/#\/schema\/logo\/image\/\",\"url\":\"https:\/\/studenthandbook.fuller.edu\/wp-content\/uploads\/2025\/04\/Fuller-Logo-Purple-square.jpg\",\"contentUrl\":\"https:\/\/studenthandbook.fuller.edu\/wp-content\/uploads\/2025\/04\/Fuller-Logo-Purple-square.jpg\",\"width\":696,\"height\":696,\"caption\":\"Fuller Student Handbook\"},\"image\":{\"@id\":\"https:\/\/studenthandbook.fuller.edu\/es\/#\/schema\/logo\/image\/\"}}]}<\/script>\n<!-- \/ Yoast SEO plugin. -->","yoast_head_json":{"title":"Preparaci\u00f3n para registrarse - Fuller Student Handbook","robots":{"index":"index","follow":"follow","max-snippet":"max-snippet:-1","max-image-preview":"max-image-preview:large","max-video-preview":"max-video-preview:-1"},"canonical":"https:\/\/studenthandbook.fuller.edu\/es\/el-manual-del-estudiante\/spanish-registration\/preparacion-para-registrarse\/","og_locale":"es_ES","og_type":"article","og_title":"Preparaci\u00f3n para registrarse - Fuller Student Handbook","og_description":"Para obtener informaci\u00f3n sobre c\u00f3mo prepararse para el proceso de registro, vaya al sitio web de la Oficina de Registro en http:\/\/www.fuller.edu\/offices\/registrar\/getting-ready-for-registration\/.","og_url":"https:\/\/studenthandbook.fuller.edu\/es\/el-manual-del-estudiante\/spanish-registration\/preparacion-para-registrarse\/","og_site_name":"Fuller Student Handbook","og_image":[{"width":1200,"height":675,"url":"https:\/\/studenthandbook.fuller.edu\/wp-content\/uploads\/2025\/04\/Fuller-Logo-Purple.jpg","type":"image\/jpeg"}],"twitter_card":"summary_large_image","schema":{"@context":"https:\/\/schema.org","@graph":[{"@type":"WebPage","@id":"https:\/\/studenthandbook.fuller.edu\/es\/el-manual-del-estudiante\/spanish-registration\/preparacion-para-registrarse\/","url":"https:\/\/studenthandbook.fuller.edu\/es\/el-manual-del-estudiante\/spanish-registration\/preparacion-para-registrarse\/","name":"Preparaci\u00f3n para registrarse - Fuller Student Handbook","isPartOf":{"@id":"https:\/\/studenthandbook.fuller.edu\/es\/#website"},"datePublished":"2019-03-04T19:34:23+00:00","breadcrumb":{"@id":"https:\/\/studenthandbook.fuller.edu\/es\/el-manual-del-estudiante\/spanish-registration\/preparacion-para-registrarse\/#breadcrumb"},"inLanguage":"es","potentialAction":[{"@type":"ReadAction","target":["https:\/\/studenthandbook.fuller.edu\/es\/el-manual-del-estudiante\/spanish-registration\/preparacion-para-registrarse\/"]}]},{"@type":"BreadcrumbList","@id":"https:\/\/studenthandbook.fuller.edu\/es\/el-manual-del-estudiante\/spanish-registration\/preparacion-para-registrarse\/#breadcrumb","itemListElement":[{"@type":"ListItem","position":1,"name":"Home","item":"https:\/\/studenthandbook.fuller.edu\/es\/el-manual-del-estudiante\/"},{"@type":"ListItem","position":2,"name":"El Manual del Estudiante","item":"https:\/\/studenthandbook.fuller.edu\/es\/el-manual-del-estudiante\/"},{"@type":"ListItem","position":3,"name":"Spanish Registration","item":"https:\/\/studenthandbook.fuller.edu\/es\/el-manual-del-estudiante\/spanish-registration\/"},{"@type":"ListItem","position":4,"name":"Preparaci\u00f3n para registrarse"}]},{"@type":"WebSite","@id":"https:\/\/studenthandbook.fuller.edu\/es\/#website","url":"https:\/\/studenthandbook.fuller.edu\/es\/","name":"Fuller Student Handbook","description":"","publisher":{"@id":"https:\/\/studenthandbook.fuller.edu\/es\/#organization"},"potentialAction":[{"@type":"SearchAction","target":{"@type":"EntryPoint","urlTemplate":"https:\/\/studenthandbook.fuller.edu\/es\/?s={search_term_string}"},"query-input":{"@type":"PropertyValueSpecification","valueRequired":true,"valueName":"search_term_string"}}],"inLanguage":"es"},{"@type":"Organization","@id":"https:\/\/studenthandbook.fuller.edu\/es\/#organization","name":"Fuller Student Handbook","url":"https:\/\/studenthandbook.fuller.edu\/es\/","logo":{"@type":"ImageObject","inLanguage":"es","@id":"https:\/\/studenthandbook.fuller.edu\/es\/#\/schema\/logo\/image\/","url":"https:\/\/studenthandbook.fuller.edu\/wp-content\/uploads\/2025\/04\/Fuller-Logo-Purple-square.jpg","contentUrl":"https:\/\/studenthandbook.fuller.edu\/wp-content\/uploads\/2025\/04\/Fuller-Logo-Purple-square.jpg","width":696,"height":696,"caption":"Fuller Student Handbook"},"image":{"@id":"https:\/\/studenthandbook.fuller.edu\/es\/#\/schema\/logo\/image\/"}}]}},"jetpack_sharing_enabled":true,"_links":{"self":[{"href":"https:\/\/studenthandbook.fuller.edu\/es\/wp-json\/wp\/v2\/pages\/1877","targetHints":{"allow":["GET"]}}],"collection":[{"href":"https:\/\/studenthandbook.fuller.edu\/es\/wp-json\/wp\/v2\/pages"}],"about":[{"href":"https:\/\/studenthandbook.fuller.edu\/es\/wp-json\/wp\/v2\/types\/page"}],"author":[{"embeddable":true,"href":"https:\/\/studenthandbook.fuller.edu\/es\/wp-json\/wp\/v2\/users\/1"}],"replies":[{"embeddable":true,"href":"https:\/\/studenthandbook.fuller.edu\/es\/wp-json\/wp\/v2\/comments?post=1877"}],"version-history":[{"count":0,"href":"https:\/\/studenthandbook.fuller.edu\/es\/wp-json\/wp\/v2\/pages\/1877\/revisions"}],"up":[{"embeddable":true,"href":"https:\/\/studenthandbook.fuller.edu\/es\/wp-json\/wp\/v2\/pages\/1767"}],"wp:attachment":[{"href":"https:\/\/studenthandbook.fuller.edu\/es\/wp-json\/wp\/v2\/media?parent=1877"}],"curies":[{"name":"wp","href":"https:\/\/api.w.org\/{rel}","templated":true}]}}