{"id":1833,"date":"2019-02-13T19:06:18","date_gmt":"2019-02-13T19:06:18","guid":{"rendered":"https:\/\/studenthandbook.fuller.edu\/declaraciones-legales\/no-discriminacion\/"},"modified":"2019-02-13T19:06:18","modified_gmt":"2019-02-13T19:06:18","slug":"no-discriminacion","status":"publish","type":"page","link":"https:\/\/studenthandbook.fuller.edu\/es\/el-manual-del-estudiante\/declaraciones-legales-2\/no-discriminacion\/","title":{"rendered":"No-Discriminaci\u00f3n"},"content":{"rendered":"<p><span data-sheets-value=\"{&quot;1&quot;:2,&quot;2&quot;:&quot;El Seminario Teol\u00f3gico Fuller se compromete a proporcionar y modelar un ambiente de aprendizaje, trabajo, vida y comunidad que es libre de discriminaci\u00f3n en todas sus pol\u00edticas, pr\u00e1cticas, procedimientos y programas. Este compromiso se extiende a la administraci\u00f3n del Seminario de sus pol\u00edticas educativas, admisiones, empleo, programas educativos y actividades. De acuerdo con este compromiso, el seminario no discrimina en base de raza, color, origen nacional, ascendencia, sexo, estado civil, estado militar y veterano, condici\u00f3n m\u00e9dica, incapacidad f\u00edsica, discapacidad mental, caracter\u00edsticas gen\u00e9ticas, ciudadan\u00eda, g\u00e9nero, identidad de g\u00e9nero, expresi\u00f3n de g\u00e9nero, embarazo, o edad.&quot;}\" data-sheets-userformat=\"{&quot;2&quot;:13185,&quot;3&quot;:{&quot;1&quot;:0},&quot;10&quot;:0,&quot;11&quot;:4,&quot;12&quot;:0,&quot;15&quot;:&quot;Helvetica Neue&quot;,&quot;16&quot;:11}\">El Seminario Teol\u00f3gico Fuller se compromete a proporcionar y modelar un ambiente de aprendizaje, trabajo, vida y comunidad que es libre de discriminaci\u00f3n en todas sus pol\u00edticas, pr\u00e1cticas, procedimientos y programas. Este compromiso se extiende a la administraci\u00f3n del Seminario de sus pol\u00edticas educativas, admisiones, empleo, programas educativos y actividades. De acuerdo con este compromiso, el seminario no discrimina en base de raza, color, origen nacional, ascendencia, sexo, estado civil, estado militar y veterano, condici\u00f3n m\u00e9dica, incapacidad f\u00edsica, discapacidad mental, caracter\u00edsticas gen\u00e9ticas, ciudadan\u00eda, g\u00e9nero, identidad de g\u00e9nero, expresi\u00f3n de g\u00e9nero, embarazo, o edad.<\/span><\/p>\n<p><span data-sheets-value=\"{&quot;1&quot;:2,&quot;2&quot;:&quot;La pol\u00edtica del seminario contra la discriminaci\u00f3n abarca las \u00e1reas de acceso, trato y empleo en los programas y actividades del seminario Fuller. Puede encontrar el texto completo de pol\u00edticas en el sitio web de Fuller en http:\/\/www.Fuller.edu\/about-Fuller\/Mission-and-History\/Community-Standards-Discrimination.aspx. En cuanto a procedimientos para hacer frente a las alegaciones de discriminaci\u00f3n, vea la secci\u00f3n declaraciones oficiales de este manual.&quot;}\" data-sheets-userformat=\"{&quot;2&quot;:13185,&quot;3&quot;:{&quot;1&quot;:0},&quot;10&quot;:0,&quot;11&quot;:4,&quot;12&quot;:0,&quot;15&quot;:&quot;Helvetica Neue&quot;,&quot;16&quot;:11}\">La pol\u00edtica del seminario contra la discriminaci\u00f3n abarca las \u00e1reas de acceso, trato y empleo en los programas y actividades del seminario Fuller. Puede encontrar el texto completo de pol\u00edticas en el sitio web de Fuller en http:\/\/www.Fuller.edu\/about-Fuller\/Mission-and-History\/Community-Standards-Discrimination.aspx. En cuanto a procedimientos para hacer frente a las alegaciones de discriminaci\u00f3n, vea la secci\u00f3n declaraciones oficiales de este manual.<\/span><\/p>\n","protected":false},"excerpt":{"rendered":"<p>El Seminario Teol\u00f3gico Fuller se compromete a proporcionar y modelar un ambiente de aprendizaje, trabajo, vida y comunidad que es libre de discriminaci\u00f3n en todas sus pol\u00edticas, pr\u00e1cticas, procedimientos y programas. Este compromiso se extiende a la administraci\u00f3n del Seminario de sus pol\u00edticas educativas, admisiones, empleo, programas educativos y actividades. De acuerdo con este compromiso,&hellip;<\/p>\n","protected":false},"author":1,"featured_media":0,"parent":1831,"menu_order":0,"comment_status":"closed","ping_status":"closed","template":"","meta":{"footnotes":""},"class_list":["post-1833","page","type-page","status-publish","hentry"],"yoast_head":"<!-- This site is optimized with the Yoast SEO plugin v27.2 - https:\/\/yoast.com\/product\/yoast-seo-wordpress\/ -->\n<title>No-Discriminaci\u00f3n - Fuller Student Handbook<\/title>\n<meta name=\"robots\" content=\"index, follow, max-snippet:-1, max-image-preview:large, max-video-preview:-1\" \/>\n<link rel=\"canonical\" href=\"https:\/\/studenthandbook.fuller.edu\/es\/el-manual-del-estudiante\/declaraciones-legales-2\/no-discriminacion\/\" \/>\n<meta property=\"og:locale\" content=\"es_ES\" \/>\n<meta property=\"og:type\" content=\"article\" \/>\n<meta property=\"og:title\" content=\"No-Discriminaci\u00f3n - Fuller Student Handbook\" \/>\n<meta property=\"og:description\" content=\"El Seminario Teol\u00f3gico Fuller se compromete a proporcionar y modelar un ambiente de aprendizaje, trabajo, vida y comunidad que es libre de discriminaci\u00f3n en todas sus pol\u00edticas, pr\u00e1cticas, procedimientos y programas. Este compromiso se extiende a la administraci\u00f3n del Seminario de sus pol\u00edticas educativas, admisiones, empleo, programas educativos y actividades. De acuerdo con este compromiso,&hellip;\" \/>\n<meta property=\"og:url\" content=\"https:\/\/studenthandbook.fuller.edu\/es\/el-manual-del-estudiante\/declaraciones-legales-2\/no-discriminacion\/\" \/>\n<meta property=\"og:site_name\" content=\"Fuller Student Handbook\" \/>\n<meta property=\"og:image\" content=\"https:\/\/studenthandbook.fuller.edu\/wp-content\/uploads\/2025\/04\/Fuller-Logo-Purple.jpg\" \/>\n\t<meta property=\"og:image:width\" content=\"1200\" \/>\n\t<meta property=\"og:image:height\" content=\"675\" \/>\n\t<meta property=\"og:image:type\" content=\"image\/jpeg\" \/>\n<meta name=\"twitter:card\" content=\"summary_large_image\" \/>\n<meta name=\"twitter:label1\" content=\"Tiempo de lectura\" \/>\n\t<meta name=\"twitter:data1\" content=\"1 minuto\" \/>\n<script type=\"application\/ld+json\" class=\"yoast-schema-graph\">{\"@context\":\"https:\/\/schema.org\",\"@graph\":[{\"@type\":\"WebPage\",\"@id\":\"https:\/\/studenthandbook.fuller.edu\/es\/el-manual-del-estudiante\/declaraciones-legales-2\/no-discriminacion\/\",\"url\":\"https:\/\/studenthandbook.fuller.edu\/es\/el-manual-del-estudiante\/declaraciones-legales-2\/no-discriminacion\/\",\"name\":\"No-Discriminaci\u00f3n - Fuller Student Handbook\",\"isPartOf\":{\"@id\":\"https:\/\/studenthandbook.fuller.edu\/es\/#website\"},\"datePublished\":\"2019-02-13T19:06:18+00:00\",\"breadcrumb\":{\"@id\":\"https:\/\/studenthandbook.fuller.edu\/es\/el-manual-del-estudiante\/declaraciones-legales-2\/no-discriminacion\/#breadcrumb\"},\"inLanguage\":\"es\",\"potentialAction\":[{\"@type\":\"ReadAction\",\"target\":[\"https:\/\/studenthandbook.fuller.edu\/es\/el-manual-del-estudiante\/declaraciones-legales-2\/no-discriminacion\/\"]}]},{\"@type\":\"BreadcrumbList\",\"@id\":\"https:\/\/studenthandbook.fuller.edu\/es\/el-manual-del-estudiante\/declaraciones-legales-2\/no-discriminacion\/#breadcrumb\",\"itemListElement\":[{\"@type\":\"ListItem\",\"position\":1,\"name\":\"Home\",\"item\":\"https:\/\/studenthandbook.fuller.edu\/es\/el-manual-del-estudiante\/\"},{\"@type\":\"ListItem\",\"position\":2,\"name\":\"El Manual del Estudiante\",\"item\":\"https:\/\/studenthandbook.fuller.edu\/es\/el-manual-del-estudiante\/\"},{\"@type\":\"ListItem\",\"position\":3,\"name\":\"Declaraciones Legales\",\"item\":\"https:\/\/studenthandbook.fuller.edu\/es\/el-manual-del-estudiante\/declaraciones-legales-2\/\"},{\"@type\":\"ListItem\",\"position\":4,\"name\":\"No-Discriminaci\u00f3n\"}]},{\"@type\":\"WebSite\",\"@id\":\"https:\/\/studenthandbook.fuller.edu\/es\/#website\",\"url\":\"https:\/\/studenthandbook.fuller.edu\/es\/\",\"name\":\"Fuller Student Handbook\",\"description\":\"\",\"publisher\":{\"@id\":\"https:\/\/studenthandbook.fuller.edu\/es\/#organization\"},\"potentialAction\":[{\"@type\":\"SearchAction\",\"target\":{\"@type\":\"EntryPoint\",\"urlTemplate\":\"https:\/\/studenthandbook.fuller.edu\/es\/?s={search_term_string}\"},\"query-input\":{\"@type\":\"PropertyValueSpecification\",\"valueRequired\":true,\"valueName\":\"search_term_string\"}}],\"inLanguage\":\"es\"},{\"@type\":\"Organization\",\"@id\":\"https:\/\/studenthandbook.fuller.edu\/es\/#organization\",\"name\":\"Fuller Student Handbook\",\"url\":\"https:\/\/studenthandbook.fuller.edu\/es\/\",\"logo\":{\"@type\":\"ImageObject\",\"inLanguage\":\"es\",\"@id\":\"https:\/\/studenthandbook.fuller.edu\/es\/#\/schema\/logo\/image\/\",\"url\":\"https:\/\/studenthandbook.fuller.edu\/wp-content\/uploads\/2025\/04\/Fuller-Logo-Purple-square.jpg\",\"contentUrl\":\"https:\/\/studenthandbook.fuller.edu\/wp-content\/uploads\/2025\/04\/Fuller-Logo-Purple-square.jpg\",\"width\":696,\"height\":696,\"caption\":\"Fuller Student Handbook\"},\"image\":{\"@id\":\"https:\/\/studenthandbook.fuller.edu\/es\/#\/schema\/logo\/image\/\"}}]}<\/script>\n<!-- \/ Yoast SEO plugin. -->","yoast_head_json":{"title":"No-Discriminaci\u00f3n - Fuller Student Handbook","robots":{"index":"index","follow":"follow","max-snippet":"max-snippet:-1","max-image-preview":"max-image-preview:large","max-video-preview":"max-video-preview:-1"},"canonical":"https:\/\/studenthandbook.fuller.edu\/es\/el-manual-del-estudiante\/declaraciones-legales-2\/no-discriminacion\/","og_locale":"es_ES","og_type":"article","og_title":"No-Discriminaci\u00f3n - Fuller Student Handbook","og_description":"El Seminario Teol\u00f3gico Fuller se compromete a proporcionar y modelar un ambiente de aprendizaje, trabajo, vida y comunidad que es libre de discriminaci\u00f3n en todas sus pol\u00edticas, pr\u00e1cticas, procedimientos y programas. Este compromiso se extiende a la administraci\u00f3n del Seminario de sus pol\u00edticas educativas, admisiones, empleo, programas educativos y actividades. De acuerdo con este compromiso,&hellip;","og_url":"https:\/\/studenthandbook.fuller.edu\/es\/el-manual-del-estudiante\/declaraciones-legales-2\/no-discriminacion\/","og_site_name":"Fuller Student Handbook","og_image":[{"width":1200,"height":675,"url":"https:\/\/studenthandbook.fuller.edu\/wp-content\/uploads\/2025\/04\/Fuller-Logo-Purple.jpg","type":"image\/jpeg"}],"twitter_card":"summary_large_image","twitter_misc":{"Tiempo de lectura":"1 minuto"},"schema":{"@context":"https:\/\/schema.org","@graph":[{"@type":"WebPage","@id":"https:\/\/studenthandbook.fuller.edu\/es\/el-manual-del-estudiante\/declaraciones-legales-2\/no-discriminacion\/","url":"https:\/\/studenthandbook.fuller.edu\/es\/el-manual-del-estudiante\/declaraciones-legales-2\/no-discriminacion\/","name":"No-Discriminaci\u00f3n - Fuller Student Handbook","isPartOf":{"@id":"https:\/\/studenthandbook.fuller.edu\/es\/#website"},"datePublished":"2019-02-13T19:06:18+00:00","breadcrumb":{"@id":"https:\/\/studenthandbook.fuller.edu\/es\/el-manual-del-estudiante\/declaraciones-legales-2\/no-discriminacion\/#breadcrumb"},"inLanguage":"es","potentialAction":[{"@type":"ReadAction","target":["https:\/\/studenthandbook.fuller.edu\/es\/el-manual-del-estudiante\/declaraciones-legales-2\/no-discriminacion\/"]}]},{"@type":"BreadcrumbList","@id":"https:\/\/studenthandbook.fuller.edu\/es\/el-manual-del-estudiante\/declaraciones-legales-2\/no-discriminacion\/#breadcrumb","itemListElement":[{"@type":"ListItem","position":1,"name":"Home","item":"https:\/\/studenthandbook.fuller.edu\/es\/el-manual-del-estudiante\/"},{"@type":"ListItem","position":2,"name":"El Manual del Estudiante","item":"https:\/\/studenthandbook.fuller.edu\/es\/el-manual-del-estudiante\/"},{"@type":"ListItem","position":3,"name":"Declaraciones Legales","item":"https:\/\/studenthandbook.fuller.edu\/es\/el-manual-del-estudiante\/declaraciones-legales-2\/"},{"@type":"ListItem","position":4,"name":"No-Discriminaci\u00f3n"}]},{"@type":"WebSite","@id":"https:\/\/studenthandbook.fuller.edu\/es\/#website","url":"https:\/\/studenthandbook.fuller.edu\/es\/","name":"Fuller Student Handbook","description":"","publisher":{"@id":"https:\/\/studenthandbook.fuller.edu\/es\/#organization"},"potentialAction":[{"@type":"SearchAction","target":{"@type":"EntryPoint","urlTemplate":"https:\/\/studenthandbook.fuller.edu\/es\/?s={search_term_string}"},"query-input":{"@type":"PropertyValueSpecification","valueRequired":true,"valueName":"search_term_string"}}],"inLanguage":"es"},{"@type":"Organization","@id":"https:\/\/studenthandbook.fuller.edu\/es\/#organization","name":"Fuller Student Handbook","url":"https:\/\/studenthandbook.fuller.edu\/es\/","logo":{"@type":"ImageObject","inLanguage":"es","@id":"https:\/\/studenthandbook.fuller.edu\/es\/#\/schema\/logo\/image\/","url":"https:\/\/studenthandbook.fuller.edu\/wp-content\/uploads\/2025\/04\/Fuller-Logo-Purple-square.jpg","contentUrl":"https:\/\/studenthandbook.fuller.edu\/wp-content\/uploads\/2025\/04\/Fuller-Logo-Purple-square.jpg","width":696,"height":696,"caption":"Fuller Student Handbook"},"image":{"@id":"https:\/\/studenthandbook.fuller.edu\/es\/#\/schema\/logo\/image\/"}}]}},"jetpack_sharing_enabled":true,"_links":{"self":[{"href":"https:\/\/studenthandbook.fuller.edu\/es\/wp-json\/wp\/v2\/pages\/1833","targetHints":{"allow":["GET"]}}],"collection":[{"href":"https:\/\/studenthandbook.fuller.edu\/es\/wp-json\/wp\/v2\/pages"}],"about":[{"href":"https:\/\/studenthandbook.fuller.edu\/es\/wp-json\/wp\/v2\/types\/page"}],"author":[{"embeddable":true,"href":"https:\/\/studenthandbook.fuller.edu\/es\/wp-json\/wp\/v2\/users\/1"}],"replies":[{"embeddable":true,"href":"https:\/\/studenthandbook.fuller.edu\/es\/wp-json\/wp\/v2\/comments?post=1833"}],"version-history":[{"count":0,"href":"https:\/\/studenthandbook.fuller.edu\/es\/wp-json\/wp\/v2\/pages\/1833\/revisions"}],"up":[{"embeddable":true,"href":"https:\/\/studenthandbook.fuller.edu\/es\/wp-json\/wp\/v2\/pages\/1831"}],"wp:attachment":[{"href":"https:\/\/studenthandbook.fuller.edu\/es\/wp-json\/wp\/v2\/media?parent=1833"}],"curies":[{"name":"wp","href":"https:\/\/api.w.org\/{rel}","templated":true}]}}