{"id":1829,"date":"2019-02-13T11:35:39","date_gmt":"2019-02-13T11:35:39","guid":{"rendered":"https:\/\/studenthandbook.fuller.edu\/politicas-de-peticion-de-ayuda-institucional\/"},"modified":"2019-02-13T11:35:39","modified_gmt":"2019-02-13T11:35:39","slug":"politicas-de-peticion-de-ayuda-institucional","status":"publish","type":"page","link":"https:\/\/studenthandbook.fuller.edu\/es\/el-manual-del-estudiante\/ayuda-financiera\/politicas-de-peticion-de-ayuda-institucional\/","title":{"rendered":"Pol\u00edticas de Petici\u00f3n de Ayuda Institucional"},"content":{"rendered":"<p>Bajo ciertas circunstancias, Servicios Financieros Estudiantes puede ceder ciertos requisitos institucionales o aumentar su ayuda financiera si usted experimenta un cambio en su situaci\u00f3n.<\/p>\n<p>Petici\u00f3n de Exenci\u00f3n de Requisitos de Elegibilidad. Puede solicitar una exenci\u00f3n de los siguientes requisitos de elegibilidad:<\/p>\n<ul>\n<li>Requisito de Progreso Acad\u00e9mico Satisfactorio de Ayuda Financiera (para requisitos espec\u00edficos de petici\u00f3n consulte las pol\u00edticas de FASAP).<\/li>\n<\/ul>\n<ul>\n<li>Planee tomar un m\u00ednimo de 24 unidades durante todo el a\u00f1o acad\u00e9mico<\/li>\n<\/ul>\n<ul>\n<li>Para becados por el consejo administrativo solamente: m\u00ednimo de 36 unidades por a\u00f1o acad\u00e9mico<\/li>\n<\/ul>\n<ul>\n<li>Para becados por el consejo administrativo solamente: 3,50 GPA m\u00ednimo<\/li>\n<\/ul>\n<p>Para hacer una petici\u00f3n, debe presentar una carta explicando las circunstancias que afectan su habilidad de cumplir con el requerimiento que se est\u00e1 solicitando. El director evaluar\u00e1 la petici\u00f3n y le notificar\u00e1 por escrito dentro de los 30 d\u00edas siguientes a su presentaci\u00f3n.<\/p>\n<p>Petici\u00f3n para Aumento de Beca. Usted puede solicitar una reevaluaci\u00f3n de su beca por dos razones.<\/p>\n<p>Dado que las becas institucionales se desembolsan de diversas maneras, se aplican diferentes pol\u00edticas a diferentes tipos de ayuda institucional.<\/p>\n<p>Para becas de la Escuela de Teolog\u00eda, la Escuela de Estudios Interculturales, becas institucionales de matrimonio y familia, y becas de estudios de la iglesia afroamericana o de liderazgo latino:<\/p>\n<ul>\n<li>Debe completar un formulario de aumento de unidades durante la sexta semana del trimestre.<\/li>\n<\/ul>\n<ul>\n<li>Para recibir un aumento, debe estar matriculado con m\u00e1s de 14 unidades en un trimestre.<\/li>\n<\/ul>\n<ul>\n<li>El director evaluar\u00e1 la petici\u00f3n.<\/li>\n<\/ul>\n<ul>\n<li>Se le enviar\u00e1 una notificaci\u00f3n por escrito de la decisi\u00f3n dentro de los 30 d\u00edas siguientes a la solicitud.<\/li>\n<\/ul>\n<p>Para becas de psicolog\u00eda cl\u00ednica basadas en necesidades:<\/p>\n<ul>\n<li>Debe completar un formulario de aumento de unidades durante la sexta semana del trimestre.<\/li>\n<li>Para recibir un aumento, debe estar matriculado con m\u00e1s de 16 unidades en un trimestre.<\/li>\n<li>El director evaluar\u00e1 la petici\u00f3n.<\/li>\n<li>Se le enviar\u00e1 una notificaci\u00f3n por escrito de la decisi\u00f3n dentro de los 30 d\u00edas siguientes a la solicitud.<\/li>\n<\/ul>\n<p>Para una beca de la comisi\u00f3n directiva:<\/p>\n<ul>\n<li>Debe completar un formulario de aumento de unidades. Esto se puede hacer en cualquier momento durante el trimestre.<\/li>\n<li>El director evaluar\u00e1 la petici\u00f3n.<\/li>\n<li>Se le enviar\u00e1 una notificaci\u00f3n por escrito de la decisi\u00f3n dentro de los 30 d\u00edas siguientes a la presentaci\u00f3n.<\/li>\n<\/ul>\n<p>Cambios de Circunstancias<\/p>\n<p>Si usted ha experimentado circunstancias inusuales que han cambiado sus circunstancias financieras, usted puede hacer una petici\u00f3n. Algunos ejemplos incluyen:<\/p>\n<ul>\n<li>Emergencia M\u00e9dica<\/li>\n<li>P\u00e9rdida de Ingresos Esperados<\/li>\n<\/ul>\n<p>Usted debe completar una revisi\u00f3n de criterio profesional (Professional Judgement Packet) y enviarlo a Servicios Financieros Estudiantiles. El director evaluar\u00e1 la petici\u00f3n y le notificar\u00e1 por escrito dentro de los 30 d\u00edas siguientes a su presentaci\u00f3n.<\/p>\n","protected":false},"excerpt":{"rendered":"<p>Bajo ciertas circunstancias, Servicios Financieros Estudiantes puede ceder ciertos requisitos institucionales o aumentar su ayuda financiera si usted experimenta un cambio en su situaci\u00f3n. Petici\u00f3n de Exenci\u00f3n de Requisitos de Elegibilidad. Puede solicitar una exenci\u00f3n de los siguientes requisitos de elegibilidad: Requisito de Progreso Acad\u00e9mico Satisfactorio de Ayuda Financiera (para requisitos espec\u00edficos de petici\u00f3n consulte&hellip;<\/p>\n","protected":false},"author":1,"featured_media":0,"parent":2021,"menu_order":11,"comment_status":"closed","ping_status":"closed","template":"","meta":{"footnotes":""},"class_list":["post-1829","page","type-page","status-publish","hentry"],"yoast_head":"<!-- This site is optimized with the Yoast SEO plugin v27.2 - https:\/\/yoast.com\/product\/yoast-seo-wordpress\/ -->\n<title>Pol\u00edticas de Petici\u00f3n de Ayuda Institucional - Fuller Student Handbook<\/title>\n<meta name=\"robots\" content=\"index, follow, max-snippet:-1, max-image-preview:large, max-video-preview:-1\" \/>\n<link rel=\"canonical\" href=\"https:\/\/studenthandbook.fuller.edu\/es\/el-manual-del-estudiante\/ayuda-financiera\/politicas-de-peticion-de-ayuda-institucional\/\" \/>\n<meta property=\"og:locale\" content=\"es_ES\" \/>\n<meta property=\"og:type\" content=\"article\" \/>\n<meta property=\"og:title\" content=\"Pol\u00edticas de Petici\u00f3n de Ayuda Institucional - Fuller Student Handbook\" \/>\n<meta property=\"og:description\" content=\"Bajo ciertas circunstancias, Servicios Financieros Estudiantes puede ceder ciertos requisitos institucionales o aumentar su ayuda financiera si usted experimenta un cambio en su situaci\u00f3n. Petici\u00f3n de Exenci\u00f3n de Requisitos de Elegibilidad. Puede solicitar una exenci\u00f3n de los siguientes requisitos de elegibilidad: Requisito de Progreso Acad\u00e9mico Satisfactorio de Ayuda Financiera (para requisitos espec\u00edficos de petici\u00f3n consulte&hellip;\" \/>\n<meta property=\"og:url\" content=\"https:\/\/studenthandbook.fuller.edu\/es\/el-manual-del-estudiante\/ayuda-financiera\/politicas-de-peticion-de-ayuda-institucional\/\" \/>\n<meta property=\"og:site_name\" content=\"Fuller Student Handbook\" \/>\n<meta property=\"og:image\" content=\"https:\/\/studenthandbook.fuller.edu\/wp-content\/uploads\/2025\/04\/Fuller-Logo-Purple.jpg\" \/>\n\t<meta property=\"og:image:width\" content=\"1200\" \/>\n\t<meta property=\"og:image:height\" content=\"675\" \/>\n\t<meta property=\"og:image:type\" content=\"image\/jpeg\" \/>\n<meta name=\"twitter:card\" content=\"summary_large_image\" \/>\n<meta name=\"twitter:label1\" content=\"Tiempo de lectura\" \/>\n\t<meta name=\"twitter:data1\" content=\"2 minutos\" \/>\n<script type=\"application\/ld+json\" class=\"yoast-schema-graph\">{\"@context\":\"https:\/\/schema.org\",\"@graph\":[{\"@type\":\"WebPage\",\"@id\":\"https:\/\/studenthandbook.fuller.edu\/es\/el-manual-del-estudiante\/ayuda-financiera\/politicas-de-peticion-de-ayuda-institucional\/\",\"url\":\"https:\/\/studenthandbook.fuller.edu\/es\/el-manual-del-estudiante\/ayuda-financiera\/politicas-de-peticion-de-ayuda-institucional\/\",\"name\":\"Pol\u00edticas de Petici\u00f3n de Ayuda Institucional - Fuller Student Handbook\",\"isPartOf\":{\"@id\":\"https:\/\/studenthandbook.fuller.edu\/es\/#website\"},\"datePublished\":\"2019-02-13T11:35:39+00:00\",\"breadcrumb\":{\"@id\":\"https:\/\/studenthandbook.fuller.edu\/es\/el-manual-del-estudiante\/ayuda-financiera\/politicas-de-peticion-de-ayuda-institucional\/#breadcrumb\"},\"inLanguage\":\"es\",\"potentialAction\":[{\"@type\":\"ReadAction\",\"target\":[\"https:\/\/studenthandbook.fuller.edu\/es\/el-manual-del-estudiante\/ayuda-financiera\/politicas-de-peticion-de-ayuda-institucional\/\"]}]},{\"@type\":\"BreadcrumbList\",\"@id\":\"https:\/\/studenthandbook.fuller.edu\/es\/el-manual-del-estudiante\/ayuda-financiera\/politicas-de-peticion-de-ayuda-institucional\/#breadcrumb\",\"itemListElement\":[{\"@type\":\"ListItem\",\"position\":1,\"name\":\"Home\",\"item\":\"https:\/\/studenthandbook.fuller.edu\/es\/el-manual-del-estudiante\/\"},{\"@type\":\"ListItem\",\"position\":2,\"name\":\"El Manual del Estudiante\",\"item\":\"https:\/\/studenthandbook.fuller.edu\/es\/el-manual-del-estudiante\/\"},{\"@type\":\"ListItem\",\"position\":3,\"name\":\"Ayuda Financiera\",\"item\":\"https:\/\/studenthandbook.fuller.edu\/es\/el-manual-del-estudiante\/ayuda-financiera\/\"},{\"@type\":\"ListItem\",\"position\":4,\"name\":\"Pol\u00edticas de Petici\u00f3n de Ayuda Institucional\"}]},{\"@type\":\"WebSite\",\"@id\":\"https:\/\/studenthandbook.fuller.edu\/es\/#website\",\"url\":\"https:\/\/studenthandbook.fuller.edu\/es\/\",\"name\":\"Fuller Student Handbook\",\"description\":\"\",\"publisher\":{\"@id\":\"https:\/\/studenthandbook.fuller.edu\/es\/#organization\"},\"potentialAction\":[{\"@type\":\"SearchAction\",\"target\":{\"@type\":\"EntryPoint\",\"urlTemplate\":\"https:\/\/studenthandbook.fuller.edu\/es\/?s={search_term_string}\"},\"query-input\":{\"@type\":\"PropertyValueSpecification\",\"valueRequired\":true,\"valueName\":\"search_term_string\"}}],\"inLanguage\":\"es\"},{\"@type\":\"Organization\",\"@id\":\"https:\/\/studenthandbook.fuller.edu\/es\/#organization\",\"name\":\"Fuller Student Handbook\",\"url\":\"https:\/\/studenthandbook.fuller.edu\/es\/\",\"logo\":{\"@type\":\"ImageObject\",\"inLanguage\":\"es\",\"@id\":\"https:\/\/studenthandbook.fuller.edu\/es\/#\/schema\/logo\/image\/\",\"url\":\"https:\/\/studenthandbook.fuller.edu\/wp-content\/uploads\/2025\/04\/Fuller-Logo-Purple-square.jpg\",\"contentUrl\":\"https:\/\/studenthandbook.fuller.edu\/wp-content\/uploads\/2025\/04\/Fuller-Logo-Purple-square.jpg\",\"width\":696,\"height\":696,\"caption\":\"Fuller Student Handbook\"},\"image\":{\"@id\":\"https:\/\/studenthandbook.fuller.edu\/es\/#\/schema\/logo\/image\/\"}}]}<\/script>\n<!-- \/ Yoast SEO plugin. -->","yoast_head_json":{"title":"Pol\u00edticas de Petici\u00f3n de Ayuda Institucional - Fuller Student Handbook","robots":{"index":"index","follow":"follow","max-snippet":"max-snippet:-1","max-image-preview":"max-image-preview:large","max-video-preview":"max-video-preview:-1"},"canonical":"https:\/\/studenthandbook.fuller.edu\/es\/el-manual-del-estudiante\/ayuda-financiera\/politicas-de-peticion-de-ayuda-institucional\/","og_locale":"es_ES","og_type":"article","og_title":"Pol\u00edticas de Petici\u00f3n de Ayuda Institucional - Fuller Student Handbook","og_description":"Bajo ciertas circunstancias, Servicios Financieros Estudiantes puede ceder ciertos requisitos institucionales o aumentar su ayuda financiera si usted experimenta un cambio en su situaci\u00f3n. Petici\u00f3n de Exenci\u00f3n de Requisitos de Elegibilidad. Puede solicitar una exenci\u00f3n de los siguientes requisitos de elegibilidad: Requisito de Progreso Acad\u00e9mico Satisfactorio de Ayuda Financiera (para requisitos espec\u00edficos de petici\u00f3n consulte&hellip;","og_url":"https:\/\/studenthandbook.fuller.edu\/es\/el-manual-del-estudiante\/ayuda-financiera\/politicas-de-peticion-de-ayuda-institucional\/","og_site_name":"Fuller Student Handbook","og_image":[{"width":1200,"height":675,"url":"https:\/\/studenthandbook.fuller.edu\/wp-content\/uploads\/2025\/04\/Fuller-Logo-Purple.jpg","type":"image\/jpeg"}],"twitter_card":"summary_large_image","twitter_misc":{"Tiempo de lectura":"2 minutos"},"schema":{"@context":"https:\/\/schema.org","@graph":[{"@type":"WebPage","@id":"https:\/\/studenthandbook.fuller.edu\/es\/el-manual-del-estudiante\/ayuda-financiera\/politicas-de-peticion-de-ayuda-institucional\/","url":"https:\/\/studenthandbook.fuller.edu\/es\/el-manual-del-estudiante\/ayuda-financiera\/politicas-de-peticion-de-ayuda-institucional\/","name":"Pol\u00edticas de Petici\u00f3n de Ayuda Institucional - Fuller Student Handbook","isPartOf":{"@id":"https:\/\/studenthandbook.fuller.edu\/es\/#website"},"datePublished":"2019-02-13T11:35:39+00:00","breadcrumb":{"@id":"https:\/\/studenthandbook.fuller.edu\/es\/el-manual-del-estudiante\/ayuda-financiera\/politicas-de-peticion-de-ayuda-institucional\/#breadcrumb"},"inLanguage":"es","potentialAction":[{"@type":"ReadAction","target":["https:\/\/studenthandbook.fuller.edu\/es\/el-manual-del-estudiante\/ayuda-financiera\/politicas-de-peticion-de-ayuda-institucional\/"]}]},{"@type":"BreadcrumbList","@id":"https:\/\/studenthandbook.fuller.edu\/es\/el-manual-del-estudiante\/ayuda-financiera\/politicas-de-peticion-de-ayuda-institucional\/#breadcrumb","itemListElement":[{"@type":"ListItem","position":1,"name":"Home","item":"https:\/\/studenthandbook.fuller.edu\/es\/el-manual-del-estudiante\/"},{"@type":"ListItem","position":2,"name":"El Manual del Estudiante","item":"https:\/\/studenthandbook.fuller.edu\/es\/el-manual-del-estudiante\/"},{"@type":"ListItem","position":3,"name":"Ayuda Financiera","item":"https:\/\/studenthandbook.fuller.edu\/es\/el-manual-del-estudiante\/ayuda-financiera\/"},{"@type":"ListItem","position":4,"name":"Pol\u00edticas de Petici\u00f3n de Ayuda Institucional"}]},{"@type":"WebSite","@id":"https:\/\/studenthandbook.fuller.edu\/es\/#website","url":"https:\/\/studenthandbook.fuller.edu\/es\/","name":"Fuller Student Handbook","description":"","publisher":{"@id":"https:\/\/studenthandbook.fuller.edu\/es\/#organization"},"potentialAction":[{"@type":"SearchAction","target":{"@type":"EntryPoint","urlTemplate":"https:\/\/studenthandbook.fuller.edu\/es\/?s={search_term_string}"},"query-input":{"@type":"PropertyValueSpecification","valueRequired":true,"valueName":"search_term_string"}}],"inLanguage":"es"},{"@type":"Organization","@id":"https:\/\/studenthandbook.fuller.edu\/es\/#organization","name":"Fuller Student Handbook","url":"https:\/\/studenthandbook.fuller.edu\/es\/","logo":{"@type":"ImageObject","inLanguage":"es","@id":"https:\/\/studenthandbook.fuller.edu\/es\/#\/schema\/logo\/image\/","url":"https:\/\/studenthandbook.fuller.edu\/wp-content\/uploads\/2025\/04\/Fuller-Logo-Purple-square.jpg","contentUrl":"https:\/\/studenthandbook.fuller.edu\/wp-content\/uploads\/2025\/04\/Fuller-Logo-Purple-square.jpg","width":696,"height":696,"caption":"Fuller Student Handbook"},"image":{"@id":"https:\/\/studenthandbook.fuller.edu\/es\/#\/schema\/logo\/image\/"}}]}},"jetpack_sharing_enabled":true,"_links":{"self":[{"href":"https:\/\/studenthandbook.fuller.edu\/es\/wp-json\/wp\/v2\/pages\/1829","targetHints":{"allow":["GET"]}}],"collection":[{"href":"https:\/\/studenthandbook.fuller.edu\/es\/wp-json\/wp\/v2\/pages"}],"about":[{"href":"https:\/\/studenthandbook.fuller.edu\/es\/wp-json\/wp\/v2\/types\/page"}],"author":[{"embeddable":true,"href":"https:\/\/studenthandbook.fuller.edu\/es\/wp-json\/wp\/v2\/users\/1"}],"replies":[{"embeddable":true,"href":"https:\/\/studenthandbook.fuller.edu\/es\/wp-json\/wp\/v2\/comments?post=1829"}],"version-history":[{"count":0,"href":"https:\/\/studenthandbook.fuller.edu\/es\/wp-json\/wp\/v2\/pages\/1829\/revisions"}],"up":[{"embeddable":true,"href":"https:\/\/studenthandbook.fuller.edu\/es\/wp-json\/wp\/v2\/pages\/2021"}],"wp:attachment":[{"href":"https:\/\/studenthandbook.fuller.edu\/es\/wp-json\/wp\/v2\/media?parent=1829"}],"curies":[{"name":"wp","href":"https:\/\/api.w.org\/{rel}","templated":true}]}}