{"id":1817,"date":"2019-02-13T08:43:40","date_gmt":"2019-02-13T08:43:40","guid":{"rendered":"https:\/\/studenthandbook.fuller.edu\/escuela-de-teologia-m-div-m-a-y-certificados\/"},"modified":"2019-02-13T08:43:40","modified_gmt":"2019-02-13T08:43:40","slug":"escuela-de-teologia-m-div-m-a-y-certificados","status":"publish","type":"page","link":"https:\/\/studenthandbook.fuller.edu\/es\/el-manual-del-estudiante\/ayuda-financiera\/escuela-de-teologia-m-div-m-a-y-certificados\/","title":{"rendered":"Escuela de teolog\u00eda (M.Div., M.A., y certificados)"},"content":{"rendered":"<p><strong>Requisitos de elegibilidad<\/strong><\/p>\n<p><span data-sheets-value=\"{&quot;1&quot;:2,&quot;2&quot;:&quot;Estatus de admisi\u00f3n. Usted debe ser aceptado como un estudiante regular o en periodo de prueba en un programa que otorgue titulo o certificado, o como un estudiante especial. Los estudiantes aceptados con estatus condicional provisional o tard\u00edo, o como matr\u00edcula limitada, certificado, no clasificado, o estudiantes visitantes no califican para las becas de la facultad de teolog\u00eda.&quot;}\" data-sheets-userformat=\"{&quot;2&quot;:15235,&quot;3&quot;:{&quot;1&quot;:0},&quot;4&quot;:[null,2,16777215],&quot;10&quot;:0,&quot;11&quot;:4,&quot;12&quot;:0,&quot;14&quot;:[null,2,3355443],&quot;15&quot;:&quot;Helvetica Neue&quot;,&quot;16&quot;:11}\"><strong>Estatus de admisi\u00f3n.<\/strong>Usted debe ser aceptado como un estudiante regular o en periodo de prueba en un programa que otorgue titulo o certificado, o como un estudiante especial. Los estudiantes aceptados con estatus condicional provisional o tard\u00edo, o como matr\u00edcula limitada, certificado, no clasificado, o estudiantes visitantes no califican para las becas de la facultad de teolog\u00eda.<\/span><\/p>\n<p><span data-sheets-value=\"{&quot;1&quot;:2,&quot;2&quot;:&quot;Becas basadas en necesidades. Usted debe planificar tomar un m\u00ednimo de 24 unidades en el periodo que va desde el trimestre de verano hasta el trimestre de primavera.&quot;}\" data-sheets-userformat=\"{&quot;2&quot;:15235,&quot;3&quot;:{&quot;1&quot;:0},&quot;4&quot;:[null,2,16777215],&quot;10&quot;:0,&quot;11&quot;:4,&quot;12&quot;:0,&quot;14&quot;:[null,2,3355443],&quot;15&quot;:&quot;Helvetica Neue&quot;,&quot;16&quot;:11}\"><strong>Becas basadas en necesidades.<\/strong>Usted debe planificar tomar un m\u00ednimo de 24 unidades en el periodo que va desde el trimestre de verano hasta el trimestre de primavera.<\/span><\/p>\n<p><span data-sheets-value=\"{&quot;1&quot;:2,&quot;2&quot;:&quot;Otras becas. Desde el trimestre de verano y hasta el trimestre de primavera, usted debe planear inscribirse en un m\u00ednimo de 36 unidades. Usted debe inscribirse por lo menos a medio tiempo (6 unidades) en los trimestres de oto\u00f1o, invierno y primavera para recibir su beca completa.&quot;}\" data-sheets-userformat=\"{&quot;2&quot;:15235,&quot;3&quot;:{&quot;1&quot;:0},&quot;4&quot;:[null,2,16777215],&quot;10&quot;:0,&quot;11&quot;:4,&quot;12&quot;:0,&quot;14&quot;:[null,2,3355443],&quot;15&quot;:&quot;Helvetica Neue&quot;,&quot;16&quot;:11}\"><strong>Otras becas.<\/strong> Desde el trimestre de verano y hasta el trimestre de primavera, usted debe planear inscribirse en un m\u00ednimo de 36 unidades. Usted debe inscribirse por lo menos a medio tiempo (6 unidades) en los trimestres de oto\u00f1o, invierno y primavera para recibir su beca completa.<\/span><\/p>\n<p><span data-sheets-value=\"{&quot;1&quot;:2,&quot;2&quot;:&quot;Campus. Las becas est\u00e1n disponibles para los estudiantes que asisten a cualquier campus y en l\u00ednea, aunque la disponibilidad de becas variar\u00e1 dependiendo de su elecci\u00f3n del campus primario.&quot;}\" data-sheets-userformat=\"{&quot;2&quot;:15235,&quot;3&quot;:{&quot;1&quot;:0},&quot;4&quot;:[null,2,16777215],&quot;10&quot;:0,&quot;11&quot;:4,&quot;12&quot;:0,&quot;14&quot;:[null,2,3355443],&quot;15&quot;:&quot;Helvetica Neue&quot;,&quot;16&quot;:11}\"><strong>Campus.<\/strong>Las becas est\u00e1n disponibles para los estudiantes que asisten a cualquier campus y en l\u00ednea, aunque la disponibilidad de becas variar\u00e1 dependiendo de su elecci\u00f3n del campus primario.<\/span><\/p>\n<p><span data-sheets-value=\"{&quot;1&quot;:2,&quot;2&quot;:&quot;Matr\u00edcula. Usted debe asistir a clases a nivel de medio tiempo (o mayor) para recibir ayuda institucional. El estatus de su matriculaci\u00f3n se eval\u00faa cada trimestre.&quot;}\" data-sheets-userformat=\"{&quot;2&quot;:15235,&quot;3&quot;:{&quot;1&quot;:0},&quot;4&quot;:[null,2,16777215],&quot;10&quot;:0,&quot;11&quot;:4,&quot;12&quot;:0,&quot;14&quot;:[null,2,3355443],&quot;15&quot;:&quot;Helvetica Neue&quot;,&quot;16&quot;:11}\"><strong>Matr\u00edcula.<\/strong>Usted debe asistir a clases a nivel de medio tiempo (o mayor) para recibir ayuda institucional. El estatus de su matriculaci\u00f3n se eval\u00faa cada trimestre.<\/span><\/p>\n<p><strong>Tipos de ayuda institucional para los programas de teolog\u00eda<\/strong><\/p>\n<p><span data-sheets-value=\"{&quot;1&quot;:2,&quot;2&quot;:&quot;La siguiente lista describe los tipos de ayuda institucional disponibles para los estudiantes de MDiv, MA y certificados. Para todas las ayudas basadas en necesidad, usted debe completar una solicitud de ayuda financiera de Fuller y devolverla a la oficina de servicios financieros del estudiante en los plazos enunciados abajo. Usted debe aplicar anualmente a todas las ayudas que se enumeran a continuaci\u00f3n.&quot;}\" data-sheets-userformat=\"{&quot;2&quot;:15235,&quot;3&quot;:{&quot;1&quot;:0},&quot;4&quot;:[null,2,16777215],&quot;10&quot;:0,&quot;11&quot;:4,&quot;12&quot;:0,&quot;14&quot;:[null,2,3355443],&quot;15&quot;:&quot;Helvetica Neue&quot;,&quot;16&quot;:11}\">La siguiente lista describe los tipos de ayuda institucional disponibles para los estudiantes de MDiv, MA y certificados. Para todas las ayudas basadas en necesidad, usted debe completar una solicitud de ayuda financiera de Fuller y devolverla a la oficina de servicios financieros del estudiante en los plazos enunciados abajo. Usted debe aplicar anualmente a todas las ayudas que se enumeran a continuaci\u00f3n.<\/span><\/p>\n<p><span data-sheets-value=\"{&quot;1&quot;:2,&quot;2&quot;:&quot;Beca basada en necesidad. Esta beca proporciona asistencia a los estudiantes en el programa M.Div. o M.A. que demuestran tener necesidad financiera. Las becas se basan \u00fanicamente en la necesidad financiera.&quot;}\" data-sheets-userformat=\"{&quot;2&quot;:15235,&quot;3&quot;:{&quot;1&quot;:0},&quot;4&quot;:[null,2,16777215],&quot;10&quot;:0,&quot;11&quot;:4,&quot;12&quot;:0,&quot;14&quot;:[null,2,3355443],&quot;15&quot;:&quot;Helvetica Neue&quot;,&quot;16&quot;:11}\"><strong>Beca basada en necesidad<\/strong>.Esta beca proporciona asistencia a los estudiantes en el programa M.Div. o M.A. que demuestran tener necesidad financiera. Las becas se basan \u00fanicamente en la necesidad financiera.<\/span><\/p>\n<p><span data-sheets-value=\"{&quot;1&quot;:2,&quot;2&quot;:&quot;Otras becas. A trav\u00e9s de los donativos de contribuyentes generosos, se han establecido fondos especiales para estudiantes con o sin necesidad financiera que cumplen con criterios espec\u00edficos adicionales determinados por los donantes. Los procedimientos de aplicaci\u00f3n dependen de cada beca. Comun\u00edquese con la oficina de servicios financieros al estudiante para m\u00e1s detalles sobre la aplicaci\u00f3n.&quot;}\" data-sheets-userformat=\"{&quot;2&quot;:15235,&quot;3&quot;:{&quot;1&quot;:0},&quot;4&quot;:[null,2,16777215],&quot;10&quot;:0,&quot;11&quot;:4,&quot;12&quot;:0,&quot;14&quot;:[null,2,3355443],&quot;15&quot;:&quot;Helvetica Neue&quot;,&quot;16&quot;:11}\"><strong>Otras becas.<\/strong>A trav\u00e9s de los donativos de contribuyentes generosos, se han establecido fondos especiales para estudiantes con o sin necesidad financiera que cumplen con criterios espec\u00edficos adicionales determinados por los donantes. Los procedimientos de aplicaci\u00f3n dependen de cada beca. Comun\u00edquese con la oficina de servicios financieros al estudiante para m\u00e1s detalles sobre la aplicaci\u00f3n.<\/span><\/p>\n<p><span data-sheets-value=\"{&quot;1&quot;:2,&quot;2&quot;:&quot;Beca del programa de liderazgo latino o del centro Panell. Esta beca que se basa en la necesidad de los estudiantes, proporciona asistencia a los estudiantes designados por el centro de Panell o por los programas del Centro Latino.&quot;}\" data-sheets-userformat=\"{&quot;2&quot;:15235,&quot;3&quot;:{&quot;1&quot;:0},&quot;4&quot;:[null,2,16777215],&quot;10&quot;:0,&quot;11&quot;:4,&quot;12&quot;:0,&quot;14&quot;:[null,2,3355443],&quot;15&quot;:&quot;Helvetica Neue&quot;,&quot;16&quot;:11}\"><strong>Beca del programa de liderazgo latino o del centro Panell.<\/strong> Esta beca que se basa en la necesidad de los estudiantes, proporciona asistencia a los estudiantes designados por el centro de Panell o por los programas del Centro Latino.<\/span><\/p>\n<p><strong><span data-sheets-value=\"{&quot;1&quot;:2,&quot;2&quot;:&quot;Plazos de aplicaci\u00f3n&quot;}\" data-sheets-userformat=\"{&quot;2&quot;:15235,&quot;3&quot;:{&quot;1&quot;:0},&quot;4&quot;:[null,2,16777215],&quot;10&quot;:0,&quot;11&quot;:4,&quot;12&quot;:0,&quot;14&quot;:[null,2,3355443],&quot;15&quot;:&quot;Helvetica Neue&quot;,&quot;16&quot;:11}\">Plazos de aplicaci\u00f3n<\/span><\/strong><\/p>\n<p><span data-sheets-value=\"{&quot;1&quot;:2,&quot;2&quot;:&quot;Nota: las becas cubren el per\u00edodo que va desde el trimestre de verano hasta el trimestre de primavera. Los estudiantes que apliquen despu\u00e9s de las fechas siguientes, reciben fondos mientras haya disponibilidad.&quot;}\" data-sheets-userformat=\"{&quot;2&quot;:15235,&quot;3&quot;:{&quot;1&quot;:0},&quot;4&quot;:[null,2,16777215],&quot;10&quot;:0,&quot;11&quot;:4,&quot;12&quot;:0,&quot;14&quot;:[null,2,3355443],&quot;15&quot;:&quot;Helvetica Neue&quot;,&quot;16&quot;:11}\">Nota: las becas cubren el per\u00edodo que va desde el trimestre de verano hasta el trimestre de primavera. Los estudiantes que apliquen despu\u00e9s de las fechas siguientes, reciben fondos mientras haya disponibilidad.<\/span><\/p>\n<ul>\n<li><span data-sheets-value=\"{&quot;1&quot;:2,&quot;2&quot;:&quot;Estudiantes actuales: Segundo viernes de marzo&quot;}\" data-sheets-userformat=\"{&quot;2&quot;:15235,&quot;3&quot;:{&quot;1&quot;:0},&quot;4&quot;:[null,2,16777215],&quot;10&quot;:0,&quot;11&quot;:4,&quot;12&quot;:0,&quot;14&quot;:[null,2,3355443],&quot;15&quot;:&quot;Helvetica Neue&quot;,&quot;16&quot;:11}\">Estudiantes actuales: Segundo viernes de marzo<\/span><\/li>\n<li><span data-sheets-value=\"{&quot;1&quot;:2,&quot;2&quot;:&quot;Nuevos alumnos: Primer viernes de abril&quot;}\" data-sheets-userformat=\"{&quot;2&quot;:15235,&quot;3&quot;:{&quot;1&quot;:0},&quot;4&quot;:[null,2,16777215],&quot;10&quot;:0,&quot;11&quot;:4,&quot;12&quot;:0,&quot;14&quot;:[null,2,3355443],&quot;15&quot;:&quot;Helvetica Neue&quot;,&quot;16&quot;:11}\">Nuevos alumnos: Primer viernes de abril<\/span><\/li>\n<\/ul>\n<p><span data-sheets-value=\"{&quot;1&quot;:2,&quot;2&quot;:&quot;Los estudiantes con aplicaciones completas recibir\u00e1n notificaci\u00f3n dentro de aproximadamente 45 d\u00edas despu\u00e9s del vencimiento de las fechas respectivas.&quot;}\" data-sheets-userformat=\"{&quot;2&quot;:15235,&quot;3&quot;:{&quot;1&quot;:0},&quot;4&quot;:[null,2,16777215],&quot;10&quot;:0,&quot;11&quot;:4,&quot;12&quot;:0,&quot;14&quot;:[null,2,3355443],&quot;15&quot;:&quot;Helvetica Neue&quot;,&quot;16&quot;:11}\">Los estudiantes con aplicaciones completas recibir\u00e1n notificaci\u00f3n dentro de aproximadamente 45 d\u00edas despu\u00e9s del vencimiento de las fechas respectivas.<\/span><\/p>\n<p><span data-sheets-value=\"{&quot;1&quot;:2,&quot;2&quot;:&quot;Los estudiantes a quienes se les ha conferido una beca o ayuda financiera, pueden encontrar los t\u00e9rminos y condiciones relacionados con la ayuda institucional a trav\u00e9s del enlace &quot;Accept My Financial Aid Awards&quot; en http:\/\/Fuller.edu\/SFS\/.&quot;}\" data-sheets-userformat=\"{&quot;2&quot;:15235,&quot;3&quot;:{&quot;1&quot;:0},&quot;4&quot;:[null,2,16777215],&quot;10&quot;:0,&quot;11&quot;:4,&quot;12&quot;:0,&quot;14&quot;:[null,2,3355443],&quot;15&quot;:&quot;Helvetica Neue&quot;,&quot;16&quot;:11}\">Los estudiantes a quienes se les ha conferido una beca o ayuda financiera, pueden encontrar los t\u00e9rminos y condiciones relacionados con la ayuda institucional a trav\u00e9s del enlace \u00abAccept My Financial Aid Awards\u00bb en http:\/\/Fuller.edu\/SFS\/.<\/span><\/p>\n<p>&nbsp;<\/p>\n","protected":false},"excerpt":{"rendered":"<p>Requisitos de elegibilidad Estatus de admisi\u00f3n.Usted debe ser aceptado como un estudiante regular o en periodo de prueba en un programa que otorgue titulo o certificado, o como un estudiante especial. Los estudiantes aceptados con estatus condicional provisional o tard\u00edo, o como matr\u00edcula limitada, certificado, no clasificado, o estudiantes visitantes no califican para las becas&hellip;<\/p>\n","protected":false},"author":1,"featured_media":0,"parent":2021,"menu_order":2,"comment_status":"closed","ping_status":"closed","template":"","meta":{"footnotes":""},"class_list":["post-1817","page","type-page","status-publish","hentry"],"yoast_head":"<!-- This site is optimized with the Yoast SEO plugin v27.2 - https:\/\/yoast.com\/product\/yoast-seo-wordpress\/ -->\n<title>Escuela de teolog\u00eda (M.Div., M.A., y certificados) - Fuller Student Handbook<\/title>\n<meta name=\"robots\" content=\"index, follow, max-snippet:-1, max-image-preview:large, max-video-preview:-1\" \/>\n<link rel=\"canonical\" href=\"https:\/\/studenthandbook.fuller.edu\/es\/el-manual-del-estudiante\/ayuda-financiera\/escuela-de-teologia-m-div-m-a-y-certificados\/\" \/>\n<meta property=\"og:locale\" content=\"es_ES\" \/>\n<meta property=\"og:type\" content=\"article\" \/>\n<meta property=\"og:title\" content=\"Escuela de teolog\u00eda (M.Div., M.A., y certificados) - Fuller Student Handbook\" \/>\n<meta property=\"og:description\" content=\"Requisitos de elegibilidad Estatus de admisi\u00f3n.Usted debe ser aceptado como un estudiante regular o en periodo de prueba en un programa que otorgue titulo o certificado, o como un estudiante especial. Los estudiantes aceptados con estatus condicional provisional o tard\u00edo, o como matr\u00edcula limitada, certificado, no clasificado, o estudiantes visitantes no califican para las becas&hellip;\" \/>\n<meta property=\"og:url\" content=\"https:\/\/studenthandbook.fuller.edu\/es\/el-manual-del-estudiante\/ayuda-financiera\/escuela-de-teologia-m-div-m-a-y-certificados\/\" \/>\n<meta property=\"og:site_name\" content=\"Fuller Student Handbook\" \/>\n<meta property=\"og:image\" content=\"https:\/\/studenthandbook.fuller.edu\/wp-content\/uploads\/2025\/04\/Fuller-Logo-Purple.jpg\" \/>\n\t<meta property=\"og:image:width\" content=\"1200\" \/>\n\t<meta property=\"og:image:height\" content=\"675\" \/>\n\t<meta property=\"og:image:type\" content=\"image\/jpeg\" \/>\n<meta name=\"twitter:card\" content=\"summary_large_image\" \/>\n<meta name=\"twitter:label1\" content=\"Tiempo de lectura\" \/>\n\t<meta name=\"twitter:data1\" content=\"3 minutos\" \/>\n<script type=\"application\/ld+json\" class=\"yoast-schema-graph\">{\"@context\":\"https:\/\/schema.org\",\"@graph\":[{\"@type\":\"WebPage\",\"@id\":\"https:\/\/studenthandbook.fuller.edu\/es\/el-manual-del-estudiante\/ayuda-financiera\/escuela-de-teologia-m-div-m-a-y-certificados\/\",\"url\":\"https:\/\/studenthandbook.fuller.edu\/es\/el-manual-del-estudiante\/ayuda-financiera\/escuela-de-teologia-m-div-m-a-y-certificados\/\",\"name\":\"Escuela de teolog\u00eda (M.Div., M.A., y certificados) - Fuller Student Handbook\",\"isPartOf\":{\"@id\":\"https:\/\/studenthandbook.fuller.edu\/es\/#website\"},\"datePublished\":\"2019-02-13T08:43:40+00:00\",\"breadcrumb\":{\"@id\":\"https:\/\/studenthandbook.fuller.edu\/es\/el-manual-del-estudiante\/ayuda-financiera\/escuela-de-teologia-m-div-m-a-y-certificados\/#breadcrumb\"},\"inLanguage\":\"es\",\"potentialAction\":[{\"@type\":\"ReadAction\",\"target\":[\"https:\/\/studenthandbook.fuller.edu\/es\/el-manual-del-estudiante\/ayuda-financiera\/escuela-de-teologia-m-div-m-a-y-certificados\/\"]}]},{\"@type\":\"BreadcrumbList\",\"@id\":\"https:\/\/studenthandbook.fuller.edu\/es\/el-manual-del-estudiante\/ayuda-financiera\/escuela-de-teologia-m-div-m-a-y-certificados\/#breadcrumb\",\"itemListElement\":[{\"@type\":\"ListItem\",\"position\":1,\"name\":\"Home\",\"item\":\"https:\/\/studenthandbook.fuller.edu\/es\/el-manual-del-estudiante\/\"},{\"@type\":\"ListItem\",\"position\":2,\"name\":\"El Manual del Estudiante\",\"item\":\"https:\/\/studenthandbook.fuller.edu\/es\/el-manual-del-estudiante\/\"},{\"@type\":\"ListItem\",\"position\":3,\"name\":\"Ayuda Financiera\",\"item\":\"https:\/\/studenthandbook.fuller.edu\/es\/el-manual-del-estudiante\/ayuda-financiera\/\"},{\"@type\":\"ListItem\",\"position\":4,\"name\":\"Escuela de teolog\u00eda (M.Div., M.A., y certificados)\"}]},{\"@type\":\"WebSite\",\"@id\":\"https:\/\/studenthandbook.fuller.edu\/es\/#website\",\"url\":\"https:\/\/studenthandbook.fuller.edu\/es\/\",\"name\":\"Fuller Student Handbook\",\"description\":\"\",\"publisher\":{\"@id\":\"https:\/\/studenthandbook.fuller.edu\/es\/#organization\"},\"potentialAction\":[{\"@type\":\"SearchAction\",\"target\":{\"@type\":\"EntryPoint\",\"urlTemplate\":\"https:\/\/studenthandbook.fuller.edu\/es\/?s={search_term_string}\"},\"query-input\":{\"@type\":\"PropertyValueSpecification\",\"valueRequired\":true,\"valueName\":\"search_term_string\"}}],\"inLanguage\":\"es\"},{\"@type\":\"Organization\",\"@id\":\"https:\/\/studenthandbook.fuller.edu\/es\/#organization\",\"name\":\"Fuller Student Handbook\",\"url\":\"https:\/\/studenthandbook.fuller.edu\/es\/\",\"logo\":{\"@type\":\"ImageObject\",\"inLanguage\":\"es\",\"@id\":\"https:\/\/studenthandbook.fuller.edu\/es\/#\/schema\/logo\/image\/\",\"url\":\"https:\/\/studenthandbook.fuller.edu\/wp-content\/uploads\/2025\/04\/Fuller-Logo-Purple-square.jpg\",\"contentUrl\":\"https:\/\/studenthandbook.fuller.edu\/wp-content\/uploads\/2025\/04\/Fuller-Logo-Purple-square.jpg\",\"width\":696,\"height\":696,\"caption\":\"Fuller Student Handbook\"},\"image\":{\"@id\":\"https:\/\/studenthandbook.fuller.edu\/es\/#\/schema\/logo\/image\/\"}}]}<\/script>\n<!-- \/ Yoast SEO plugin. -->","yoast_head_json":{"title":"Escuela de teolog\u00eda (M.Div., M.A., y certificados) - Fuller Student Handbook","robots":{"index":"index","follow":"follow","max-snippet":"max-snippet:-1","max-image-preview":"max-image-preview:large","max-video-preview":"max-video-preview:-1"},"canonical":"https:\/\/studenthandbook.fuller.edu\/es\/el-manual-del-estudiante\/ayuda-financiera\/escuela-de-teologia-m-div-m-a-y-certificados\/","og_locale":"es_ES","og_type":"article","og_title":"Escuela de teolog\u00eda (M.Div., M.A., y certificados) - Fuller Student Handbook","og_description":"Requisitos de elegibilidad Estatus de admisi\u00f3n.Usted debe ser aceptado como un estudiante regular o en periodo de prueba en un programa que otorgue titulo o certificado, o como un estudiante especial. Los estudiantes aceptados con estatus condicional provisional o tard\u00edo, o como matr\u00edcula limitada, certificado, no clasificado, o estudiantes visitantes no califican para las becas&hellip;","og_url":"https:\/\/studenthandbook.fuller.edu\/es\/el-manual-del-estudiante\/ayuda-financiera\/escuela-de-teologia-m-div-m-a-y-certificados\/","og_site_name":"Fuller Student Handbook","og_image":[{"width":1200,"height":675,"url":"https:\/\/studenthandbook.fuller.edu\/wp-content\/uploads\/2025\/04\/Fuller-Logo-Purple.jpg","type":"image\/jpeg"}],"twitter_card":"summary_large_image","twitter_misc":{"Tiempo de lectura":"3 minutos"},"schema":{"@context":"https:\/\/schema.org","@graph":[{"@type":"WebPage","@id":"https:\/\/studenthandbook.fuller.edu\/es\/el-manual-del-estudiante\/ayuda-financiera\/escuela-de-teologia-m-div-m-a-y-certificados\/","url":"https:\/\/studenthandbook.fuller.edu\/es\/el-manual-del-estudiante\/ayuda-financiera\/escuela-de-teologia-m-div-m-a-y-certificados\/","name":"Escuela de teolog\u00eda (M.Div., M.A., y certificados) - Fuller Student Handbook","isPartOf":{"@id":"https:\/\/studenthandbook.fuller.edu\/es\/#website"},"datePublished":"2019-02-13T08:43:40+00:00","breadcrumb":{"@id":"https:\/\/studenthandbook.fuller.edu\/es\/el-manual-del-estudiante\/ayuda-financiera\/escuela-de-teologia-m-div-m-a-y-certificados\/#breadcrumb"},"inLanguage":"es","potentialAction":[{"@type":"ReadAction","target":["https:\/\/studenthandbook.fuller.edu\/es\/el-manual-del-estudiante\/ayuda-financiera\/escuela-de-teologia-m-div-m-a-y-certificados\/"]}]},{"@type":"BreadcrumbList","@id":"https:\/\/studenthandbook.fuller.edu\/es\/el-manual-del-estudiante\/ayuda-financiera\/escuela-de-teologia-m-div-m-a-y-certificados\/#breadcrumb","itemListElement":[{"@type":"ListItem","position":1,"name":"Home","item":"https:\/\/studenthandbook.fuller.edu\/es\/el-manual-del-estudiante\/"},{"@type":"ListItem","position":2,"name":"El Manual del Estudiante","item":"https:\/\/studenthandbook.fuller.edu\/es\/el-manual-del-estudiante\/"},{"@type":"ListItem","position":3,"name":"Ayuda Financiera","item":"https:\/\/studenthandbook.fuller.edu\/es\/el-manual-del-estudiante\/ayuda-financiera\/"},{"@type":"ListItem","position":4,"name":"Escuela de teolog\u00eda (M.Div., M.A., y certificados)"}]},{"@type":"WebSite","@id":"https:\/\/studenthandbook.fuller.edu\/es\/#website","url":"https:\/\/studenthandbook.fuller.edu\/es\/","name":"Fuller Student Handbook","description":"","publisher":{"@id":"https:\/\/studenthandbook.fuller.edu\/es\/#organization"},"potentialAction":[{"@type":"SearchAction","target":{"@type":"EntryPoint","urlTemplate":"https:\/\/studenthandbook.fuller.edu\/es\/?s={search_term_string}"},"query-input":{"@type":"PropertyValueSpecification","valueRequired":true,"valueName":"search_term_string"}}],"inLanguage":"es"},{"@type":"Organization","@id":"https:\/\/studenthandbook.fuller.edu\/es\/#organization","name":"Fuller Student Handbook","url":"https:\/\/studenthandbook.fuller.edu\/es\/","logo":{"@type":"ImageObject","inLanguage":"es","@id":"https:\/\/studenthandbook.fuller.edu\/es\/#\/schema\/logo\/image\/","url":"https:\/\/studenthandbook.fuller.edu\/wp-content\/uploads\/2025\/04\/Fuller-Logo-Purple-square.jpg","contentUrl":"https:\/\/studenthandbook.fuller.edu\/wp-content\/uploads\/2025\/04\/Fuller-Logo-Purple-square.jpg","width":696,"height":696,"caption":"Fuller Student Handbook"},"image":{"@id":"https:\/\/studenthandbook.fuller.edu\/es\/#\/schema\/logo\/image\/"}}]}},"jetpack_sharing_enabled":true,"_links":{"self":[{"href":"https:\/\/studenthandbook.fuller.edu\/es\/wp-json\/wp\/v2\/pages\/1817","targetHints":{"allow":["GET"]}}],"collection":[{"href":"https:\/\/studenthandbook.fuller.edu\/es\/wp-json\/wp\/v2\/pages"}],"about":[{"href":"https:\/\/studenthandbook.fuller.edu\/es\/wp-json\/wp\/v2\/types\/page"}],"author":[{"embeddable":true,"href":"https:\/\/studenthandbook.fuller.edu\/es\/wp-json\/wp\/v2\/users\/1"}],"replies":[{"embeddable":true,"href":"https:\/\/studenthandbook.fuller.edu\/es\/wp-json\/wp\/v2\/comments?post=1817"}],"version-history":[{"count":0,"href":"https:\/\/studenthandbook.fuller.edu\/es\/wp-json\/wp\/v2\/pages\/1817\/revisions"}],"up":[{"embeddable":true,"href":"https:\/\/studenthandbook.fuller.edu\/es\/wp-json\/wp\/v2\/pages\/2021"}],"wp:attachment":[{"href":"https:\/\/studenthandbook.fuller.edu\/es\/wp-json\/wp\/v2\/media?parent=1817"}],"curies":[{"name":"wp","href":"https:\/\/api.w.org\/{rel}","templated":true}]}}