{"id":1810,"date":"2019-02-12T19:40:28","date_gmt":"2019-02-12T19:40:28","guid":{"rendered":"https:\/\/studenthandbook.fuller.edu\/peticiones\/"},"modified":"2019-02-12T19:40:28","modified_gmt":"2019-02-12T19:40:28","slug":"peticiones","status":"publish","type":"page","link":"https:\/\/studenthandbook.fuller.edu\/es\/el-manual-del-estudiante\/politicas-academicas\/peticiones\/","title":{"rendered":"Peticiones"},"content":{"rendered":"<p><span data-sheets-value=\"{&quot;1&quot;:2,&quot;2&quot;:&quot;Peticiones Acad\u00e9micas. Una petici\u00f3n es una solicitud para obtener una excepci\u00f3n a una pol\u00edtica del seminario claramente definida y publicada (por ejemplo, una fecha de entrega de trabajo). No se trata de hacer los tr\u00e1mites necesarios simplemente para obtener lo que se solicita. Independientemente de la naturaleza de la solicitud, esta puede ser rechazada si las circunstancias que crearon el problema no son atenuantes o las razones no son suficientes. Ignorancia sobre p\u00f3lizas o fechas de entrega, falta de tiempo, olvido no se considerar\u00e1n razones v\u00e1lidas para una petici\u00f3n. Los formularios para presentar diversos tipos de peticiones est\u00e1n disponibles a trav\u00e9s de asesores acad\u00e9micos.&quot;}\" data-sheets-userformat=\"{&quot;2&quot;:15233,&quot;3&quot;:{&quot;1&quot;:0},&quot;10&quot;:0,&quot;11&quot;:4,&quot;12&quot;:0,&quot;14&quot;:[null,2,3289907],&quot;15&quot;:&quot;Helvetica Neue&quot;,&quot;16&quot;:11}\">Peticiones Acad\u00e9micas.Una petici\u00f3n es una solicitud para obtener una excepci\u00f3n a una pol\u00edtica del seminario claramente definida y publicada (por ejemplo, una fecha de entrega de trabajo). No se trata de hacer los tr\u00e1mites necesarios simplemente para obtener lo que se solicita. Independientemente de la naturaleza de la solicitud, esta puede ser rechazada si las circunstancias que crearon el problema no son atenuantes o las razones no son suficientes. Ignorancia sobre p\u00f3lizas o fechas de entrega, falta de tiempo, olvido no se considerar\u00e1n razones v\u00e1lidas para una petici\u00f3n. Los formularios para presentar diversos tipos de peticiones est\u00e1n disponibles a trav\u00e9s de asesores acad\u00e9micos.<\/span><\/p>\n<p><span data-sheets-value=\"{&quot;1&quot;:2,&quot;2&quot;:&quot;Peticiones Financieras. Puede presentar una petici\u00f3n financiera para solicitar un reembolso mayor a la matr\u00edcula o aranceles de los que usted tiene derecho bajo la p\u00f3liza del seminario. Esta petici\u00f3n es para una excepci\u00f3n a una pol\u00edtica de seminario claramente definida y publicada (como una fecha l\u00edmite). No se trata de hacer los tr\u00e1mites necesarios simplemente para obtener lo que se solicita. Independientemente de la naturaleza de la solicitud, esta puede ser rechazada si las circunstancias que crearon el problema no son atenuantes o las razones no son suficientes. Lo sentimos, pero ignorancia sobre p\u00f3lizas o fechas l\u00edmite, falta de tiempo, el olvido o la incapacidad de pagar no proporcionan raz\u00f3n v\u00e1lida para solicitar una petici\u00f3n financiera.&quot;}\" data-sheets-userformat=\"{&quot;2&quot;:15233,&quot;3&quot;:{&quot;1&quot;:0},&quot;10&quot;:0,&quot;11&quot;:4,&quot;12&quot;:0,&quot;14&quot;:[null,2,3289907],&quot;15&quot;:&quot;Helvetica Neue&quot;,&quot;16&quot;:11}\">Peticiones Financieras.Puede presentar una petici\u00f3n financiera para solicitar un reembolso mayor a la matr\u00edcula o aranceles de los que usted tiene derecho bajo la p\u00f3liza del seminario. Esta petici\u00f3n es para una excepci\u00f3n a una pol\u00edtica de seminario claramente definida y publicada (como una fecha l\u00edmite). No se trata de hacer los tr\u00e1mites necesarios simplemente para obtener lo que se solicita. Independientemente de la naturaleza de la solicitud, esta puede ser rechazada si las circunstancias que crearon el problema no son atenuantes o las razones no son suficientes. Lo sentimos, pero ignorancia sobre p\u00f3lizas o fechas l\u00edmite, falta de tiempo, el olvido o la incapacidad de pagar no proporcionan raz\u00f3n v\u00e1lida para solicitar una petici\u00f3n financiera.<\/span><\/p>\n<p><span data-sheets-value=\"{&quot;1&quot;:2,&quot;2&quot;:&quot;Una petici\u00f3n financiera relacionada a una petici\u00f3n acad\u00e9mica u otra acci\u00f3n (tal como dar de baja una clase) debe ser presentada junto con tal petici\u00f3n acad\u00e9mica o formulario de baja. Sin embargo, las peticiones acad\u00e9micas no ser\u00e1n consideradas sobre la base que usted s\u00f3lo desea dejar la clase si su petici\u00f3n financiera es aprobada.&quot;}\" data-sheets-userformat=\"{&quot;2&quot;:15233,&quot;3&quot;:{&quot;1&quot;:0},&quot;10&quot;:0,&quot;11&quot;:4,&quot;12&quot;:0,&quot;14&quot;:[null,2,3289907],&quot;15&quot;:&quot;Helvetica Neue&quot;,&quot;16&quot;:11}\">Una petici\u00f3n financiera relacionada a una petici\u00f3n acad\u00e9mica u otra acci\u00f3n (tal como dar de baja una clase) debe ser presentada junto con tal petici\u00f3n acad\u00e9mica o formulario de baja. Sin embargo, las peticiones acad\u00e9micas no ser\u00e1n consideradas sobre la base que usted s\u00f3lo desea dejar la clase si su petici\u00f3n financiera es aprobada.<\/span><\/p>\n","protected":false},"excerpt":{"rendered":"<p>Peticiones Acad\u00e9micas.Una petici\u00f3n es una solicitud para obtener una excepci\u00f3n a una pol\u00edtica del seminario claramente definida y publicada (por ejemplo, una fecha de entrega de trabajo). No se trata de hacer los tr\u00e1mites necesarios simplemente para obtener lo que se solicita. Independientemente de la naturaleza de la solicitud, esta puede ser rechazada si las&hellip;<\/p>\n","protected":false},"author":1,"featured_media":0,"parent":2017,"menu_order":7,"comment_status":"closed","ping_status":"closed","template":"","meta":{"footnotes":""},"class_list":["post-1810","page","type-page","status-publish","hentry"],"yoast_head":"<!-- This site is optimized with the Yoast SEO plugin v27.2 - https:\/\/yoast.com\/product\/yoast-seo-wordpress\/ -->\n<title>Peticiones - Fuller Student Handbook<\/title>\n<meta name=\"robots\" content=\"index, follow, max-snippet:-1, max-image-preview:large, max-video-preview:-1\" \/>\n<link rel=\"canonical\" href=\"https:\/\/studenthandbook.fuller.edu\/es\/el-manual-del-estudiante\/politicas-academicas\/peticiones\/\" \/>\n<meta property=\"og:locale\" content=\"es_ES\" \/>\n<meta property=\"og:type\" content=\"article\" \/>\n<meta property=\"og:title\" content=\"Peticiones - Fuller Student Handbook\" \/>\n<meta property=\"og:description\" content=\"Peticiones Acad\u00e9micas.Una petici\u00f3n es una solicitud para obtener una excepci\u00f3n a una pol\u00edtica del seminario claramente definida y publicada (por ejemplo, una fecha de entrega de trabajo). No se trata de hacer los tr\u00e1mites necesarios simplemente para obtener lo que se solicita. Independientemente de la naturaleza de la solicitud, esta puede ser rechazada si las&hellip;\" \/>\n<meta property=\"og:url\" content=\"https:\/\/studenthandbook.fuller.edu\/es\/el-manual-del-estudiante\/politicas-academicas\/peticiones\/\" \/>\n<meta property=\"og:site_name\" content=\"Fuller Student Handbook\" \/>\n<meta property=\"og:image\" content=\"https:\/\/studenthandbook.fuller.edu\/wp-content\/uploads\/2025\/04\/Fuller-Logo-Purple.jpg\" \/>\n\t<meta property=\"og:image:width\" content=\"1200\" \/>\n\t<meta property=\"og:image:height\" content=\"675\" \/>\n\t<meta property=\"og:image:type\" content=\"image\/jpeg\" \/>\n<meta name=\"twitter:card\" content=\"summary_large_image\" \/>\n<meta name=\"twitter:label1\" content=\"Tiempo de lectura\" \/>\n\t<meta name=\"twitter:data1\" content=\"2 minutos\" \/>\n<script type=\"application\/ld+json\" class=\"yoast-schema-graph\">{\"@context\":\"https:\/\/schema.org\",\"@graph\":[{\"@type\":\"WebPage\",\"@id\":\"https:\/\/studenthandbook.fuller.edu\/es\/el-manual-del-estudiante\/politicas-academicas\/peticiones\/\",\"url\":\"https:\/\/studenthandbook.fuller.edu\/es\/el-manual-del-estudiante\/politicas-academicas\/peticiones\/\",\"name\":\"Peticiones - Fuller Student Handbook\",\"isPartOf\":{\"@id\":\"https:\/\/studenthandbook.fuller.edu\/es\/#website\"},\"datePublished\":\"2019-02-12T19:40:28+00:00\",\"breadcrumb\":{\"@id\":\"https:\/\/studenthandbook.fuller.edu\/es\/el-manual-del-estudiante\/politicas-academicas\/peticiones\/#breadcrumb\"},\"inLanguage\":\"es\",\"potentialAction\":[{\"@type\":\"ReadAction\",\"target\":[\"https:\/\/studenthandbook.fuller.edu\/es\/el-manual-del-estudiante\/politicas-academicas\/peticiones\/\"]}]},{\"@type\":\"BreadcrumbList\",\"@id\":\"https:\/\/studenthandbook.fuller.edu\/es\/el-manual-del-estudiante\/politicas-academicas\/peticiones\/#breadcrumb\",\"itemListElement\":[{\"@type\":\"ListItem\",\"position\":1,\"name\":\"Home\",\"item\":\"https:\/\/studenthandbook.fuller.edu\/es\/el-manual-del-estudiante\/\"},{\"@type\":\"ListItem\",\"position\":2,\"name\":\"El Manual del Estudiante\",\"item\":\"https:\/\/studenthandbook.fuller.edu\/es\/el-manual-del-estudiante\/\"},{\"@type\":\"ListItem\",\"position\":3,\"name\":\"Pol\u00edticas Acad\u00e9micas\",\"item\":\"https:\/\/studenthandbook.fuller.edu\/es\/el-manual-del-estudiante\/politicas-academicas\/\"},{\"@type\":\"ListItem\",\"position\":4,\"name\":\"Peticiones\"}]},{\"@type\":\"WebSite\",\"@id\":\"https:\/\/studenthandbook.fuller.edu\/es\/#website\",\"url\":\"https:\/\/studenthandbook.fuller.edu\/es\/\",\"name\":\"Fuller Student Handbook\",\"description\":\"\",\"publisher\":{\"@id\":\"https:\/\/studenthandbook.fuller.edu\/es\/#organization\"},\"potentialAction\":[{\"@type\":\"SearchAction\",\"target\":{\"@type\":\"EntryPoint\",\"urlTemplate\":\"https:\/\/studenthandbook.fuller.edu\/es\/?s={search_term_string}\"},\"query-input\":{\"@type\":\"PropertyValueSpecification\",\"valueRequired\":true,\"valueName\":\"search_term_string\"}}],\"inLanguage\":\"es\"},{\"@type\":\"Organization\",\"@id\":\"https:\/\/studenthandbook.fuller.edu\/es\/#organization\",\"name\":\"Fuller Student Handbook\",\"url\":\"https:\/\/studenthandbook.fuller.edu\/es\/\",\"logo\":{\"@type\":\"ImageObject\",\"inLanguage\":\"es\",\"@id\":\"https:\/\/studenthandbook.fuller.edu\/es\/#\/schema\/logo\/image\/\",\"url\":\"https:\/\/studenthandbook.fuller.edu\/wp-content\/uploads\/2025\/04\/Fuller-Logo-Purple-square.jpg\",\"contentUrl\":\"https:\/\/studenthandbook.fuller.edu\/wp-content\/uploads\/2025\/04\/Fuller-Logo-Purple-square.jpg\",\"width\":696,\"height\":696,\"caption\":\"Fuller Student Handbook\"},\"image\":{\"@id\":\"https:\/\/studenthandbook.fuller.edu\/es\/#\/schema\/logo\/image\/\"}}]}<\/script>\n<!-- \/ Yoast SEO plugin. -->","yoast_head_json":{"title":"Peticiones - Fuller Student Handbook","robots":{"index":"index","follow":"follow","max-snippet":"max-snippet:-1","max-image-preview":"max-image-preview:large","max-video-preview":"max-video-preview:-1"},"canonical":"https:\/\/studenthandbook.fuller.edu\/es\/el-manual-del-estudiante\/politicas-academicas\/peticiones\/","og_locale":"es_ES","og_type":"article","og_title":"Peticiones - Fuller Student Handbook","og_description":"Peticiones Acad\u00e9micas.Una petici\u00f3n es una solicitud para obtener una excepci\u00f3n a una pol\u00edtica del seminario claramente definida y publicada (por ejemplo, una fecha de entrega de trabajo). No se trata de hacer los tr\u00e1mites necesarios simplemente para obtener lo que se solicita. Independientemente de la naturaleza de la solicitud, esta puede ser rechazada si las&hellip;","og_url":"https:\/\/studenthandbook.fuller.edu\/es\/el-manual-del-estudiante\/politicas-academicas\/peticiones\/","og_site_name":"Fuller Student Handbook","og_image":[{"width":1200,"height":675,"url":"https:\/\/studenthandbook.fuller.edu\/wp-content\/uploads\/2025\/04\/Fuller-Logo-Purple.jpg","type":"image\/jpeg"}],"twitter_card":"summary_large_image","twitter_misc":{"Tiempo de lectura":"2 minutos"},"schema":{"@context":"https:\/\/schema.org","@graph":[{"@type":"WebPage","@id":"https:\/\/studenthandbook.fuller.edu\/es\/el-manual-del-estudiante\/politicas-academicas\/peticiones\/","url":"https:\/\/studenthandbook.fuller.edu\/es\/el-manual-del-estudiante\/politicas-academicas\/peticiones\/","name":"Peticiones - Fuller Student Handbook","isPartOf":{"@id":"https:\/\/studenthandbook.fuller.edu\/es\/#website"},"datePublished":"2019-02-12T19:40:28+00:00","breadcrumb":{"@id":"https:\/\/studenthandbook.fuller.edu\/es\/el-manual-del-estudiante\/politicas-academicas\/peticiones\/#breadcrumb"},"inLanguage":"es","potentialAction":[{"@type":"ReadAction","target":["https:\/\/studenthandbook.fuller.edu\/es\/el-manual-del-estudiante\/politicas-academicas\/peticiones\/"]}]},{"@type":"BreadcrumbList","@id":"https:\/\/studenthandbook.fuller.edu\/es\/el-manual-del-estudiante\/politicas-academicas\/peticiones\/#breadcrumb","itemListElement":[{"@type":"ListItem","position":1,"name":"Home","item":"https:\/\/studenthandbook.fuller.edu\/es\/el-manual-del-estudiante\/"},{"@type":"ListItem","position":2,"name":"El Manual del Estudiante","item":"https:\/\/studenthandbook.fuller.edu\/es\/el-manual-del-estudiante\/"},{"@type":"ListItem","position":3,"name":"Pol\u00edticas Acad\u00e9micas","item":"https:\/\/studenthandbook.fuller.edu\/es\/el-manual-del-estudiante\/politicas-academicas\/"},{"@type":"ListItem","position":4,"name":"Peticiones"}]},{"@type":"WebSite","@id":"https:\/\/studenthandbook.fuller.edu\/es\/#website","url":"https:\/\/studenthandbook.fuller.edu\/es\/","name":"Fuller Student Handbook","description":"","publisher":{"@id":"https:\/\/studenthandbook.fuller.edu\/es\/#organization"},"potentialAction":[{"@type":"SearchAction","target":{"@type":"EntryPoint","urlTemplate":"https:\/\/studenthandbook.fuller.edu\/es\/?s={search_term_string}"},"query-input":{"@type":"PropertyValueSpecification","valueRequired":true,"valueName":"search_term_string"}}],"inLanguage":"es"},{"@type":"Organization","@id":"https:\/\/studenthandbook.fuller.edu\/es\/#organization","name":"Fuller Student Handbook","url":"https:\/\/studenthandbook.fuller.edu\/es\/","logo":{"@type":"ImageObject","inLanguage":"es","@id":"https:\/\/studenthandbook.fuller.edu\/es\/#\/schema\/logo\/image\/","url":"https:\/\/studenthandbook.fuller.edu\/wp-content\/uploads\/2025\/04\/Fuller-Logo-Purple-square.jpg","contentUrl":"https:\/\/studenthandbook.fuller.edu\/wp-content\/uploads\/2025\/04\/Fuller-Logo-Purple-square.jpg","width":696,"height":696,"caption":"Fuller Student Handbook"},"image":{"@id":"https:\/\/studenthandbook.fuller.edu\/es\/#\/schema\/logo\/image\/"}}]}},"jetpack_sharing_enabled":true,"_links":{"self":[{"href":"https:\/\/studenthandbook.fuller.edu\/es\/wp-json\/wp\/v2\/pages\/1810","targetHints":{"allow":["GET"]}}],"collection":[{"href":"https:\/\/studenthandbook.fuller.edu\/es\/wp-json\/wp\/v2\/pages"}],"about":[{"href":"https:\/\/studenthandbook.fuller.edu\/es\/wp-json\/wp\/v2\/types\/page"}],"author":[{"embeddable":true,"href":"https:\/\/studenthandbook.fuller.edu\/es\/wp-json\/wp\/v2\/users\/1"}],"replies":[{"embeddable":true,"href":"https:\/\/studenthandbook.fuller.edu\/es\/wp-json\/wp\/v2\/comments?post=1810"}],"version-history":[{"count":0,"href":"https:\/\/studenthandbook.fuller.edu\/es\/wp-json\/wp\/v2\/pages\/1810\/revisions"}],"up":[{"embeddable":true,"href":"https:\/\/studenthandbook.fuller.edu\/es\/wp-json\/wp\/v2\/pages\/2017"}],"wp:attachment":[{"href":"https:\/\/studenthandbook.fuller.edu\/es\/wp-json\/wp\/v2\/media?parent=1810"}],"curies":[{"name":"wp","href":"https:\/\/api.w.org\/{rel}","templated":true}]}}