{"id":1808,"date":"2019-02-12T19:31:04","date_gmt":"2019-02-12T19:31:04","guid":{"rendered":"https:\/\/studenthandbook.fuller.edu\/condicion-academica\/"},"modified":"2019-02-12T19:31:04","modified_gmt":"2019-02-12T19:31:04","slug":"condicion-academica","status":"publish","type":"page","link":"https:\/\/studenthandbook.fuller.edu\/es\/el-manual-del-estudiante\/politicas-academicas\/condicion-academica\/","title":{"rendered":"Condici\u00f3n Acad\u00e9mica"},"content":{"rendered":"<p><span data-sheets-value=\"{&quot;1&quot;:2,&quot;2&quot;:&quot;Condici\u00f3n Acad\u00e9mica Buena. Para permanecer en buena condici\u00f3n acad\u00e9mica, usted debe tener un promedio de 2,5 de grado cumulativo (GPA) en todo el trabajo del curso. Las calificaciones que representan una culminaci\u00f3n exitosa son C-, P (pass), y SA (satisfactorio). Las calificaciones que no representan una finalizaci\u00f3n satisfactoria son I (incompleta), H (retenci\u00f3n) y F (fail).&quot;}\" data-sheets-userformat=\"{&quot;2&quot;:15233,&quot;3&quot;:{&quot;1&quot;:0},&quot;10&quot;:0,&quot;11&quot;:4,&quot;12&quot;:0,&quot;14&quot;:[null,2,3289907],&quot;15&quot;:&quot;Helvetica Neue&quot;,&quot;16&quot;:11}\"><strong>Condici\u00f3n Acad\u00e9mica Buena.<\/strong>Para permanecer en buena condici\u00f3n acad\u00e9mica, usted debe tener un promedio de 2,5 de grado cumulativo (GPA) en todo el trabajo del curso. Las calificaciones que representan una culminaci\u00f3n exitosa son C-, P (pass), y SA (satisfactorio). Las calificaciones que no representan una finalizaci\u00f3n satisfactoria son I (incompleta), H (retenci\u00f3n) y F (fail).<\/span><\/p>\n<p><span data-sheets-value=\"{&quot;1&quot;:2,&quot;2&quot;:&quot;Per\u00edodo Acad\u00e9mico de Prueba. En el caso de que usted no cumpla con los est\u00e1ndares de progreso acad\u00e9mico satisfactorio, ser\u00e1 puesto en un per\u00edodo de prueba acad\u00e9mico. Si su GPA cumulativo cae por debajo de 2,0, usted puede estar sujeto a una destituci\u00f3n acad\u00e9mica.&quot;}\" data-sheets-userformat=\"{&quot;2&quot;:15233,&quot;3&quot;:{&quot;1&quot;:0},&quot;10&quot;:0,&quot;11&quot;:4,&quot;12&quot;:0,&quot;14&quot;:[null,2,3289907],&quot;15&quot;:&quot;Helvetica Neue&quot;,&quot;16&quot;:11}\"><strong>Per\u00edodo Acad\u00e9mico de Prueba<\/strong>. En el caso de que usted no cumpla con los est\u00e1ndares de progreso acad\u00e9mico satisfactorio, ser\u00e1 puesto en un per\u00edodo de prueba acad\u00e9mico. Si su GPA cumulativo cae por debajo de 2,0, usted puede estar sujeto a una destituci\u00f3n acad\u00e9mica.<\/span><\/p>\n<p><span data-sheets-value=\"{&quot;1&quot;:2,&quot;2&quot;:&quot;Beneficios para Veteranos. Si usted est\u00e1 recibiendo beneficios de veteranos y no cumple con los est\u00e1ndares anteriores en dos t\u00e9rminos consecutivos luego de haber sido puesto en per\u00edodo de prueba acad\u00e9mica, usted no calificar\u00e1 para recibir los beneficios hasta que haya recuperado una buena posici\u00f3n acad\u00e9mica.&quot;}\" data-sheets-userformat=\"{&quot;2&quot;:15233,&quot;3&quot;:{&quot;1&quot;:0},&quot;10&quot;:0,&quot;11&quot;:4,&quot;12&quot;:0,&quot;14&quot;:[null,2,3289907],&quot;15&quot;:&quot;Helvetica Neue&quot;,&quot;16&quot;:11}\"><strong>Beneficios para Veteranos.<\/strong>Si usted est\u00e1 recibiendo beneficios de veteranos y no cumple con los est\u00e1ndares anteriores en dos t\u00e9rminos consecutivos luego de haber sido puesto en per\u00edodo de prueba acad\u00e9mica, usted no calificar\u00e1 para recibir los beneficios hasta que haya recuperado una buena posici\u00f3n acad\u00e9mica.<\/span><\/p>\n","protected":false},"excerpt":{"rendered":"<p>Condici\u00f3n Acad\u00e9mica Buena.Para permanecer en buena condici\u00f3n acad\u00e9mica, usted debe tener un promedio de 2,5 de grado cumulativo (GPA) en todo el trabajo del curso. Las calificaciones que representan una culminaci\u00f3n exitosa son C-, P (pass), y SA (satisfactorio). Las calificaciones que no representan una finalizaci\u00f3n satisfactoria son I (incompleta), H (retenci\u00f3n) y F (fail).&hellip;<\/p>\n","protected":false},"author":1,"featured_media":0,"parent":2017,"menu_order":6,"comment_status":"closed","ping_status":"closed","template":"","meta":{"footnotes":""},"class_list":["post-1808","page","type-page","status-publish","hentry"],"yoast_head":"<!-- This site is optimized with the Yoast SEO plugin v27.2 - https:\/\/yoast.com\/product\/yoast-seo-wordpress\/ -->\n<title>Condici\u00f3n Acad\u00e9mica - Fuller Student Handbook<\/title>\n<meta name=\"robots\" content=\"index, follow, max-snippet:-1, max-image-preview:large, max-video-preview:-1\" \/>\n<link rel=\"canonical\" href=\"https:\/\/studenthandbook.fuller.edu\/es\/el-manual-del-estudiante\/politicas-academicas\/condicion-academica\/\" \/>\n<meta property=\"og:locale\" content=\"es_ES\" \/>\n<meta property=\"og:type\" content=\"article\" \/>\n<meta property=\"og:title\" content=\"Condici\u00f3n Acad\u00e9mica - Fuller Student Handbook\" \/>\n<meta property=\"og:description\" content=\"Condici\u00f3n Acad\u00e9mica Buena.Para permanecer en buena condici\u00f3n acad\u00e9mica, usted debe tener un promedio de 2,5 de grado cumulativo (GPA) en todo el trabajo del curso. Las calificaciones que representan una culminaci\u00f3n exitosa son C-, P (pass), y SA (satisfactorio). Las calificaciones que no representan una finalizaci\u00f3n satisfactoria son I (incompleta), H (retenci\u00f3n) y F (fail).&hellip;\" \/>\n<meta property=\"og:url\" content=\"https:\/\/studenthandbook.fuller.edu\/es\/el-manual-del-estudiante\/politicas-academicas\/condicion-academica\/\" \/>\n<meta property=\"og:site_name\" content=\"Fuller Student Handbook\" \/>\n<meta property=\"og:image\" content=\"https:\/\/studenthandbook.fuller.edu\/wp-content\/uploads\/2025\/04\/Fuller-Logo-Purple.jpg\" \/>\n\t<meta property=\"og:image:width\" content=\"1200\" \/>\n\t<meta property=\"og:image:height\" content=\"675\" \/>\n\t<meta property=\"og:image:type\" content=\"image\/jpeg\" \/>\n<meta name=\"twitter:card\" content=\"summary_large_image\" \/>\n<meta name=\"twitter:label1\" content=\"Tiempo de lectura\" \/>\n\t<meta name=\"twitter:data1\" content=\"1 minuto\" \/>\n<script type=\"application\/ld+json\" class=\"yoast-schema-graph\">{\"@context\":\"https:\/\/schema.org\",\"@graph\":[{\"@type\":\"WebPage\",\"@id\":\"https:\/\/studenthandbook.fuller.edu\/es\/el-manual-del-estudiante\/politicas-academicas\/condicion-academica\/\",\"url\":\"https:\/\/studenthandbook.fuller.edu\/es\/el-manual-del-estudiante\/politicas-academicas\/condicion-academica\/\",\"name\":\"Condici\u00f3n Acad\u00e9mica - Fuller Student Handbook\",\"isPartOf\":{\"@id\":\"https:\/\/studenthandbook.fuller.edu\/es\/#website\"},\"datePublished\":\"2019-02-12T19:31:04+00:00\",\"breadcrumb\":{\"@id\":\"https:\/\/studenthandbook.fuller.edu\/es\/el-manual-del-estudiante\/politicas-academicas\/condicion-academica\/#breadcrumb\"},\"inLanguage\":\"es\",\"potentialAction\":[{\"@type\":\"ReadAction\",\"target\":[\"https:\/\/studenthandbook.fuller.edu\/es\/el-manual-del-estudiante\/politicas-academicas\/condicion-academica\/\"]}]},{\"@type\":\"BreadcrumbList\",\"@id\":\"https:\/\/studenthandbook.fuller.edu\/es\/el-manual-del-estudiante\/politicas-academicas\/condicion-academica\/#breadcrumb\",\"itemListElement\":[{\"@type\":\"ListItem\",\"position\":1,\"name\":\"Home\",\"item\":\"https:\/\/studenthandbook.fuller.edu\/es\/el-manual-del-estudiante\/\"},{\"@type\":\"ListItem\",\"position\":2,\"name\":\"El Manual del Estudiante\",\"item\":\"https:\/\/studenthandbook.fuller.edu\/es\/el-manual-del-estudiante\/\"},{\"@type\":\"ListItem\",\"position\":3,\"name\":\"Pol\u00edticas Acad\u00e9micas\",\"item\":\"https:\/\/studenthandbook.fuller.edu\/es\/el-manual-del-estudiante\/politicas-academicas\/\"},{\"@type\":\"ListItem\",\"position\":4,\"name\":\"Condici\u00f3n Acad\u00e9mica\"}]},{\"@type\":\"WebSite\",\"@id\":\"https:\/\/studenthandbook.fuller.edu\/es\/#website\",\"url\":\"https:\/\/studenthandbook.fuller.edu\/es\/\",\"name\":\"Fuller Student Handbook\",\"description\":\"\",\"publisher\":{\"@id\":\"https:\/\/studenthandbook.fuller.edu\/es\/#organization\"},\"potentialAction\":[{\"@type\":\"SearchAction\",\"target\":{\"@type\":\"EntryPoint\",\"urlTemplate\":\"https:\/\/studenthandbook.fuller.edu\/es\/?s={search_term_string}\"},\"query-input\":{\"@type\":\"PropertyValueSpecification\",\"valueRequired\":true,\"valueName\":\"search_term_string\"}}],\"inLanguage\":\"es\"},{\"@type\":\"Organization\",\"@id\":\"https:\/\/studenthandbook.fuller.edu\/es\/#organization\",\"name\":\"Fuller Student Handbook\",\"url\":\"https:\/\/studenthandbook.fuller.edu\/es\/\",\"logo\":{\"@type\":\"ImageObject\",\"inLanguage\":\"es\",\"@id\":\"https:\/\/studenthandbook.fuller.edu\/es\/#\/schema\/logo\/image\/\",\"url\":\"https:\/\/studenthandbook.fuller.edu\/wp-content\/uploads\/2025\/04\/Fuller-Logo-Purple-square.jpg\",\"contentUrl\":\"https:\/\/studenthandbook.fuller.edu\/wp-content\/uploads\/2025\/04\/Fuller-Logo-Purple-square.jpg\",\"width\":696,\"height\":696,\"caption\":\"Fuller Student Handbook\"},\"image\":{\"@id\":\"https:\/\/studenthandbook.fuller.edu\/es\/#\/schema\/logo\/image\/\"}}]}<\/script>\n<!-- \/ Yoast SEO plugin. -->","yoast_head_json":{"title":"Condici\u00f3n Acad\u00e9mica - Fuller Student Handbook","robots":{"index":"index","follow":"follow","max-snippet":"max-snippet:-1","max-image-preview":"max-image-preview:large","max-video-preview":"max-video-preview:-1"},"canonical":"https:\/\/studenthandbook.fuller.edu\/es\/el-manual-del-estudiante\/politicas-academicas\/condicion-academica\/","og_locale":"es_ES","og_type":"article","og_title":"Condici\u00f3n Acad\u00e9mica - Fuller Student Handbook","og_description":"Condici\u00f3n Acad\u00e9mica Buena.Para permanecer en buena condici\u00f3n acad\u00e9mica, usted debe tener un promedio de 2,5 de grado cumulativo (GPA) en todo el trabajo del curso. Las calificaciones que representan una culminaci\u00f3n exitosa son C-, P (pass), y SA (satisfactorio). Las calificaciones que no representan una finalizaci\u00f3n satisfactoria son I (incompleta), H (retenci\u00f3n) y F (fail).&hellip;","og_url":"https:\/\/studenthandbook.fuller.edu\/es\/el-manual-del-estudiante\/politicas-academicas\/condicion-academica\/","og_site_name":"Fuller Student Handbook","og_image":[{"width":1200,"height":675,"url":"https:\/\/studenthandbook.fuller.edu\/wp-content\/uploads\/2025\/04\/Fuller-Logo-Purple.jpg","type":"image\/jpeg"}],"twitter_card":"summary_large_image","twitter_misc":{"Tiempo de lectura":"1 minuto"},"schema":{"@context":"https:\/\/schema.org","@graph":[{"@type":"WebPage","@id":"https:\/\/studenthandbook.fuller.edu\/es\/el-manual-del-estudiante\/politicas-academicas\/condicion-academica\/","url":"https:\/\/studenthandbook.fuller.edu\/es\/el-manual-del-estudiante\/politicas-academicas\/condicion-academica\/","name":"Condici\u00f3n Acad\u00e9mica - Fuller Student Handbook","isPartOf":{"@id":"https:\/\/studenthandbook.fuller.edu\/es\/#website"},"datePublished":"2019-02-12T19:31:04+00:00","breadcrumb":{"@id":"https:\/\/studenthandbook.fuller.edu\/es\/el-manual-del-estudiante\/politicas-academicas\/condicion-academica\/#breadcrumb"},"inLanguage":"es","potentialAction":[{"@type":"ReadAction","target":["https:\/\/studenthandbook.fuller.edu\/es\/el-manual-del-estudiante\/politicas-academicas\/condicion-academica\/"]}]},{"@type":"BreadcrumbList","@id":"https:\/\/studenthandbook.fuller.edu\/es\/el-manual-del-estudiante\/politicas-academicas\/condicion-academica\/#breadcrumb","itemListElement":[{"@type":"ListItem","position":1,"name":"Home","item":"https:\/\/studenthandbook.fuller.edu\/es\/el-manual-del-estudiante\/"},{"@type":"ListItem","position":2,"name":"El Manual del Estudiante","item":"https:\/\/studenthandbook.fuller.edu\/es\/el-manual-del-estudiante\/"},{"@type":"ListItem","position":3,"name":"Pol\u00edticas Acad\u00e9micas","item":"https:\/\/studenthandbook.fuller.edu\/es\/el-manual-del-estudiante\/politicas-academicas\/"},{"@type":"ListItem","position":4,"name":"Condici\u00f3n Acad\u00e9mica"}]},{"@type":"WebSite","@id":"https:\/\/studenthandbook.fuller.edu\/es\/#website","url":"https:\/\/studenthandbook.fuller.edu\/es\/","name":"Fuller Student Handbook","description":"","publisher":{"@id":"https:\/\/studenthandbook.fuller.edu\/es\/#organization"},"potentialAction":[{"@type":"SearchAction","target":{"@type":"EntryPoint","urlTemplate":"https:\/\/studenthandbook.fuller.edu\/es\/?s={search_term_string}"},"query-input":{"@type":"PropertyValueSpecification","valueRequired":true,"valueName":"search_term_string"}}],"inLanguage":"es"},{"@type":"Organization","@id":"https:\/\/studenthandbook.fuller.edu\/es\/#organization","name":"Fuller Student Handbook","url":"https:\/\/studenthandbook.fuller.edu\/es\/","logo":{"@type":"ImageObject","inLanguage":"es","@id":"https:\/\/studenthandbook.fuller.edu\/es\/#\/schema\/logo\/image\/","url":"https:\/\/studenthandbook.fuller.edu\/wp-content\/uploads\/2025\/04\/Fuller-Logo-Purple-square.jpg","contentUrl":"https:\/\/studenthandbook.fuller.edu\/wp-content\/uploads\/2025\/04\/Fuller-Logo-Purple-square.jpg","width":696,"height":696,"caption":"Fuller Student Handbook"},"image":{"@id":"https:\/\/studenthandbook.fuller.edu\/es\/#\/schema\/logo\/image\/"}}]}},"jetpack_sharing_enabled":true,"_links":{"self":[{"href":"https:\/\/studenthandbook.fuller.edu\/es\/wp-json\/wp\/v2\/pages\/1808","targetHints":{"allow":["GET"]}}],"collection":[{"href":"https:\/\/studenthandbook.fuller.edu\/es\/wp-json\/wp\/v2\/pages"}],"about":[{"href":"https:\/\/studenthandbook.fuller.edu\/es\/wp-json\/wp\/v2\/types\/page"}],"author":[{"embeddable":true,"href":"https:\/\/studenthandbook.fuller.edu\/es\/wp-json\/wp\/v2\/users\/1"}],"replies":[{"embeddable":true,"href":"https:\/\/studenthandbook.fuller.edu\/es\/wp-json\/wp\/v2\/comments?post=1808"}],"version-history":[{"count":0,"href":"https:\/\/studenthandbook.fuller.edu\/es\/wp-json\/wp\/v2\/pages\/1808\/revisions"}],"up":[{"embeddable":true,"href":"https:\/\/studenthandbook.fuller.edu\/es\/wp-json\/wp\/v2\/pages\/2017"}],"wp:attachment":[{"href":"https:\/\/studenthandbook.fuller.edu\/es\/wp-json\/wp\/v2\/media?parent=1808"}],"curies":[{"name":"wp","href":"https:\/\/api.w.org\/{rel}","templated":true}]}}