{"id":1804,"date":"2019-02-12T17:42:41","date_gmt":"2019-02-12T17:42:41","guid":{"rendered":"https:\/\/studenthandbook.fuller.edu\/fechas-de-entrega-de-trabajos-del-curso\/"},"modified":"2020-05-18T22:34:58","modified_gmt":"2020-05-18T22:34:58","slug":"fechas-de-entrega-de-trabajos-del-curso","status":"publish","type":"page","link":"https:\/\/studenthandbook.fuller.edu\/es\/el-manual-del-estudiante\/politicas-academicas\/fechas-de-entrega-de-trabajos-del-curso\/","title":{"rendered":"Fechas de entrega de trabajos del curso"},"content":{"rendered":"<p><span data-sheets-value=\"{&quot;1&quot;:2,&quot;2&quot;:&quot;Cada miembro de la Facultad determina las fechas de entrega de los trabajos del curso dentro del trimestre, as\u00ed como las pol\u00edticas relativas a estas fechas (tales como sanciones). Esta informaci\u00f3n debe ser publicada en el programa del curso.&quot;}\" data-sheets-userformat=\"{&quot;2&quot;:11137,&quot;3&quot;:{&quot;1&quot;:0},&quot;10&quot;:0,&quot;11&quot;:4,&quot;12&quot;:0,&quot;14&quot;:[null,2,3289907],&quot;16&quot;:11}\">Cada miembro de la Facultad determina las fechas de entrega de los trabajos del curso dentro del trimestre, as\u00ed como las pol\u00edticas relativas a estas fechas (tales como sanciones). Esta informaci\u00f3n debe ser publicada en el programa del curso.<\/span><\/p>\n<p><span data-sheets-value=\"{&quot;1&quot;:2,&quot;2&quot;:&quot;Todo el trabajo para un curso debe ser presentado antes de la 11:59pm hora del Pac\u00edfico del funcionario \u00faltimo d\u00eda del trimestre (ver el calendario acad\u00e9mico para fechas exactas), independientemente del horario de la reuni\u00f3n o la naturaleza de la clase. La facultad no est\u00e1 autorizada a prorrogar los plazos de fin de trimestre para las clases o individuos bajo ninguna circunstancia. Pedir (por su parte) o dar (por parte del miembro de la Facultad) m\u00e1s tiempo sin una validez incompleta o Hold se considera una violaci\u00f3n de la pol\u00edtica de integridad acad\u00e9mica. Si usted no puede completar todo el trabajo de una clase a nivel maestr\u00eda en este plazo, debido a circunstancias extenuantes (seg\u00fan lo definido abajo), usted puede solicitar un grado incompleto y as\u00ed obtener un permiso para que usted pueda terminar el trabajo del curso (v\u00e9ase abajo). En la mayor\u00eda de las clases de doctorado, usted puede solicitar un Hold del instructor si no ha podido completar su trabajo al final del trimestre (ver m\u00e1s abajo). Dependiendo del programa de doctorado, puede haber pol\u00edticas o procedimientos adicionales involucrados en el otorgamiento de un Hold.&quot;}\" data-sheets-userformat=\"{&quot;2&quot;:11137,&quot;3&quot;:{&quot;1&quot;:0},&quot;10&quot;:0,&quot;11&quot;:4,&quot;12&quot;:0,&quot;14&quot;:[null,2,3289907],&quot;16&quot;:11}\">Todo el trabajo para un curso debe ser presentado antes de la 11:59pm hora del Pac\u00edfico del funcionario \u00faltimo d\u00eda del trimestre (<a href=\"https:\/\/www.fuller.edu\/Registrar\/Academic-Calendars\/\">ver el calendario acad\u00e9mico para fechas exactas<\/a>), independientemente del horario de la reuni\u00f3n o la naturaleza de la clase. La facultad no est\u00e1 autorizada a prorrogar los plazos de fin de trimestre para las clases o individuos bajo ninguna circunstancia. Pedir (por su parte) o dar (por parte del miembro de la Facultad) m\u00e1s tiempo sin una validez incompleta o Hold se considera una violaci\u00f3n de la pol\u00edtica de integridad acad\u00e9mica. Si usted no puede completar todo el trabajo de una clase a nivel maestr\u00eda en este plazo, debido a circunstancias extenuantes (seg\u00fan lo definido abajo), usted puede solicitar un grado incompleto y as\u00ed obtener un permiso para que usted pueda terminar el trabajo del curso (v\u00e9ase abajo). En la mayor\u00eda de las clases de doctorado, usted puede solicitar un Hold del instructor si no ha podido completar su trabajo al final del trimestre (ver m\u00e1s abajo). Dependiendo del programa de doctorado, puede haber pol\u00edticas o procedimientos adicionales involucrados en el otorgamiento de un Hold.<\/span><\/p>\n","protected":false},"excerpt":{"rendered":"<p>Cada miembro de la Facultad determina las fechas de entrega de los trabajos del curso dentro del trimestre, as\u00ed como las pol\u00edticas relativas a estas fechas (tales como sanciones). Esta informaci\u00f3n debe ser publicada en el programa del curso. Todo el trabajo para un curso debe ser presentado antes de la 11:59pm hora del Pac\u00edfico&hellip;<\/p>\n","protected":false},"author":1,"featured_media":0,"parent":2017,"menu_order":3,"comment_status":"closed","ping_status":"closed","template":"","meta":{"footnotes":""},"class_list":["post-1804","page","type-page","status-publish","hentry"],"yoast_head":"<!-- This site is optimized with the Yoast SEO plugin v27.2 - https:\/\/yoast.com\/product\/yoast-seo-wordpress\/ -->\n<title>Fechas de entrega de trabajos del curso - Fuller Student Handbook<\/title>\n<meta name=\"robots\" content=\"index, follow, max-snippet:-1, max-image-preview:large, max-video-preview:-1\" \/>\n<link rel=\"canonical\" href=\"https:\/\/studenthandbook.fuller.edu\/es\/el-manual-del-estudiante\/politicas-academicas\/fechas-de-entrega-de-trabajos-del-curso\/\" \/>\n<meta property=\"og:locale\" content=\"es_ES\" \/>\n<meta property=\"og:type\" content=\"article\" \/>\n<meta property=\"og:title\" content=\"Fechas de entrega de trabajos del curso - Fuller Student Handbook\" \/>\n<meta property=\"og:description\" content=\"Cada miembro de la Facultad determina las fechas de entrega de los trabajos del curso dentro del trimestre, as\u00ed como las pol\u00edticas relativas a estas fechas (tales como sanciones). Esta informaci\u00f3n debe ser publicada en el programa del curso. Todo el trabajo para un curso debe ser presentado antes de la 11:59pm hora del Pac\u00edfico&hellip;\" \/>\n<meta property=\"og:url\" content=\"https:\/\/studenthandbook.fuller.edu\/es\/el-manual-del-estudiante\/politicas-academicas\/fechas-de-entrega-de-trabajos-del-curso\/\" \/>\n<meta property=\"og:site_name\" content=\"Fuller Student Handbook\" \/>\n<meta property=\"article:modified_time\" content=\"2020-05-18T22:34:58+00:00\" \/>\n<meta property=\"og:image\" content=\"https:\/\/studenthandbook.fuller.edu\/wp-content\/uploads\/2025\/04\/Fuller-Logo-Purple.jpg\" \/>\n\t<meta property=\"og:image:width\" content=\"1200\" \/>\n\t<meta property=\"og:image:height\" content=\"675\" \/>\n\t<meta property=\"og:image:type\" content=\"image\/jpeg\" \/>\n<meta name=\"twitter:card\" content=\"summary_large_image\" \/>\n<meta name=\"twitter:label1\" content=\"Tiempo de lectura\" \/>\n\t<meta name=\"twitter:data1\" content=\"1 minuto\" \/>\n<script type=\"application\/ld+json\" class=\"yoast-schema-graph\">{\"@context\":\"https:\/\/schema.org\",\"@graph\":[{\"@type\":\"WebPage\",\"@id\":\"https:\/\/studenthandbook.fuller.edu\/es\/el-manual-del-estudiante\/politicas-academicas\/fechas-de-entrega-de-trabajos-del-curso\/\",\"url\":\"https:\/\/studenthandbook.fuller.edu\/es\/el-manual-del-estudiante\/politicas-academicas\/fechas-de-entrega-de-trabajos-del-curso\/\",\"name\":\"Fechas de entrega de trabajos del curso - Fuller Student Handbook\",\"isPartOf\":{\"@id\":\"https:\/\/studenthandbook.fuller.edu\/es\/#website\"},\"datePublished\":\"2019-02-12T17:42:41+00:00\",\"dateModified\":\"2020-05-18T22:34:58+00:00\",\"breadcrumb\":{\"@id\":\"https:\/\/studenthandbook.fuller.edu\/es\/el-manual-del-estudiante\/politicas-academicas\/fechas-de-entrega-de-trabajos-del-curso\/#breadcrumb\"},\"inLanguage\":\"es\",\"potentialAction\":[{\"@type\":\"ReadAction\",\"target\":[\"https:\/\/studenthandbook.fuller.edu\/es\/el-manual-del-estudiante\/politicas-academicas\/fechas-de-entrega-de-trabajos-del-curso\/\"]}]},{\"@type\":\"BreadcrumbList\",\"@id\":\"https:\/\/studenthandbook.fuller.edu\/es\/el-manual-del-estudiante\/politicas-academicas\/fechas-de-entrega-de-trabajos-del-curso\/#breadcrumb\",\"itemListElement\":[{\"@type\":\"ListItem\",\"position\":1,\"name\":\"Home\",\"item\":\"https:\/\/studenthandbook.fuller.edu\/es\/el-manual-del-estudiante\/\"},{\"@type\":\"ListItem\",\"position\":2,\"name\":\"El Manual del Estudiante\",\"item\":\"https:\/\/studenthandbook.fuller.edu\/es\/el-manual-del-estudiante\/\"},{\"@type\":\"ListItem\",\"position\":3,\"name\":\"Pol\u00edticas Acad\u00e9micas\",\"item\":\"https:\/\/studenthandbook.fuller.edu\/es\/el-manual-del-estudiante\/politicas-academicas\/\"},{\"@type\":\"ListItem\",\"position\":4,\"name\":\"Fechas de entrega de trabajos del curso\"}]},{\"@type\":\"WebSite\",\"@id\":\"https:\/\/studenthandbook.fuller.edu\/es\/#website\",\"url\":\"https:\/\/studenthandbook.fuller.edu\/es\/\",\"name\":\"Fuller Student Handbook\",\"description\":\"\",\"publisher\":{\"@id\":\"https:\/\/studenthandbook.fuller.edu\/es\/#organization\"},\"potentialAction\":[{\"@type\":\"SearchAction\",\"target\":{\"@type\":\"EntryPoint\",\"urlTemplate\":\"https:\/\/studenthandbook.fuller.edu\/es\/?s={search_term_string}\"},\"query-input\":{\"@type\":\"PropertyValueSpecification\",\"valueRequired\":true,\"valueName\":\"search_term_string\"}}],\"inLanguage\":\"es\"},{\"@type\":\"Organization\",\"@id\":\"https:\/\/studenthandbook.fuller.edu\/es\/#organization\",\"name\":\"Fuller Student Handbook\",\"url\":\"https:\/\/studenthandbook.fuller.edu\/es\/\",\"logo\":{\"@type\":\"ImageObject\",\"inLanguage\":\"es\",\"@id\":\"https:\/\/studenthandbook.fuller.edu\/es\/#\/schema\/logo\/image\/\",\"url\":\"https:\/\/studenthandbook.fuller.edu\/wp-content\/uploads\/2025\/04\/Fuller-Logo-Purple-square.jpg\",\"contentUrl\":\"https:\/\/studenthandbook.fuller.edu\/wp-content\/uploads\/2025\/04\/Fuller-Logo-Purple-square.jpg\",\"width\":696,\"height\":696,\"caption\":\"Fuller Student Handbook\"},\"image\":{\"@id\":\"https:\/\/studenthandbook.fuller.edu\/es\/#\/schema\/logo\/image\/\"}}]}<\/script>\n<!-- \/ Yoast SEO plugin. -->","yoast_head_json":{"title":"Fechas de entrega de trabajos del curso - Fuller Student Handbook","robots":{"index":"index","follow":"follow","max-snippet":"max-snippet:-1","max-image-preview":"max-image-preview:large","max-video-preview":"max-video-preview:-1"},"canonical":"https:\/\/studenthandbook.fuller.edu\/es\/el-manual-del-estudiante\/politicas-academicas\/fechas-de-entrega-de-trabajos-del-curso\/","og_locale":"es_ES","og_type":"article","og_title":"Fechas de entrega de trabajos del curso - Fuller Student Handbook","og_description":"Cada miembro de la Facultad determina las fechas de entrega de los trabajos del curso dentro del trimestre, as\u00ed como las pol\u00edticas relativas a estas fechas (tales como sanciones). Esta informaci\u00f3n debe ser publicada en el programa del curso. Todo el trabajo para un curso debe ser presentado antes de la 11:59pm hora del Pac\u00edfico&hellip;","og_url":"https:\/\/studenthandbook.fuller.edu\/es\/el-manual-del-estudiante\/politicas-academicas\/fechas-de-entrega-de-trabajos-del-curso\/","og_site_name":"Fuller Student Handbook","article_modified_time":"2020-05-18T22:34:58+00:00","og_image":[{"width":1200,"height":675,"url":"https:\/\/studenthandbook.fuller.edu\/wp-content\/uploads\/2025\/04\/Fuller-Logo-Purple.jpg","type":"image\/jpeg"}],"twitter_card":"summary_large_image","twitter_misc":{"Tiempo de lectura":"1 minuto"},"schema":{"@context":"https:\/\/schema.org","@graph":[{"@type":"WebPage","@id":"https:\/\/studenthandbook.fuller.edu\/es\/el-manual-del-estudiante\/politicas-academicas\/fechas-de-entrega-de-trabajos-del-curso\/","url":"https:\/\/studenthandbook.fuller.edu\/es\/el-manual-del-estudiante\/politicas-academicas\/fechas-de-entrega-de-trabajos-del-curso\/","name":"Fechas de entrega de trabajos del curso - Fuller Student Handbook","isPartOf":{"@id":"https:\/\/studenthandbook.fuller.edu\/es\/#website"},"datePublished":"2019-02-12T17:42:41+00:00","dateModified":"2020-05-18T22:34:58+00:00","breadcrumb":{"@id":"https:\/\/studenthandbook.fuller.edu\/es\/el-manual-del-estudiante\/politicas-academicas\/fechas-de-entrega-de-trabajos-del-curso\/#breadcrumb"},"inLanguage":"es","potentialAction":[{"@type":"ReadAction","target":["https:\/\/studenthandbook.fuller.edu\/es\/el-manual-del-estudiante\/politicas-academicas\/fechas-de-entrega-de-trabajos-del-curso\/"]}]},{"@type":"BreadcrumbList","@id":"https:\/\/studenthandbook.fuller.edu\/es\/el-manual-del-estudiante\/politicas-academicas\/fechas-de-entrega-de-trabajos-del-curso\/#breadcrumb","itemListElement":[{"@type":"ListItem","position":1,"name":"Home","item":"https:\/\/studenthandbook.fuller.edu\/es\/el-manual-del-estudiante\/"},{"@type":"ListItem","position":2,"name":"El Manual del Estudiante","item":"https:\/\/studenthandbook.fuller.edu\/es\/el-manual-del-estudiante\/"},{"@type":"ListItem","position":3,"name":"Pol\u00edticas Acad\u00e9micas","item":"https:\/\/studenthandbook.fuller.edu\/es\/el-manual-del-estudiante\/politicas-academicas\/"},{"@type":"ListItem","position":4,"name":"Fechas de entrega de trabajos del curso"}]},{"@type":"WebSite","@id":"https:\/\/studenthandbook.fuller.edu\/es\/#website","url":"https:\/\/studenthandbook.fuller.edu\/es\/","name":"Fuller Student Handbook","description":"","publisher":{"@id":"https:\/\/studenthandbook.fuller.edu\/es\/#organization"},"potentialAction":[{"@type":"SearchAction","target":{"@type":"EntryPoint","urlTemplate":"https:\/\/studenthandbook.fuller.edu\/es\/?s={search_term_string}"},"query-input":{"@type":"PropertyValueSpecification","valueRequired":true,"valueName":"search_term_string"}}],"inLanguage":"es"},{"@type":"Organization","@id":"https:\/\/studenthandbook.fuller.edu\/es\/#organization","name":"Fuller Student Handbook","url":"https:\/\/studenthandbook.fuller.edu\/es\/","logo":{"@type":"ImageObject","inLanguage":"es","@id":"https:\/\/studenthandbook.fuller.edu\/es\/#\/schema\/logo\/image\/","url":"https:\/\/studenthandbook.fuller.edu\/wp-content\/uploads\/2025\/04\/Fuller-Logo-Purple-square.jpg","contentUrl":"https:\/\/studenthandbook.fuller.edu\/wp-content\/uploads\/2025\/04\/Fuller-Logo-Purple-square.jpg","width":696,"height":696,"caption":"Fuller Student Handbook"},"image":{"@id":"https:\/\/studenthandbook.fuller.edu\/es\/#\/schema\/logo\/image\/"}}]}},"jetpack_sharing_enabled":true,"_links":{"self":[{"href":"https:\/\/studenthandbook.fuller.edu\/es\/wp-json\/wp\/v2\/pages\/1804","targetHints":{"allow":["GET"]}}],"collection":[{"href":"https:\/\/studenthandbook.fuller.edu\/es\/wp-json\/wp\/v2\/pages"}],"about":[{"href":"https:\/\/studenthandbook.fuller.edu\/es\/wp-json\/wp\/v2\/types\/page"}],"author":[{"embeddable":true,"href":"https:\/\/studenthandbook.fuller.edu\/es\/wp-json\/wp\/v2\/users\/1"}],"replies":[{"embeddable":true,"href":"https:\/\/studenthandbook.fuller.edu\/es\/wp-json\/wp\/v2\/comments?post=1804"}],"version-history":[{"count":1,"href":"https:\/\/studenthandbook.fuller.edu\/es\/wp-json\/wp\/v2\/pages\/1804\/revisions"}],"predecessor-version":[{"id":2028,"href":"https:\/\/studenthandbook.fuller.edu\/es\/wp-json\/wp\/v2\/pages\/1804\/revisions\/2028"}],"up":[{"embeddable":true,"href":"https:\/\/studenthandbook.fuller.edu\/es\/wp-json\/wp\/v2\/pages\/2017"}],"wp:attachment":[{"href":"https:\/\/studenthandbook.fuller.edu\/es\/wp-json\/wp\/v2\/media?parent=1804"}],"curies":[{"name":"wp","href":"https:\/\/api.w.org\/{rel}","templated":true}]}}