{"id":1800,"date":"2019-02-11T21:41:52","date_gmt":"2019-02-11T21:41:52","guid":{"rendered":"https:\/\/studenthandbook.fuller.edu\/politica-de-asistencia\/"},"modified":"2019-02-11T21:41:52","modified_gmt":"2019-02-11T21:41:52","slug":"politica-de-asistencia","status":"publish","type":"page","link":"https:\/\/studenthandbook.fuller.edu\/es\/el-manual-del-estudiante\/politicas-academicas\/politica-de-asistencia\/","title":{"rendered":"Pol\u00edtica de Asistencia"},"content":{"rendered":"<p><span data-sheets-value=\"{&quot;1&quot;:2,&quot;2&quot;:&quot;Cr\u00e9dito acad\u00e9mico para un curso requiere la asistencia regular a clase, independientemente de si est\u00e1 indicado o no en el plan de estudios, y no es solamente cuesti\u00f3n de completar las asignaciones. Para clases presenciales, la asistencia significa estar presente en la clase durante toda la reuni\u00f3n de clases programada, y no s\u00f3lo una parte de ella. En caso de ausencia por cualquier causa, usted es responsable de cualquier informaci\u00f3n o contenido de la clase que no haya recibido. El profesor puede requerir trabajo adicional para componer una ausencia. Si usted se ausenta a una porci\u00f3n significativa del curso o llega tarde a clases de manera frecuente, incluso debido a circunstancias extenuantes, esto puede bajar su calificaci\u00f3n o desaprobar el curso, a\u00fan si usted califica para un incompleto. Para las clases en l\u00ednea, la asistencia significa involucrarse en la clase semanalmente, enviando asignaciones a tiempo, y especialmente manteniendo actualizada la participaci\u00f3n en los foros de clases semanales. No puede aprobar una clase en l\u00ednea si no ha participado en una parte significativa de la interacci\u00f3n en l\u00ednea requerida, ni es un posible incompleto. No puede completar la interacci\u00f3n en l\u00ednea una vez que la clase ha avanzado o ya no est\u00e1 vigente.&quot;}\" data-sheets-userformat=\"{&quot;2&quot;:11137,&quot;3&quot;:{&quot;1&quot;:0},&quot;10&quot;:0,&quot;11&quot;:4,&quot;12&quot;:0,&quot;14&quot;:[null,2,3289907],&quot;16&quot;:11}\">Cr\u00e9dito acad\u00e9mico para un curso requiere la asistencia regular a clase, independientemente de si est\u00e1 indicado o no en el plan de estudios, y no es solamente cuesti\u00f3n de completar las asignaciones. Para clases presenciales, la asistencia significa estar presente en la clase durante toda la reuni\u00f3n de clases programada, y no s\u00f3lo una parte de ella. En caso de ausencia por cualquier causa, usted es responsable de cualquier informaci\u00f3n o contenido de la clase que no haya recibido. El profesor puede requerir trabajo adicional para componer una ausencia. Si usted se ausenta a una porci\u00f3n significativa del curso o llega tarde a clases de manera frecuente, incluso debido a circunstancias extenuantes, esto puede bajar su calificaci\u00f3n o desaprobar el curso, a\u00fan si usted califica para un incompleto. Para las clases en l\u00ednea, la asistencia significa involucrarse en la clase semanalmente, enviando asignaciones a tiempo, y especialmente manteniendo actualizada la participaci\u00f3n en los foros de clases semanales. No puede aprobar una clase en l\u00ednea si no ha participado en una parte significativa de la interacci\u00f3n en l\u00ednea requerida, ni es un posible incompleto. No puede completar la interacci\u00f3n en l\u00ednea una vez que la clase ha avanzado o ya no est\u00e1 vigente.<\/span><\/p>\n","protected":false},"excerpt":{"rendered":"<p>Cr\u00e9dito acad\u00e9mico para un curso requiere la asistencia regular a clase, independientemente de si est\u00e1 indicado o no en el plan de estudios, y no es solamente cuesti\u00f3n de completar las asignaciones. Para clases presenciales, la asistencia significa estar presente en la clase durante toda la reuni\u00f3n de clases programada, y no s\u00f3lo una parte&hellip;<\/p>\n","protected":false},"author":1,"featured_media":0,"parent":2017,"menu_order":1,"comment_status":"closed","ping_status":"closed","template":"","meta":{"footnotes":""},"class_list":["post-1800","page","type-page","status-publish","hentry"],"yoast_head":"<!-- This site is optimized with the Yoast SEO plugin v27.2 - https:\/\/yoast.com\/product\/yoast-seo-wordpress\/ -->\n<title>Pol\u00edtica de Asistencia - Fuller Student Handbook<\/title>\n<meta name=\"robots\" content=\"index, follow, max-snippet:-1, max-image-preview:large, max-video-preview:-1\" \/>\n<link rel=\"canonical\" href=\"https:\/\/studenthandbook.fuller.edu\/es\/el-manual-del-estudiante\/politicas-academicas\/politica-de-asistencia\/\" \/>\n<meta property=\"og:locale\" content=\"es_ES\" \/>\n<meta property=\"og:type\" content=\"article\" \/>\n<meta property=\"og:title\" content=\"Pol\u00edtica de Asistencia - Fuller Student Handbook\" \/>\n<meta property=\"og:description\" content=\"Cr\u00e9dito acad\u00e9mico para un curso requiere la asistencia regular a clase, independientemente de si est\u00e1 indicado o no en el plan de estudios, y no es solamente cuesti\u00f3n de completar las asignaciones. Para clases presenciales, la asistencia significa estar presente en la clase durante toda la reuni\u00f3n de clases programada, y no s\u00f3lo una parte&hellip;\" \/>\n<meta property=\"og:url\" content=\"https:\/\/studenthandbook.fuller.edu\/es\/el-manual-del-estudiante\/politicas-academicas\/politica-de-asistencia\/\" \/>\n<meta property=\"og:site_name\" content=\"Fuller Student Handbook\" \/>\n<meta property=\"og:image\" content=\"https:\/\/studenthandbook.fuller.edu\/wp-content\/uploads\/2025\/04\/Fuller-Logo-Purple.jpg\" \/>\n\t<meta property=\"og:image:width\" content=\"1200\" \/>\n\t<meta property=\"og:image:height\" content=\"675\" \/>\n\t<meta property=\"og:image:type\" content=\"image\/jpeg\" \/>\n<meta name=\"twitter:card\" content=\"summary_large_image\" \/>\n<meta name=\"twitter:label1\" content=\"Tiempo de lectura\" \/>\n\t<meta name=\"twitter:data1\" content=\"1 minuto\" \/>\n<script type=\"application\/ld+json\" class=\"yoast-schema-graph\">{\"@context\":\"https:\/\/schema.org\",\"@graph\":[{\"@type\":\"WebPage\",\"@id\":\"https:\/\/studenthandbook.fuller.edu\/es\/el-manual-del-estudiante\/politicas-academicas\/politica-de-asistencia\/\",\"url\":\"https:\/\/studenthandbook.fuller.edu\/es\/el-manual-del-estudiante\/politicas-academicas\/politica-de-asistencia\/\",\"name\":\"Pol\u00edtica de Asistencia - Fuller Student Handbook\",\"isPartOf\":{\"@id\":\"https:\/\/studenthandbook.fuller.edu\/es\/#website\"},\"datePublished\":\"2019-02-11T21:41:52+00:00\",\"breadcrumb\":{\"@id\":\"https:\/\/studenthandbook.fuller.edu\/es\/el-manual-del-estudiante\/politicas-academicas\/politica-de-asistencia\/#breadcrumb\"},\"inLanguage\":\"es\",\"potentialAction\":[{\"@type\":\"ReadAction\",\"target\":[\"https:\/\/studenthandbook.fuller.edu\/es\/el-manual-del-estudiante\/politicas-academicas\/politica-de-asistencia\/\"]}]},{\"@type\":\"BreadcrumbList\",\"@id\":\"https:\/\/studenthandbook.fuller.edu\/es\/el-manual-del-estudiante\/politicas-academicas\/politica-de-asistencia\/#breadcrumb\",\"itemListElement\":[{\"@type\":\"ListItem\",\"position\":1,\"name\":\"Home\",\"item\":\"https:\/\/studenthandbook.fuller.edu\/es\/el-manual-del-estudiante\/\"},{\"@type\":\"ListItem\",\"position\":2,\"name\":\"El Manual del Estudiante\",\"item\":\"https:\/\/studenthandbook.fuller.edu\/es\/el-manual-del-estudiante\/\"},{\"@type\":\"ListItem\",\"position\":3,\"name\":\"Pol\u00edticas Acad\u00e9micas\",\"item\":\"https:\/\/studenthandbook.fuller.edu\/es\/el-manual-del-estudiante\/politicas-academicas\/\"},{\"@type\":\"ListItem\",\"position\":4,\"name\":\"Pol\u00edtica de Asistencia\"}]},{\"@type\":\"WebSite\",\"@id\":\"https:\/\/studenthandbook.fuller.edu\/es\/#website\",\"url\":\"https:\/\/studenthandbook.fuller.edu\/es\/\",\"name\":\"Fuller Student Handbook\",\"description\":\"\",\"publisher\":{\"@id\":\"https:\/\/studenthandbook.fuller.edu\/es\/#organization\"},\"potentialAction\":[{\"@type\":\"SearchAction\",\"target\":{\"@type\":\"EntryPoint\",\"urlTemplate\":\"https:\/\/studenthandbook.fuller.edu\/es\/?s={search_term_string}\"},\"query-input\":{\"@type\":\"PropertyValueSpecification\",\"valueRequired\":true,\"valueName\":\"search_term_string\"}}],\"inLanguage\":\"es\"},{\"@type\":\"Organization\",\"@id\":\"https:\/\/studenthandbook.fuller.edu\/es\/#organization\",\"name\":\"Fuller Student Handbook\",\"url\":\"https:\/\/studenthandbook.fuller.edu\/es\/\",\"logo\":{\"@type\":\"ImageObject\",\"inLanguage\":\"es\",\"@id\":\"https:\/\/studenthandbook.fuller.edu\/es\/#\/schema\/logo\/image\/\",\"url\":\"https:\/\/studenthandbook.fuller.edu\/wp-content\/uploads\/2025\/04\/Fuller-Logo-Purple-square.jpg\",\"contentUrl\":\"https:\/\/studenthandbook.fuller.edu\/wp-content\/uploads\/2025\/04\/Fuller-Logo-Purple-square.jpg\",\"width\":696,\"height\":696,\"caption\":\"Fuller Student Handbook\"},\"image\":{\"@id\":\"https:\/\/studenthandbook.fuller.edu\/es\/#\/schema\/logo\/image\/\"}}]}<\/script>\n<!-- \/ Yoast SEO plugin. -->","yoast_head_json":{"title":"Pol\u00edtica de Asistencia - Fuller Student Handbook","robots":{"index":"index","follow":"follow","max-snippet":"max-snippet:-1","max-image-preview":"max-image-preview:large","max-video-preview":"max-video-preview:-1"},"canonical":"https:\/\/studenthandbook.fuller.edu\/es\/el-manual-del-estudiante\/politicas-academicas\/politica-de-asistencia\/","og_locale":"es_ES","og_type":"article","og_title":"Pol\u00edtica de Asistencia - Fuller Student Handbook","og_description":"Cr\u00e9dito acad\u00e9mico para un curso requiere la asistencia regular a clase, independientemente de si est\u00e1 indicado o no en el plan de estudios, y no es solamente cuesti\u00f3n de completar las asignaciones. Para clases presenciales, la asistencia significa estar presente en la clase durante toda la reuni\u00f3n de clases programada, y no s\u00f3lo una parte&hellip;","og_url":"https:\/\/studenthandbook.fuller.edu\/es\/el-manual-del-estudiante\/politicas-academicas\/politica-de-asistencia\/","og_site_name":"Fuller Student Handbook","og_image":[{"width":1200,"height":675,"url":"https:\/\/studenthandbook.fuller.edu\/wp-content\/uploads\/2025\/04\/Fuller-Logo-Purple.jpg","type":"image\/jpeg"}],"twitter_card":"summary_large_image","twitter_misc":{"Tiempo de lectura":"1 minuto"},"schema":{"@context":"https:\/\/schema.org","@graph":[{"@type":"WebPage","@id":"https:\/\/studenthandbook.fuller.edu\/es\/el-manual-del-estudiante\/politicas-academicas\/politica-de-asistencia\/","url":"https:\/\/studenthandbook.fuller.edu\/es\/el-manual-del-estudiante\/politicas-academicas\/politica-de-asistencia\/","name":"Pol\u00edtica de Asistencia - Fuller Student Handbook","isPartOf":{"@id":"https:\/\/studenthandbook.fuller.edu\/es\/#website"},"datePublished":"2019-02-11T21:41:52+00:00","breadcrumb":{"@id":"https:\/\/studenthandbook.fuller.edu\/es\/el-manual-del-estudiante\/politicas-academicas\/politica-de-asistencia\/#breadcrumb"},"inLanguage":"es","potentialAction":[{"@type":"ReadAction","target":["https:\/\/studenthandbook.fuller.edu\/es\/el-manual-del-estudiante\/politicas-academicas\/politica-de-asistencia\/"]}]},{"@type":"BreadcrumbList","@id":"https:\/\/studenthandbook.fuller.edu\/es\/el-manual-del-estudiante\/politicas-academicas\/politica-de-asistencia\/#breadcrumb","itemListElement":[{"@type":"ListItem","position":1,"name":"Home","item":"https:\/\/studenthandbook.fuller.edu\/es\/el-manual-del-estudiante\/"},{"@type":"ListItem","position":2,"name":"El Manual del Estudiante","item":"https:\/\/studenthandbook.fuller.edu\/es\/el-manual-del-estudiante\/"},{"@type":"ListItem","position":3,"name":"Pol\u00edticas Acad\u00e9micas","item":"https:\/\/studenthandbook.fuller.edu\/es\/el-manual-del-estudiante\/politicas-academicas\/"},{"@type":"ListItem","position":4,"name":"Pol\u00edtica de Asistencia"}]},{"@type":"WebSite","@id":"https:\/\/studenthandbook.fuller.edu\/es\/#website","url":"https:\/\/studenthandbook.fuller.edu\/es\/","name":"Fuller Student Handbook","description":"","publisher":{"@id":"https:\/\/studenthandbook.fuller.edu\/es\/#organization"},"potentialAction":[{"@type":"SearchAction","target":{"@type":"EntryPoint","urlTemplate":"https:\/\/studenthandbook.fuller.edu\/es\/?s={search_term_string}"},"query-input":{"@type":"PropertyValueSpecification","valueRequired":true,"valueName":"search_term_string"}}],"inLanguage":"es"},{"@type":"Organization","@id":"https:\/\/studenthandbook.fuller.edu\/es\/#organization","name":"Fuller Student Handbook","url":"https:\/\/studenthandbook.fuller.edu\/es\/","logo":{"@type":"ImageObject","inLanguage":"es","@id":"https:\/\/studenthandbook.fuller.edu\/es\/#\/schema\/logo\/image\/","url":"https:\/\/studenthandbook.fuller.edu\/wp-content\/uploads\/2025\/04\/Fuller-Logo-Purple-square.jpg","contentUrl":"https:\/\/studenthandbook.fuller.edu\/wp-content\/uploads\/2025\/04\/Fuller-Logo-Purple-square.jpg","width":696,"height":696,"caption":"Fuller Student Handbook"},"image":{"@id":"https:\/\/studenthandbook.fuller.edu\/es\/#\/schema\/logo\/image\/"}}]}},"jetpack_sharing_enabled":true,"_links":{"self":[{"href":"https:\/\/studenthandbook.fuller.edu\/es\/wp-json\/wp\/v2\/pages\/1800","targetHints":{"allow":["GET"]}}],"collection":[{"href":"https:\/\/studenthandbook.fuller.edu\/es\/wp-json\/wp\/v2\/pages"}],"about":[{"href":"https:\/\/studenthandbook.fuller.edu\/es\/wp-json\/wp\/v2\/types\/page"}],"author":[{"embeddable":true,"href":"https:\/\/studenthandbook.fuller.edu\/es\/wp-json\/wp\/v2\/users\/1"}],"replies":[{"embeddable":true,"href":"https:\/\/studenthandbook.fuller.edu\/es\/wp-json\/wp\/v2\/comments?post=1800"}],"version-history":[{"count":0,"href":"https:\/\/studenthandbook.fuller.edu\/es\/wp-json\/wp\/v2\/pages\/1800\/revisions"}],"up":[{"embeddable":true,"href":"https:\/\/studenthandbook.fuller.edu\/es\/wp-json\/wp\/v2\/pages\/2017"}],"wp:attachment":[{"href":"https:\/\/studenthandbook.fuller.edu\/es\/wp-json\/wp\/v2\/media?parent=1800"}],"curies":[{"name":"wp","href":"https:\/\/api.w.org\/{rel}","templated":true}]}}