{"id":1797,"date":"2019-02-11T21:37:46","date_gmt":"2019-02-11T21:37:46","guid":{"rendered":"https:\/\/studenthandbook.fuller.edu\/credito-academico\/"},"modified":"2019-02-11T21:37:46","modified_gmt":"2019-02-11T21:37:46","slug":"credito-academico","status":"publish","type":"page","link":"https:\/\/studenthandbook.fuller.edu\/es\/el-manual-del-estudiante\/politicas-academicas\/credito-academico\/","title":{"rendered":"Cr\u00e9dito Acad\u00e9mico"},"content":{"rendered":"<p><span data-sheets-value=\"{&quot;1&quot;:2,&quot;2&quot;:&quot;Requisitos de Hora Crediticia. Una unidad de cr\u00e9dito se define como una designaci\u00f3n acad\u00e9mica que denota 40 horas de experiencia en el aula, preparaci\u00f3n acad\u00e9mica e investigaci\u00f3n. Una clase t\u00edpica es de 4 unidades y requiere 160 horas de trabajo. La Facultad tambi\u00e9n ha adoptado pautas para medir la cantidad de trabajo que varios tipos de asignaciones pueden esperar que representen. Quince p\u00e1ginas de lectura asignada (15-20 p\u00e1ginas en algunas clases) representan una hora. Una p\u00e1gina (250 palabras) de escritura que implique investigaci\u00f3n representa 2-3 horas; escritura de sin investigaci\u00f3n, 1-2 horas. Un examen de una hora representa 5 horas, incluyendo el tiempo de preparaci\u00f3n. Las asignaciones y el tiempo representado por ellos hacia el tiempo total esperado se proporcionan en la descripci\u00f3n del curso (ECD), disponible en el calendario de clases, y con mayor detalle en el programa del curso que se encuentra el portal del curso en Canvas.&quot;}\" data-sheets-userformat=\"{&quot;2&quot;:11137,&quot;3&quot;:{&quot;1&quot;:0},&quot;10&quot;:0,&quot;11&quot;:4,&quot;12&quot;:0,&quot;14&quot;:[null,2,3289907],&quot;16&quot;:11}\"><strong>Requisitos de Hora Crediticia<\/strong>.Una unidad de cr\u00e9dito se define como una designaci\u00f3n acad\u00e9mica que denota 40 horas de experiencia en el aula, preparaci\u00f3n acad\u00e9mica e investigaci\u00f3n. Una clase t\u00edpica es de 4 unidades y requiere 160 horas de trabajo. La Facultad tambi\u00e9n ha adoptado pautas para medir la cantidad de trabajo que varios tipos de asignaciones pueden esperar que representen. Quince p\u00e1ginas de lectura asignada (15-20 p\u00e1ginas en algunas clases) representan una hora. Una p\u00e1gina (250 palabras) de escritura que implique investigaci\u00f3n representa 2-3 horas; escritura de sin investigaci\u00f3n, 1-2 horas. Un examen de una hora representa 5 horas, incluyendo el tiempo de preparaci\u00f3n. Las asignaciones y el tiempo representado por ellos hacia el tiempo total esperado se proporcionan en la descripci\u00f3n del curso (ECD), disponible en el calendario de clases, y con mayor detalle en el programa del curso que se encuentra el portal del curso en Canvas.<\/span><\/p>\n","protected":false},"excerpt":{"rendered":"<p>Requisitos de Hora Crediticia.Una unidad de cr\u00e9dito se define como una designaci\u00f3n acad\u00e9mica que denota 40 horas de experiencia en el aula, preparaci\u00f3n acad\u00e9mica e investigaci\u00f3n. Una clase t\u00edpica es de 4 unidades y requiere 160 horas de trabajo. La Facultad tambi\u00e9n ha adoptado pautas para medir la cantidad de trabajo que varios tipos de&hellip;<\/p>\n","protected":false},"author":1,"featured_media":0,"parent":2017,"menu_order":0,"comment_status":"closed","ping_status":"closed","template":"","meta":{"footnotes":""},"class_list":["post-1797","page","type-page","status-publish","hentry"],"yoast_head":"<!-- This site is optimized with the Yoast SEO plugin v27.2 - https:\/\/yoast.com\/product\/yoast-seo-wordpress\/ -->\n<title>Cr\u00e9dito Acad\u00e9mico - Fuller Student Handbook<\/title>\n<meta name=\"robots\" content=\"index, follow, max-snippet:-1, max-image-preview:large, max-video-preview:-1\" \/>\n<link rel=\"canonical\" href=\"https:\/\/studenthandbook.fuller.edu\/es\/el-manual-del-estudiante\/politicas-academicas\/credito-academico\/\" \/>\n<meta property=\"og:locale\" content=\"es_ES\" \/>\n<meta property=\"og:type\" content=\"article\" \/>\n<meta property=\"og:title\" content=\"Cr\u00e9dito Acad\u00e9mico - Fuller Student Handbook\" \/>\n<meta property=\"og:description\" content=\"Requisitos de Hora Crediticia.Una unidad de cr\u00e9dito se define como una designaci\u00f3n acad\u00e9mica que denota 40 horas de experiencia en el aula, preparaci\u00f3n acad\u00e9mica e investigaci\u00f3n. Una clase t\u00edpica es de 4 unidades y requiere 160 horas de trabajo. La Facultad tambi\u00e9n ha adoptado pautas para medir la cantidad de trabajo que varios tipos de&hellip;\" \/>\n<meta property=\"og:url\" content=\"https:\/\/studenthandbook.fuller.edu\/es\/el-manual-del-estudiante\/politicas-academicas\/credito-academico\/\" \/>\n<meta property=\"og:site_name\" content=\"Fuller Student Handbook\" \/>\n<meta property=\"og:image\" content=\"https:\/\/studenthandbook.fuller.edu\/wp-content\/uploads\/2025\/04\/Fuller-Logo-Purple.jpg\" \/>\n\t<meta property=\"og:image:width\" content=\"1200\" \/>\n\t<meta property=\"og:image:height\" content=\"675\" \/>\n\t<meta property=\"og:image:type\" content=\"image\/jpeg\" \/>\n<meta name=\"twitter:card\" content=\"summary_large_image\" \/>\n<meta name=\"twitter:label1\" content=\"Tiempo de lectura\" \/>\n\t<meta name=\"twitter:data1\" content=\"1 minuto\" \/>\n<script type=\"application\/ld+json\" class=\"yoast-schema-graph\">{\"@context\":\"https:\/\/schema.org\",\"@graph\":[{\"@type\":\"WebPage\",\"@id\":\"https:\/\/studenthandbook.fuller.edu\/es\/el-manual-del-estudiante\/politicas-academicas\/credito-academico\/\",\"url\":\"https:\/\/studenthandbook.fuller.edu\/es\/el-manual-del-estudiante\/politicas-academicas\/credito-academico\/\",\"name\":\"Cr\u00e9dito Acad\u00e9mico - Fuller Student Handbook\",\"isPartOf\":{\"@id\":\"https:\/\/studenthandbook.fuller.edu\/es\/#website\"},\"datePublished\":\"2019-02-11T21:37:46+00:00\",\"breadcrumb\":{\"@id\":\"https:\/\/studenthandbook.fuller.edu\/es\/el-manual-del-estudiante\/politicas-academicas\/credito-academico\/#breadcrumb\"},\"inLanguage\":\"es\",\"potentialAction\":[{\"@type\":\"ReadAction\",\"target\":[\"https:\/\/studenthandbook.fuller.edu\/es\/el-manual-del-estudiante\/politicas-academicas\/credito-academico\/\"]}]},{\"@type\":\"BreadcrumbList\",\"@id\":\"https:\/\/studenthandbook.fuller.edu\/es\/el-manual-del-estudiante\/politicas-academicas\/credito-academico\/#breadcrumb\",\"itemListElement\":[{\"@type\":\"ListItem\",\"position\":1,\"name\":\"Home\",\"item\":\"https:\/\/studenthandbook.fuller.edu\/es\/el-manual-del-estudiante\/\"},{\"@type\":\"ListItem\",\"position\":2,\"name\":\"El Manual del Estudiante\",\"item\":\"https:\/\/studenthandbook.fuller.edu\/es\/el-manual-del-estudiante\/\"},{\"@type\":\"ListItem\",\"position\":3,\"name\":\"Pol\u00edticas Acad\u00e9micas\",\"item\":\"https:\/\/studenthandbook.fuller.edu\/es\/el-manual-del-estudiante\/politicas-academicas\/\"},{\"@type\":\"ListItem\",\"position\":4,\"name\":\"Cr\u00e9dito Acad\u00e9mico\"}]},{\"@type\":\"WebSite\",\"@id\":\"https:\/\/studenthandbook.fuller.edu\/es\/#website\",\"url\":\"https:\/\/studenthandbook.fuller.edu\/es\/\",\"name\":\"Fuller Student Handbook\",\"description\":\"\",\"publisher\":{\"@id\":\"https:\/\/studenthandbook.fuller.edu\/es\/#organization\"},\"potentialAction\":[{\"@type\":\"SearchAction\",\"target\":{\"@type\":\"EntryPoint\",\"urlTemplate\":\"https:\/\/studenthandbook.fuller.edu\/es\/?s={search_term_string}\"},\"query-input\":{\"@type\":\"PropertyValueSpecification\",\"valueRequired\":true,\"valueName\":\"search_term_string\"}}],\"inLanguage\":\"es\"},{\"@type\":\"Organization\",\"@id\":\"https:\/\/studenthandbook.fuller.edu\/es\/#organization\",\"name\":\"Fuller Student Handbook\",\"url\":\"https:\/\/studenthandbook.fuller.edu\/es\/\",\"logo\":{\"@type\":\"ImageObject\",\"inLanguage\":\"es\",\"@id\":\"https:\/\/studenthandbook.fuller.edu\/es\/#\/schema\/logo\/image\/\",\"url\":\"https:\/\/studenthandbook.fuller.edu\/wp-content\/uploads\/2025\/04\/Fuller-Logo-Purple-square.jpg\",\"contentUrl\":\"https:\/\/studenthandbook.fuller.edu\/wp-content\/uploads\/2025\/04\/Fuller-Logo-Purple-square.jpg\",\"width\":696,\"height\":696,\"caption\":\"Fuller Student Handbook\"},\"image\":{\"@id\":\"https:\/\/studenthandbook.fuller.edu\/es\/#\/schema\/logo\/image\/\"}}]}<\/script>\n<!-- \/ Yoast SEO plugin. -->","yoast_head_json":{"title":"Cr\u00e9dito Acad\u00e9mico - Fuller Student Handbook","robots":{"index":"index","follow":"follow","max-snippet":"max-snippet:-1","max-image-preview":"max-image-preview:large","max-video-preview":"max-video-preview:-1"},"canonical":"https:\/\/studenthandbook.fuller.edu\/es\/el-manual-del-estudiante\/politicas-academicas\/credito-academico\/","og_locale":"es_ES","og_type":"article","og_title":"Cr\u00e9dito Acad\u00e9mico - Fuller Student Handbook","og_description":"Requisitos de Hora Crediticia.Una unidad de cr\u00e9dito se define como una designaci\u00f3n acad\u00e9mica que denota 40 horas de experiencia en el aula, preparaci\u00f3n acad\u00e9mica e investigaci\u00f3n. Una clase t\u00edpica es de 4 unidades y requiere 160 horas de trabajo. La Facultad tambi\u00e9n ha adoptado pautas para medir la cantidad de trabajo que varios tipos de&hellip;","og_url":"https:\/\/studenthandbook.fuller.edu\/es\/el-manual-del-estudiante\/politicas-academicas\/credito-academico\/","og_site_name":"Fuller Student Handbook","og_image":[{"width":1200,"height":675,"url":"https:\/\/studenthandbook.fuller.edu\/wp-content\/uploads\/2025\/04\/Fuller-Logo-Purple.jpg","type":"image\/jpeg"}],"twitter_card":"summary_large_image","twitter_misc":{"Tiempo de lectura":"1 minuto"},"schema":{"@context":"https:\/\/schema.org","@graph":[{"@type":"WebPage","@id":"https:\/\/studenthandbook.fuller.edu\/es\/el-manual-del-estudiante\/politicas-academicas\/credito-academico\/","url":"https:\/\/studenthandbook.fuller.edu\/es\/el-manual-del-estudiante\/politicas-academicas\/credito-academico\/","name":"Cr\u00e9dito Acad\u00e9mico - Fuller Student Handbook","isPartOf":{"@id":"https:\/\/studenthandbook.fuller.edu\/es\/#website"},"datePublished":"2019-02-11T21:37:46+00:00","breadcrumb":{"@id":"https:\/\/studenthandbook.fuller.edu\/es\/el-manual-del-estudiante\/politicas-academicas\/credito-academico\/#breadcrumb"},"inLanguage":"es","potentialAction":[{"@type":"ReadAction","target":["https:\/\/studenthandbook.fuller.edu\/es\/el-manual-del-estudiante\/politicas-academicas\/credito-academico\/"]}]},{"@type":"BreadcrumbList","@id":"https:\/\/studenthandbook.fuller.edu\/es\/el-manual-del-estudiante\/politicas-academicas\/credito-academico\/#breadcrumb","itemListElement":[{"@type":"ListItem","position":1,"name":"Home","item":"https:\/\/studenthandbook.fuller.edu\/es\/el-manual-del-estudiante\/"},{"@type":"ListItem","position":2,"name":"El Manual del Estudiante","item":"https:\/\/studenthandbook.fuller.edu\/es\/el-manual-del-estudiante\/"},{"@type":"ListItem","position":3,"name":"Pol\u00edticas Acad\u00e9micas","item":"https:\/\/studenthandbook.fuller.edu\/es\/el-manual-del-estudiante\/politicas-academicas\/"},{"@type":"ListItem","position":4,"name":"Cr\u00e9dito Acad\u00e9mico"}]},{"@type":"WebSite","@id":"https:\/\/studenthandbook.fuller.edu\/es\/#website","url":"https:\/\/studenthandbook.fuller.edu\/es\/","name":"Fuller Student Handbook","description":"","publisher":{"@id":"https:\/\/studenthandbook.fuller.edu\/es\/#organization"},"potentialAction":[{"@type":"SearchAction","target":{"@type":"EntryPoint","urlTemplate":"https:\/\/studenthandbook.fuller.edu\/es\/?s={search_term_string}"},"query-input":{"@type":"PropertyValueSpecification","valueRequired":true,"valueName":"search_term_string"}}],"inLanguage":"es"},{"@type":"Organization","@id":"https:\/\/studenthandbook.fuller.edu\/es\/#organization","name":"Fuller Student Handbook","url":"https:\/\/studenthandbook.fuller.edu\/es\/","logo":{"@type":"ImageObject","inLanguage":"es","@id":"https:\/\/studenthandbook.fuller.edu\/es\/#\/schema\/logo\/image\/","url":"https:\/\/studenthandbook.fuller.edu\/wp-content\/uploads\/2025\/04\/Fuller-Logo-Purple-square.jpg","contentUrl":"https:\/\/studenthandbook.fuller.edu\/wp-content\/uploads\/2025\/04\/Fuller-Logo-Purple-square.jpg","width":696,"height":696,"caption":"Fuller Student Handbook"},"image":{"@id":"https:\/\/studenthandbook.fuller.edu\/es\/#\/schema\/logo\/image\/"}}]}},"jetpack_sharing_enabled":true,"_links":{"self":[{"href":"https:\/\/studenthandbook.fuller.edu\/es\/wp-json\/wp\/v2\/pages\/1797","targetHints":{"allow":["GET"]}}],"collection":[{"href":"https:\/\/studenthandbook.fuller.edu\/es\/wp-json\/wp\/v2\/pages"}],"about":[{"href":"https:\/\/studenthandbook.fuller.edu\/es\/wp-json\/wp\/v2\/types\/page"}],"author":[{"embeddable":true,"href":"https:\/\/studenthandbook.fuller.edu\/es\/wp-json\/wp\/v2\/users\/1"}],"replies":[{"embeddable":true,"href":"https:\/\/studenthandbook.fuller.edu\/es\/wp-json\/wp\/v2\/comments?post=1797"}],"version-history":[{"count":0,"href":"https:\/\/studenthandbook.fuller.edu\/es\/wp-json\/wp\/v2\/pages\/1797\/revisions"}],"up":[{"embeddable":true,"href":"https:\/\/studenthandbook.fuller.edu\/es\/wp-json\/wp\/v2\/pages\/2017"}],"wp:attachment":[{"href":"https:\/\/studenthandbook.fuller.edu\/es\/wp-json\/wp\/v2\/media?parent=1797"}],"curies":[{"name":"wp","href":"https:\/\/api.w.org\/{rel}","templated":true}]}}